{"id":2298,"date":"2020-08-16T17:29:20","date_gmt":"2020-08-16T17:29:20","guid":{"rendered":"https:\/\/f-integral.org\/proyectos-2\/"},"modified":"2020-08-18T14:19:08","modified_gmt":"2020-08-18T14:19:08","slug":"proyectos-2","status":"publish","type":"page","link":"https:\/\/f-integral.org\/es\/proyectos-2\/","title":{"rendered":"Proyectos"},"content":{"rendered":"\n<h5><span style=\"color: #000080;\"><strong>El conocimiento como un camino hacia el progreso<\/strong><\/span><\/h5>\n<p>INTEGRAL tiene participaci\u00f3n activa en la implementaci\u00f3n y en el desarrollo de proyectos, que se clasifican en dos grandes grupos:<\/p>\n<ul>\n<li>Proyectos relacionados con el comercio, con financiamiento de fondos de la cooperaci\u00f3n internacional<\/li>\n<li>Proyectos para los cuales se est\u00e1 buscando financiamiento<\/li>\n<\/ul>\n<div class=\"abt-right-side-same\">\n<div class=\"left-one\"><img loading=\"lazy\" decoding=\"async\" class=\"alignnone size-full wp-image-472\" src=\"http:\/\/f-integral.org\/wp-content\/uploads\/2016\/11\/20120416070705.jpg\" alt=\"20120416070705\" width=\"150\" height=\"98\" \/><\/div>\n<div class=\"left-one\"><img loading=\"lazy\" decoding=\"async\" class=\"alignnone size-full wp-image-473\" src=\"http:\/\/f-integral.org\/wp-content\/uploads\/2016\/11\/20120416070714.jpg\" alt=\"20120416070714\" width=\"150\" height=\"112\" \/><\/div>\n<div class=\"left-one\"><img loading=\"lazy\" decoding=\"async\" class=\"alignnone size-full wp-image-475\" src=\"http:\/\/f-integral.org\/wp-content\/uploads\/2016\/11\/20120416070722.jpg\" alt=\"20120416070722\" width=\"150\" height=\"99\" \/><\/div>\n<\/div>\n<p><a title=\"Integral HOME\" href=\"http:\/\/f-integral.org\/\" target=\"_blank\" rel=\"noopener noreferrer\"><strong>f-integral.org<\/strong><\/a><\/p>\n<h4><strong><span style=\"color: #000080;\">PROYECTOS DE COOPERACI\u00d3N INTERNACIONAL<\/span><\/strong><\/h4>\n<h5><span style=\"color: #000080;\"><strong>Proyectos relacionados con el comercio, financiados por fondos de cooperaci\u00f3n internacional<\/strong><\/span><\/h5>\n<p>&#8211; <strong>EuropeAid Contrato Marco 127054\/C\/multi<\/strong>, para Am\u00e9rica Latina, <strong>Lote 10<\/strong>: Comercio, Est\u00e1ndares y Sector Privado y <strong>Lote 11<\/strong>: Macroeconom\u00eda, Estad\u00edsticas y Finanzas P\u00fablicas. INTEGRAL, a trav\u00e9s de un Memorando de Entendimiento institucional con <a href=\"http:\/\/equinoccio.eu\/en\/\" target=\"_blank\" rel=\"noopener noreferrer\"><strong>EQUINOCCIO<\/strong><\/a>, particip\u00f3 en doce \u00e1reas t\u00e9cnicas en el proceso de licitaci\u00f3n, que fue adjudicado.<\/p>\n<p>INTEGRAL fue convocado para participar en los siguientes lotes:<\/p>\n<ul>\n<li><strong>Lote 10<\/strong>, que incluye temas tales como desarrollo de Pol\u00edtica comercial y reforma, Apoyo a las negociaciones comerciales, Integraci\u00f3n econ\u00f3mica regional; Evaluaci\u00f3n de la conformidad cubriendo temas Sanitarios y Fitosanitarios y Obst\u00e1culos T\u00e9cnicos al Comercio, Propiedad Intelectual, Comercio en Servicios, Pol\u00edtica de Competencia, Promoci\u00f3n del comercio y an\u00e1lisis de mercado y estrategia de desarrollo. Pol\u00edtica de desarrollo del sector privado y reforma, pol\u00edtica de desarrollo de PYMEs, Promoci\u00f3n de inversiones, Apoyo a Peque\u00f1as y Medianas Empresas, banca comercial, temas de governanza corporativa, Apoyo profesional\/comercial\/de asesoramiento.<\/li>\n<li><strong>Lote 11<\/strong>, que incluye An\u00e1lisis macroecon\u00f3mico, temas de Deuda, Crecimiento econ\u00f3mico, An\u00e1lisis de pobreza, Sistemas estad\u00edsticos nacionales, Medici\u00f3n de desempe\u00f1o y monitoreo. Evaluaci\u00f3n, diagn\u00f3stico y reforma de la gesti\u00f3n financiera p\u00fablica, incluyendo el marco PEFA, Auditor\u00eda, Ingresos, Presupuestaci\u00f3n, Contrataci\u00f3n p\u00fablica y Sistema de contabilidad del sector p\u00fablico.<\/li>\n<\/ul>\n<p>&#8211; <strong>Asistencia T\u00e9cnica al Comercio Exterior en Colombia<\/strong>, ALA\/2007\/019-005, en el cual INTEGRAL cooper\u00f3 con <a href=\"http:\/\/equinoccio.eu\/en\/\" target=\"_blank\" rel=\"noopener noreferrer\"><strong>EQUINOCCIO<\/strong><\/a> y <a href=\"https:\/\/www.gfa-group.de\/index.html\" target=\"_blank\" rel=\"noopener noreferrer\"><strong>GFA<\/strong><\/a>\u00a0en el proyecto destinado a proporcionar servicios de asistencia t\u00e9cnica para mejorar los mecanismos para tratar las barreras no arancelarias que enfrentan las exportaciones colombianas y para mejorar la capacidad de negociaci\u00f3n en relaci\u00f3n con las inversiones y los avances t\u00e9cnicos en condiciones competitivas a trav\u00e9s de la creaci\u00f3n de instituciones, el est\u00edmulo a la inversi\u00f3n productiva, la mejora en la calidad, la eliminaci\u00f3n de los obst\u00e1culos t\u00e9cnicos al comercio, y el respeto a la propiedad intelectual y las normas de competencia y los temas relacionados.<\/p>\n<p>&#8211; <strong>Evaluaci\u00f3n de la implementaci\u00f3n del Acuerdo de Libre Comercio M\u00e9xico-UE y su posible modernizaci\u00f3n.<\/strong> INTEGRAL particip\u00f3 con <strong><a href=\"http:\/\/www.ecorys.com\" target=\"_blank\" rel=\"noopener noreferrer\">Ecorys Nederland BV<\/a><\/strong> en el contrato para la realizaci\u00f3n de una <a href=\"https:\/\/www.fta-evaluation.com\/mexico\/\" target=\"_blank\" rel=\"noopener noreferrer\">evaluaci\u00f3n de la implementaci\u00f3n del ACL M\u00e9xico-UE y su posible modernizaci\u00f3n<\/a>. El estudio se implement\u00f3 en el per\u00edodo 2014-2015 y se concluy\u00f3 a principios de 2016. Toda la informaci\u00f3n relevante en relaci\u00f3n con este proyecto puede ser consultada en este <a href=\"https:\/\/f-integral.org\/wp-content\/uploads\/EU-Mexico\/EU-Mexico.html\" target=\"_blank\" rel=\"noopener noreferrer\"><strong>sitio Web<\/strong><\/a>.<\/p>\n<h4><span style=\"color: #000080;\"><strong>PROYECTOS PARA LOS QUE SE EST\u00c1 RECAUDANDO FONDOS<\/strong><\/span><\/h4>\n<h5><span style=\"color: #000080;\"><strong>PROYECTOS DE INVESTIGACI\u00d3N RELACIONADOS CON POL\u00cdTICA COMERCIAL<\/strong><\/span><\/h5>\n<ul>\n<li><strong>Proyecto IPRLACC:<\/strong> bajo la responsabilidad del Grupo de Trabajo sobre Comercio y Derechos de Propiedad Intelectual, como continuaci\u00f3n del Proyecto DPI-Comercio-LAC y dentro del Programa de Creaci\u00f3n de Capacidades de Comercio y Propiedad Intelectual. El IPRLACC \u2013 Derechos de Propiedad Intelectual y Pol\u00edticas de Salud en Am\u00e9rica Latina y el Caribe \u2013 tiene por objeto investigar la interrelaci\u00f3n entre las legislaciones nacionales sobre derechos de propiedad intelectual y los requisitos sanitarios regulatorios para el sector farmac\u00e9utico en pa\u00edses seleccionados de Am\u00e9rica Latina y el Caribe, con el prop\u00f3sito de identificar los principales focos de conflicto en las legislaciones nacionales y formular recomendaciones de pol\u00edtica p\u00fablica que deber\u00edan desarrollarse para hacerles frente.<\/li>\n<li><strong>Buenas Pr\u00e1cticas en la Formulaci\u00f3n de Pol\u00edtica Comercial:<\/strong> El proyecto consiste en producir un an\u00e1lisis comparativo de la pol\u00edtica comercial de varios pa\u00edses de Am\u00e9rica Latina y el Caribe e identificar los factores institucionales e instrumentales asociados con su eficiencia y desempe\u00f1o y desarrollar un \u201cdec\u00e1logo\u201d de buenas pr\u00e1cticas en la formulaci\u00f3n de pol\u00edticas comerciales. Se espera revelar las razones por las cuales el mismo modelo funciona diferentemente en cada uno de los pa\u00edses teniendo en consideraci\u00f3n todos los factores implicados en cada caso y recomendando acciones para alcanzar un mejor desempe\u00f1o.<\/li>\n<\/ul>\n<h5><span style=\"color: #000080;\"><strong>PROYECTOS DE DESARROLLO ECON\u00d3MICO E INCLUSI\u00d3N SOCIAL<\/strong><\/span><\/h5>\n<ul>\n<li><strong>Programa ACOIS<\/strong> (An\u00e1lisis y Creaci\u00f3n de Oportunidades para la Inclusi\u00f3n Social de Poblaciones Vulnerables en Pa\u00edses en Desarrollo): los mecanismos de protecci\u00f3n en los pa\u00edses en desarrollo (PED) no est\u00e1n funcionando adecuadamente tomando en cuenta la mejora lograda en sus indicadores de crecimiento econ\u00f3mico. Un indicador persistentemente desfavorable es la existencia de grandes segmentos de poblaci\u00f3n vulnerable, incluyendo ni\u00f1os y adolescentes. Cuando existen altos niveles de marginalizaci\u00f3n y pobreza, las malas condiciones socioecon\u00f3micas est\u00e1n asociadas frecuentemente a la aparici\u00f3n de comportamiento criminal. El Programa ACOIS tiene como objetivo el dise\u00f1o e implementaci\u00f3n de redes institucionales de protecci\u00f3n social para los segmentos vulnerables de poblaci\u00f3n de los pa\u00edses en desarrollo (PED), de manera de posibilitar su acceso al mercado laboral y su inserci\u00f3n\/reinserci\u00f3n en la comunidad, creando un efecto derrame que favorezca el desempe\u00f1o local del programa. Se basa en la necesidad de promover el progreso social mediante la promoci\u00f3n del uso eficiente de los recursos para beneficiar directamente a los grupos m\u00e1s vulnerables, mujeres y ni\u00f1os marginalizados proveyendo alternativas de vida que los proteja del crimen y la violencia. El programa se basa en la premisa de que las pol\u00edticas p\u00fablicas orientadas a remediar esta situaci\u00f3n deber\u00edan incorporar un diagn\u00f3stico correcto del ambiente social e institucional, de manera de identificar y cuantificar el n\u00facleo del problema, pero tambi\u00e9n asegurar la existencia de capacidad institucional para dise\u00f1ar e implementar las soluciones m\u00e1s apropiadas. El programa brindar\u00e1 un marco que permitir\u00e1 promover acciones orientadas a prevenir riesgos espec\u00edficos en los pa\u00edses en desarrollo, como ser el riesgo de prostituci\u00f3n y explotaci\u00f3n sexual; riesgo alimentario, riesgo de violencia familiar, riesgos sanitarios \u2013 identific\u00e1ndolos y eliminando progresivamente las situaciones de riesgo a trav\u00e9s del desarrollo de mecanismos institucionales adecuados y acciones de los sectores p\u00fablico y privado, con un resultado que favorecer\u00e1 el bienestar social.<\/li>\n<\/ul>\n<h4><span style=\"color: #000080;\"><strong>EMPODERAMIENTO DE MINOR\u00cdAS Y POBLACIONES MARGINADAS\u00a0EN EL SUR DEL ESTADO DE LA FLORIDA (EEUU)<\/strong><\/span><\/h4>\n<ul>\n<li><strong>Programa NUCLEO <\/strong>\u2013 Negotiating Skills for Underserved Communities, Learning Empowerment and Ownership, seg\u00fan su denominaci\u00f3n en Ingl\u00e9s \u2013, busca entrenar la poblaci\u00f3n de j\u00f3venes y j\u00f3venes adultos del Sur de la Florida de manera cultural y competente. El objetivo principal es ofrecer una base de habilidades de negociaci\u00f3n y conocimientos que se puedan aplicar a las diversas actividades profesionales, as\u00ed como en las luchas diarias que debe enfrentar la poblaci\u00f3n objetivo. Creemos que la capacidad de negociar bien y llegar a acuerdos con beneficios mutuos es una habilidad importante que muy pocos poseen naturalmente, pero que puede ser aprendida con la pr\u00e1ctica.<\/li>\n<li><strong>Programa ADELANTE<\/strong> \u2013 Advancing Diverse Entrepreneurial Leadership though Acquisition of Negotiation Techniques, seg\u00fan su denominaci\u00f3n en Ingl\u00e9s \u2013, que busca brindar a las minor\u00edas, sea que ya poseen un peque\u00f1o negocio o desean instalar su propio peque\u00f1o negocio o est\u00e1n interesados en convertirse en emprendedores, la posibilidad de &#8211; mediante asistencia t\u00e9cnica, llevar su negocio al siguiente nivel, con \u00e9nfasis en importaci\u00f3n y exportaci\u00f3n. El programa desarrollar\u00e1 liderazgo y favorecer\u00e1 acceso econ\u00f3mico conectando a los individuos de la poblaci\u00f3n carente de servicios de asesoramiento con las oportunidades, de manera de que puedan competir m\u00e1s efectivamente en el mercado global.<\/li>\n<\/ul>\n<p><strong>Informaci\u00f3n adicional puede ser solicitada a nuestro <a href=\"mailto:tcb_projects@f-integral.org\">Departamento de Proyectos<\/a><\/strong><\/p>\n<p><a href=\"https:\/\/f-integral.org\/es\/publications-and-researches\/\" target=\"_blank\" rel=\"noopener noreferrer\"><strong>Leer m\u00e1s&#8230;<\/strong><\/a><\/p>\n","protected":false},"excerpt":{"rendered":"<p>El conocimiento como un camino hacia el progreso INTEGRAL tiene participaci\u00f3n activa en la implementaci\u00f3n y en el desarrollo de proyectos, que se clasifican en dos grandes grupos: Proyectos relacionados con el comercio, con financiamiento de fondos de la cooperaci\u00f3n internacional Proyectos para los cuales se est\u00e1 buscando financiamiento f-integral.org &hellip;<\/p>\n","protected":false},"author":31,"featured_media":0,"parent":0,"menu_order":0,"comment_status":"closed","ping_status":"closed","template":"","meta":{"footnotes":""},"class_list":["post-2298","page","type-page","status-publish","hentry"],"yoast_head":"<!-- This site is optimized with the Yoast SEO plugin v27.2 - https:\/\/yoast.com\/product\/yoast-seo-wordpress\/ -->\n<title>Proyectos - Center of Studies onEconomic Integration and International Trade<\/title>\n<meta name=\"robots\" content=\"index, follow, max-snippet:-1, max-image-preview:large, max-video-preview:-1\" \/>\n<link rel=\"canonical\" href=\"https:\/\/f-integral.org\/es\/proyectos-2\/\" \/>\n<meta property=\"og:locale\" content=\"es_ES\" \/>\n<meta property=\"og:type\" content=\"article\" \/>\n<meta property=\"og:title\" content=\"Proyectos - Center of Studies onEconomic Integration and International Trade\" \/>\n<meta property=\"og:description\" content=\"El conocimiento como un camino hacia el progreso INTEGRAL tiene participaci\u00f3n activa en la implementaci\u00f3n y en el desarrollo de proyectos, que se clasifican en dos grandes grupos: Proyectos relacionados con el comercio, con financiamiento de fondos de la cooperaci\u00f3n internacional Proyectos para los cuales se est\u00e1 buscando financiamiento f-integral.org &hellip;\" \/>\n<meta property=\"og:url\" content=\"https:\/\/f-integral.org\/es\/proyectos-2\/\" \/>\n<meta property=\"og:site_name\" content=\"Center of Studies onEconomic Integration and International Trade\" \/>\n<meta property=\"article:publisher\" content=\"https:\/\/www.facebook.com\/fInteg\" \/>\n<meta property=\"article:modified_time\" content=\"2020-08-18T14:19:08+00:00\" \/>\n<meta property=\"og:image\" content=\"http:\/\/f-integral.org\/wp-content\/uploads\/2016\/11\/20120416070705.jpg\" \/>\n<meta name=\"twitter:card\" content=\"summary_large_image\" \/>\n<meta name=\"twitter:site\" content=\"@Integral2013\" \/>\n<meta name=\"twitter:label1\" content=\"Tiempo de lectura\" \/>\n\t<meta name=\"twitter:data1\" content=\"7 minutos\" \/>\n<script type=\"application\/ld+json\" class=\"yoast-schema-graph\">{\"@context\":\"https:\/\/schema.org\",\"@graph\":[{\"@type\":\"WebPage\",\"@id\":\"https:\/\/f-integral.org\/es\/proyectos-2\/\",\"url\":\"https:\/\/f-integral.org\/es\/proyectos-2\/\",\"name\":\"Proyectos - Center of Studies onEconomic Integration and International Trade\",\"isPartOf\":{\"@id\":\"https:\/\/f-integral.org\/#website\"},\"primaryImageOfPage\":{\"@id\":\"https:\/\/f-integral.org\/es\/proyectos-2\/#primaryimage\"},\"image\":{\"@id\":\"https:\/\/f-integral.org\/es\/proyectos-2\/#primaryimage\"},\"thumbnailUrl\":\"http:\/\/f-integral.org\/wp-content\/uploads\/2016\/11\/20120416070705.jpg\",\"datePublished\":\"2020-08-16T17:29:20+00:00\",\"dateModified\":\"2020-08-18T14:19:08+00:00\",\"breadcrumb\":{\"@id\":\"https:\/\/f-integral.org\/es\/proyectos-2\/#breadcrumb\"},\"inLanguage\":\"es\",\"potentialAction\":[{\"@type\":\"ReadAction\",\"target\":[\"https:\/\/f-integral.org\/es\/proyectos-2\/\"]}]},{\"@type\":\"ImageObject\",\"inLanguage\":\"es\",\"@id\":\"https:\/\/f-integral.org\/es\/proyectos-2\/#primaryimage\",\"url\":\"http:\/\/f-integral.org\/wp-content\/uploads\/2016\/11\/20120416070705.jpg\",\"contentUrl\":\"http:\/\/f-integral.org\/wp-content\/uploads\/2016\/11\/20120416070705.jpg\"},{\"@type\":\"BreadcrumbList\",\"@id\":\"https:\/\/f-integral.org\/es\/proyectos-2\/#breadcrumb\",\"itemListElement\":[{\"@type\":\"ListItem\",\"position\":1,\"name\":\"Home\",\"item\":\"https:\/\/f-integral.org\/es\/\"},{\"@type\":\"ListItem\",\"position\":2,\"name\":\"Proyectos\"}]},{\"@type\":\"WebSite\",\"@id\":\"https:\/\/f-integral.org\/#website\",\"url\":\"https:\/\/f-integral.org\/\",\"name\":\"Center of Studies onEconomic Integration and International Trade\",\"description\":\"INTEGRAL Site\",\"publisher\":{\"@id\":\"https:\/\/f-integral.org\/#organization\"},\"potentialAction\":[{\"@type\":\"SearchAction\",\"target\":{\"@type\":\"EntryPoint\",\"urlTemplate\":\"https:\/\/f-integral.org\/?s={search_term_string}\"},\"query-input\":{\"@type\":\"PropertyValueSpecification\",\"valueRequired\":true,\"valueName\":\"search_term_string\"}}],\"inLanguage\":\"es\"},{\"@type\":\"Organization\",\"@id\":\"https:\/\/f-integral.org\/#organization\",\"name\":\"Center of Studies on Economic Integration and International Trade\",\"url\":\"https:\/\/f-integral.org\/\",\"logo\":{\"@type\":\"ImageObject\",\"inLanguage\":\"es\",\"@id\":\"https:\/\/f-integral.org\/#\/schema\/logo\/image\/\",\"url\":\"https:\/\/f-integral.org\/wp-content\/uploads\/2017\/05\/Integral_Favicon.jpg\",\"contentUrl\":\"https:\/\/f-integral.org\/wp-content\/uploads\/2017\/05\/Integral_Favicon.jpg\",\"width\":512,\"height\":512,\"caption\":\"Center of Studies on Economic Integration and International Trade\"},\"image\":{\"@id\":\"https:\/\/f-integral.org\/#\/schema\/logo\/image\/\"},\"sameAs\":[\"https:\/\/www.facebook.com\/fInteg\",\"https:\/\/x.com\/Integral2013\",\"https:\/\/twitter.com\/Integral2013\"]}]}<\/script>\n<!-- \/ Yoast SEO plugin. -->","yoast_head_json":{"title":"Proyectos - Center of Studies onEconomic Integration and International Trade","robots":{"index":"index","follow":"follow","max-snippet":"max-snippet:-1","max-image-preview":"max-image-preview:large","max-video-preview":"max-video-preview:-1"},"canonical":"https:\/\/f-integral.org\/es\/proyectos-2\/","og_locale":"es_ES","og_type":"article","og_title":"Proyectos - Center of Studies onEconomic Integration and International Trade","og_description":"El conocimiento como un camino hacia el progreso INTEGRAL tiene participaci\u00f3n activa en la implementaci\u00f3n y en el desarrollo de proyectos, que se clasifican en dos grandes grupos: Proyectos relacionados con el comercio, con financiamiento de fondos de la cooperaci\u00f3n internacional Proyectos para los cuales se est\u00e1 buscando financiamiento f-integral.org &hellip;","og_url":"https:\/\/f-integral.org\/es\/proyectos-2\/","og_site_name":"Center of Studies onEconomic Integration and International Trade","article_publisher":"https:\/\/www.facebook.com\/fInteg","article_modified_time":"2020-08-18T14:19:08+00:00","og_image":[{"url":"http:\/\/f-integral.org\/wp-content\/uploads\/2016\/11\/20120416070705.jpg","type":"","width":"","height":""}],"twitter_card":"summary_large_image","twitter_site":"@Integral2013","twitter_misc":{"Tiempo de lectura":"7 minutos"},"schema":{"@context":"https:\/\/schema.org","@graph":[{"@type":"WebPage","@id":"https:\/\/f-integral.org\/es\/proyectos-2\/","url":"https:\/\/f-integral.org\/es\/proyectos-2\/","name":"Proyectos - Center of Studies onEconomic Integration and International Trade","isPartOf":{"@id":"https:\/\/f-integral.org\/#website"},"primaryImageOfPage":{"@id":"https:\/\/f-integral.org\/es\/proyectos-2\/#primaryimage"},"image":{"@id":"https:\/\/f-integral.org\/es\/proyectos-2\/#primaryimage"},"thumbnailUrl":"http:\/\/f-integral.org\/wp-content\/uploads\/2016\/11\/20120416070705.jpg","datePublished":"2020-08-16T17:29:20+00:00","dateModified":"2020-08-18T14:19:08+00:00","breadcrumb":{"@id":"https:\/\/f-integral.org\/es\/proyectos-2\/#breadcrumb"},"inLanguage":"es","potentialAction":[{"@type":"ReadAction","target":["https:\/\/f-integral.org\/es\/proyectos-2\/"]}]},{"@type":"ImageObject","inLanguage":"es","@id":"https:\/\/f-integral.org\/es\/proyectos-2\/#primaryimage","url":"http:\/\/f-integral.org\/wp-content\/uploads\/2016\/11\/20120416070705.jpg","contentUrl":"http:\/\/f-integral.org\/wp-content\/uploads\/2016\/11\/20120416070705.jpg"},{"@type":"BreadcrumbList","@id":"https:\/\/f-integral.org\/es\/proyectos-2\/#breadcrumb","itemListElement":[{"@type":"ListItem","position":1,"name":"Home","item":"https:\/\/f-integral.org\/es\/"},{"@type":"ListItem","position":2,"name":"Proyectos"}]},{"@type":"WebSite","@id":"https:\/\/f-integral.org\/#website","url":"https:\/\/f-integral.org\/","name":"Center of Studies onEconomic Integration and International Trade","description":"INTEGRAL Site","publisher":{"@id":"https:\/\/f-integral.org\/#organization"},"potentialAction":[{"@type":"SearchAction","target":{"@type":"EntryPoint","urlTemplate":"https:\/\/f-integral.org\/?s={search_term_string}"},"query-input":{"@type":"PropertyValueSpecification","valueRequired":true,"valueName":"search_term_string"}}],"inLanguage":"es"},{"@type":"Organization","@id":"https:\/\/f-integral.org\/#organization","name":"Center of Studies on Economic Integration and International Trade","url":"https:\/\/f-integral.org\/","logo":{"@type":"ImageObject","inLanguage":"es","@id":"https:\/\/f-integral.org\/#\/schema\/logo\/image\/","url":"https:\/\/f-integral.org\/wp-content\/uploads\/2017\/05\/Integral_Favicon.jpg","contentUrl":"https:\/\/f-integral.org\/wp-content\/uploads\/2017\/05\/Integral_Favicon.jpg","width":512,"height":512,"caption":"Center of Studies on Economic Integration and International Trade"},"image":{"@id":"https:\/\/f-integral.org\/#\/schema\/logo\/image\/"},"sameAs":["https:\/\/www.facebook.com\/fInteg","https:\/\/x.com\/Integral2013","https:\/\/twitter.com\/Integral2013"]}]}},"_links":{"self":[{"href":"https:\/\/f-integral.org\/es\/wp-json\/wp\/v2\/pages\/2298","targetHints":{"allow":["GET"]}}],"collection":[{"href":"https:\/\/f-integral.org\/es\/wp-json\/wp\/v2\/pages"}],"about":[{"href":"https:\/\/f-integral.org\/es\/wp-json\/wp\/v2\/types\/page"}],"author":[{"embeddable":true,"href":"https:\/\/f-integral.org\/es\/wp-json\/wp\/v2\/users\/31"}],"replies":[{"embeddable":true,"href":"https:\/\/f-integral.org\/es\/wp-json\/wp\/v2\/comments?post=2298"}],"version-history":[{"count":0,"href":"https:\/\/f-integral.org\/es\/wp-json\/wp\/v2\/pages\/2298\/revisions"}],"wp:attachment":[{"href":"https:\/\/f-integral.org\/es\/wp-json\/wp\/v2\/media?parent=2298"}],"curies":[{"name":"wp","href":"https:\/\/api.w.org\/{rel}","templated":true}]}}