{"id":571,"date":"2016-11-19T07:50:20","date_gmt":"2016-11-19T07:50:20","guid":{"rendered":"http:\/\/f-integral.org\/agreements-and-strategic-alliances\/"},"modified":"2018-02-25T19:39:31","modified_gmt":"2018-02-25T19:39:31","slug":"convenios-y-alianzas-estrategicas","status":"publish","type":"page","link":"https:\/\/f-integral.org\/es\/convenios-y-alianzas-estrategicas\/","title":{"rendered":"Convenios y Alianzas estrat\u00e9gicas"},"content":{"rendered":"<div class=\"about-container abt-member\">\n<p>En cumplimiento de sus objetivos institucionales, <strong>INTEGRAL ha suscripto Convenios de Cooperaci\u00f3n <\/strong>con las siguientes entidades, con las cuales desarrolla conjuntamente diversas actividades de intercambio y cooperaci\u00f3n:<\/p>\n<p>&nbsp;<\/p>\n<div class=\"abtsec3 sec-abt abt-backg\">\n<ul>\n<li><span style=\"color: #003366;\"><strong>Corporaci\u00f3n de Promoci\u00f3n de Exportaciones e Inversiones (CORPEI) de Ecuador:<\/strong><\/span>\u00a0Memorandum de Entendimiento para el desarrollo de un programa de capacitaci\u00f3n en Negociaciones Comerciales Internacionales, Setiembre 2017.<br \/>\n<a class=\"not-anchor\" href=\"http:\/\/f-integral.org\/wp-content\/uploads\/2017\/01\/MOU_CORPEI_INTEGRAL_Signed_08Set17.pdf\" target=\"_blank\" rel=\"noopener\">Descargar Texto del Memorandum de Entendimiento<\/a><br \/>\n<a class=\"not-anchor\" href=\"https:\/\/corpei.org\" target=\"_blank\" rel=\"noopener\">Acerca de CORPEI<\/a><\/li>\n<li><span style=\"color: #003366;\"><strong>Summit of the Americas Center (SOAC), of the Latin American and Caribbean Center (LACC) at the Florida International University (FIU):<\/strong><\/span><span style=\"background-color: initial;\"> Acuerdo de Cooperaci\u00f3n para el desarrollo de actividades de capacitaci\u00f3n y de asistencia t\u00e9cnica en temas de Comercio Internacional, Integraci\u00f3n Econ\u00f3mica y Negociaciones Comerciales Internacionales, 2000-2007.<\/span><br \/>\n<a class=\"not-anchor\" href=\"http:\/\/f-integral.org\/wp-content\/uploads\/2016\/11\/1Acuerdo_Cooperacion_SOAC_INTEGRAL_May2000.pdf\" target=\"_blank\" rel=\"noopener\">Descargar Texto del Acuerdo de Cooperaci\u00f3n<\/a><br \/>\n<a class=\"not-anchor\" href=\"https:\/\/lacc.fiu.edu\/\" target=\"_blank\" rel=\"noopener\">Acerca del LACC<\/a><br \/>\n<a class=\"not-anchor\" href=\"http:\/\/www.fiu.edu\/\" target=\"_blank\" rel=\"noopener\">Acerca de la FIU<\/a><\/li>\n<\/ul>\n<\/div>\n<div class=\"abtsec3 sec-abt abt-backg\">\n<ul>\n<li style=\"list-style-type: none;\"><\/li>\n<li><strong><a href=\"http:\/\/f-integral.org\/wp-content\/uploads\/2016\/11\/7IPR_SOAC_LACC_Integral_Agreement.pdf\" target=\"_blank\" rel=\"noopener\">Grupo de Trabajo Conjunto sobre Derechos de Propiedad Intelectual &#8211; INTEGRAL y Summit of the Americas Center (SOAC), del Latin American and Caribbean Center (LACC) de la Florida International University (FIU):<\/a><\/strong><br \/>\nAcuerdo de Cooperaci\u00f3n por el cual se crea el Grupo de Trabajo Conjunto sobre Comercio y Derechos de Propiedad Intelectual, para desarrollar un Programa de Construcci\u00f3n de Capacidad Comercial en Comercio y Derechos de Propiedad Intelectual, 2006-2007.<br \/>\n<a href=\"http:\/\/f-integral.org\/wp-content\/uploads\/2016\/11\/2Programa_Trabajo_PI_Negociaciones_Comerciales_May06.pdf\" target=\"_blank\" rel=\"noopener\">Descargar Programa de Trabajo en Negociaciones Comerciales y Derechos de Propiedad Intelectual<\/a><\/li>\n<\/ul>\n<div class=\"abt-right-side\">\n<div class=\"left-one\">\n<ul>\n<li><span style=\"color: #003366;\"><strong>Institute for International Professional Services (IIPS), del Latin American and Caribbean Center (LACC) de la Florida International University (FIU):<\/strong><\/span><br \/>\nAcuerdo de Cooperaci\u00f3n para el desarrollo de actividades de capacitaci\u00f3n y de asistencia t\u00e9cnica en t\u00e9cnicas de negociaci\u00f3n comercial, temas de comercio internacional y formulaci\u00f3n de pol\u00edticas comerciales, para funcionarios gubernamentales y representantes del empresariado y la Sociedad Civil (2008-2010).<br \/>\n<a class=\"not-anchor\" href=\"http:\/\/f-integral.org\/wp-content\/uploads\/2016\/11\/3Acuerdo_Cooperacion_Integral_IIPS_ES.pdf\" target=\"_blank\" rel=\"noopener\">Descargar Texto del Acuerdo de Cooperaci\u00f3n<\/a><\/li>\n<\/ul>\n<\/div>\n<div class=\"right-tow\"><img loading=\"lazy\" decoding=\"async\" width=\"152\" height=\"114\" class=\"alignnone size-full wp-image-143\" src=\"http:\/\/f-integral.org\/wp-content\/uploads\/2016\/11\/img7.png\" alt=\"img7\" srcset=\"https:\/\/f-integral.org\/wp-content\/uploads\/2016\/11\/img7.png 152w, https:\/\/f-integral.org\/wp-content\/uploads\/2016\/11\/img7-150x114.png 150w\" sizes=\"auto, (max-width: 152px) 100vw, 152px\" \/><\/div>\n<\/div>\n<ul>\n<li><span style=\"color: #003366;\"><strong><a style=\"color: #003366;\" href=\"http:\/\/www.celare-alcue.org\/\" target=\"_blank\" rel=\"noopener\">Centro Latinoamericano para las Relaciones con Europa (CELARE)<\/a>:<\/strong><\/span><br \/>\nAcuerdo de Cooperaci\u00f3n para el desarrollo de proyectos conjuntos para la realizaci\u00f3n de investigaciones, capacitaci\u00f3n, publicaciones, seminarios, talleres y otras iniciativas en \u00e1reas de mutuo inter\u00e9s de ambas instituciones.<br \/>\n<a class=\"not-anchor\" href=\"http:\/\/f-integral.org\/wp-content\/uploads\/2016\/11\/4Memorandum_Entendimiento_Integral_Celare_Ago03.pdf\">Descargar Texto del Acuerdo de Cooperaci\u00f3n<\/a><br \/>\n<a class=\"not-anchor\" href=\"http:\/\/f-integral.org\/wp-content\/uploads\/2016\/11\/5CELARE_Brochure_2009.pdf\" target=\"_blank\" rel=\"noopener\">Acerca del CELARE<\/a><\/li>\n<li><span style=\"color: #003366;\"><strong><a style=\"color: #003366;\" href=\"http:\/\/www.usal.edu.ar\/\" target=\"_blank\" rel=\"noopener\">Universidad del Salvador (USAL):<\/a><\/strong><\/span><br \/>\nAcuerdo de Cooperaci\u00f3n para la programaci\u00f3n y el desarrollo de actividades de complementaci\u00f3n, colaboraci\u00f3n, asistencia t\u00e9cnica y cooperaci\u00f3n que resulten de inter\u00e9s para ambas instituciones.<br \/>\n<a class=\"not-anchor\" href=\"http:\/\/f-integral.org\/wp-content\/uploads\/2016\/11\/6Convenio_USAL_Integral_Jun02.pdf\">Descargar Texto del Acuerdo de Cooperaci\u00f3n<\/a><br \/>\n<a class=\"not-anchor\" href=\"http:\/\/www.usal.edu.ar\/\" target=\"_blank\" rel=\"noopener\">Acerca de la USAL<\/a><\/li>\n<\/ul>\n<\/div>\n<\/div>\n","protected":false},"excerpt":{"rendered":"<p>En cumplimiento de sus objetivos institucionales, INTEGRAL ha suscripto Convenios de Cooperaci\u00f3n con las siguientes entidades, con las cuales desarrolla conjuntamente diversas actividades de intercambio y cooperaci\u00f3n: &nbsp; Corporaci\u00f3n de Promoci\u00f3n de Exportaciones e Inversiones (CORPEI) de Ecuador:\u00a0Memorandum de Entendimiento para el desarrollo de un programa de capacitaci\u00f3n en Negociaciones &hellip;<\/p>\n","protected":false},"author":31,"featured_media":0,"parent":0,"menu_order":0,"comment_status":"closed","ping_status":"closed","template":"","meta":{"footnotes":""},"class_list":["post-571","page","type-page","status-publish","hentry"],"yoast_head":"<!-- This site is optimized with the Yoast SEO plugin v27.2 - https:\/\/yoast.com\/product\/yoast-seo-wordpress\/ -->\n<title>Convenios y Alianzas estrat\u00e9gicas - Center of Studies onEconomic Integration and International Trade<\/title>\n<meta name=\"robots\" content=\"index, follow, max-snippet:-1, max-image-preview:large, max-video-preview:-1\" \/>\n<link rel=\"canonical\" href=\"https:\/\/f-integral.org\/es\/convenios-y-alianzas-estrategicas\/\" \/>\n<meta property=\"og:locale\" content=\"es_ES\" \/>\n<meta property=\"og:type\" content=\"article\" \/>\n<meta property=\"og:title\" content=\"Convenios y Alianzas estrat\u00e9gicas - Center of Studies onEconomic Integration and International Trade\" \/>\n<meta property=\"og:description\" content=\"En cumplimiento de sus objetivos institucionales, INTEGRAL ha suscripto Convenios de Cooperaci\u00f3n con las siguientes entidades, con las cuales desarrolla conjuntamente diversas actividades de intercambio y cooperaci\u00f3n: &nbsp; Corporaci\u00f3n de Promoci\u00f3n de Exportaciones e Inversiones (CORPEI) de Ecuador:\u00a0Memorandum de Entendimiento para el desarrollo de un programa de capacitaci\u00f3n en Negociaciones &hellip;\" \/>\n<meta property=\"og:url\" content=\"https:\/\/f-integral.org\/es\/convenios-y-alianzas-estrategicas\/\" \/>\n<meta property=\"og:site_name\" content=\"Center of Studies onEconomic Integration and International Trade\" \/>\n<meta property=\"article:publisher\" content=\"https:\/\/www.facebook.com\/fInteg\" \/>\n<meta property=\"article:modified_time\" content=\"2018-02-25T19:39:31+00:00\" \/>\n<meta property=\"og:image\" content=\"http:\/\/f-integral.org\/wp-content\/uploads\/2016\/11\/img7.png\" \/>\n<meta name=\"twitter:card\" content=\"summary_large_image\" \/>\n<meta name=\"twitter:site\" content=\"@Integral2013\" \/>\n<meta name=\"twitter:label1\" content=\"Tiempo de lectura\" \/>\n\t<meta name=\"twitter:data1\" content=\"2 minutos\" \/>\n<script type=\"application\/ld+json\" class=\"yoast-schema-graph\">{\"@context\":\"https:\/\/schema.org\",\"@graph\":[{\"@type\":\"WebPage\",\"@id\":\"https:\/\/f-integral.org\/es\/convenios-y-alianzas-estrategicas\/\",\"url\":\"https:\/\/f-integral.org\/es\/convenios-y-alianzas-estrategicas\/\",\"name\":\"Convenios y Alianzas estrat\u00e9gicas - Center of Studies onEconomic Integration and International Trade\",\"isPartOf\":{\"@id\":\"https:\/\/f-integral.org\/#website\"},\"primaryImageOfPage\":{\"@id\":\"https:\/\/f-integral.org\/es\/convenios-y-alianzas-estrategicas\/#primaryimage\"},\"image\":{\"@id\":\"https:\/\/f-integral.org\/es\/convenios-y-alianzas-estrategicas\/#primaryimage\"},\"thumbnailUrl\":\"http:\/\/f-integral.org\/wp-content\/uploads\/2016\/11\/img7.png\",\"datePublished\":\"2016-11-19T07:50:20+00:00\",\"dateModified\":\"2018-02-25T19:39:31+00:00\",\"breadcrumb\":{\"@id\":\"https:\/\/f-integral.org\/es\/convenios-y-alianzas-estrategicas\/#breadcrumb\"},\"inLanguage\":\"es\",\"potentialAction\":[{\"@type\":\"ReadAction\",\"target\":[\"https:\/\/f-integral.org\/es\/convenios-y-alianzas-estrategicas\/\"]}]},{\"@type\":\"ImageObject\",\"inLanguage\":\"es\",\"@id\":\"https:\/\/f-integral.org\/es\/convenios-y-alianzas-estrategicas\/#primaryimage\",\"url\":\"http:\/\/f-integral.org\/wp-content\/uploads\/2016\/11\/img7.png\",\"contentUrl\":\"http:\/\/f-integral.org\/wp-content\/uploads\/2016\/11\/img7.png\"},{\"@type\":\"BreadcrumbList\",\"@id\":\"https:\/\/f-integral.org\/es\/convenios-y-alianzas-estrategicas\/#breadcrumb\",\"itemListElement\":[{\"@type\":\"ListItem\",\"position\":1,\"name\":\"Home\",\"item\":\"https:\/\/f-integral.org\/es\/\"},{\"@type\":\"ListItem\",\"position\":2,\"name\":\"Convenios y Alianzas estrat\u00e9gicas\"}]},{\"@type\":\"WebSite\",\"@id\":\"https:\/\/f-integral.org\/#website\",\"url\":\"https:\/\/f-integral.org\/\",\"name\":\"Center of Studies onEconomic Integration and International Trade\",\"description\":\"INTEGRAL Site\",\"publisher\":{\"@id\":\"https:\/\/f-integral.org\/#organization\"},\"potentialAction\":[{\"@type\":\"SearchAction\",\"target\":{\"@type\":\"EntryPoint\",\"urlTemplate\":\"https:\/\/f-integral.org\/?s={search_term_string}\"},\"query-input\":{\"@type\":\"PropertyValueSpecification\",\"valueRequired\":true,\"valueName\":\"search_term_string\"}}],\"inLanguage\":\"es\"},{\"@type\":\"Organization\",\"@id\":\"https:\/\/f-integral.org\/#organization\",\"name\":\"Center of Studies on Economic Integration and International Trade\",\"url\":\"https:\/\/f-integral.org\/\",\"logo\":{\"@type\":\"ImageObject\",\"inLanguage\":\"es\",\"@id\":\"https:\/\/f-integral.org\/#\/schema\/logo\/image\/\",\"url\":\"https:\/\/f-integral.org\/wp-content\/uploads\/2017\/05\/Integral_Favicon.jpg\",\"contentUrl\":\"https:\/\/f-integral.org\/wp-content\/uploads\/2017\/05\/Integral_Favicon.jpg\",\"width\":512,\"height\":512,\"caption\":\"Center of Studies on Economic Integration and International Trade\"},\"image\":{\"@id\":\"https:\/\/f-integral.org\/#\/schema\/logo\/image\/\"},\"sameAs\":[\"https:\/\/www.facebook.com\/fInteg\",\"https:\/\/x.com\/Integral2013\",\"https:\/\/twitter.com\/Integral2013\"]}]}<\/script>\n<!-- \/ Yoast SEO plugin. -->","yoast_head_json":{"title":"Convenios y Alianzas estrat\u00e9gicas - Center of Studies onEconomic Integration and International Trade","robots":{"index":"index","follow":"follow","max-snippet":"max-snippet:-1","max-image-preview":"max-image-preview:large","max-video-preview":"max-video-preview:-1"},"canonical":"https:\/\/f-integral.org\/es\/convenios-y-alianzas-estrategicas\/","og_locale":"es_ES","og_type":"article","og_title":"Convenios y Alianzas estrat\u00e9gicas - Center of Studies onEconomic Integration and International Trade","og_description":"En cumplimiento de sus objetivos institucionales, INTEGRAL ha suscripto Convenios de Cooperaci\u00f3n con las siguientes entidades, con las cuales desarrolla conjuntamente diversas actividades de intercambio y cooperaci\u00f3n: &nbsp; Corporaci\u00f3n de Promoci\u00f3n de Exportaciones e Inversiones (CORPEI) de Ecuador:\u00a0Memorandum de Entendimiento para el desarrollo de un programa de capacitaci\u00f3n en Negociaciones &hellip;","og_url":"https:\/\/f-integral.org\/es\/convenios-y-alianzas-estrategicas\/","og_site_name":"Center of Studies onEconomic Integration and International Trade","article_publisher":"https:\/\/www.facebook.com\/fInteg","article_modified_time":"2018-02-25T19:39:31+00:00","og_image":[{"url":"http:\/\/f-integral.org\/wp-content\/uploads\/2016\/11\/img7.png","type":"","width":"","height":""}],"twitter_card":"summary_large_image","twitter_site":"@Integral2013","twitter_misc":{"Tiempo de lectura":"2 minutos"},"schema":{"@context":"https:\/\/schema.org","@graph":[{"@type":"WebPage","@id":"https:\/\/f-integral.org\/es\/convenios-y-alianzas-estrategicas\/","url":"https:\/\/f-integral.org\/es\/convenios-y-alianzas-estrategicas\/","name":"Convenios y Alianzas estrat\u00e9gicas - Center of Studies onEconomic Integration and International Trade","isPartOf":{"@id":"https:\/\/f-integral.org\/#website"},"primaryImageOfPage":{"@id":"https:\/\/f-integral.org\/es\/convenios-y-alianzas-estrategicas\/#primaryimage"},"image":{"@id":"https:\/\/f-integral.org\/es\/convenios-y-alianzas-estrategicas\/#primaryimage"},"thumbnailUrl":"http:\/\/f-integral.org\/wp-content\/uploads\/2016\/11\/img7.png","datePublished":"2016-11-19T07:50:20+00:00","dateModified":"2018-02-25T19:39:31+00:00","breadcrumb":{"@id":"https:\/\/f-integral.org\/es\/convenios-y-alianzas-estrategicas\/#breadcrumb"},"inLanguage":"es","potentialAction":[{"@type":"ReadAction","target":["https:\/\/f-integral.org\/es\/convenios-y-alianzas-estrategicas\/"]}]},{"@type":"ImageObject","inLanguage":"es","@id":"https:\/\/f-integral.org\/es\/convenios-y-alianzas-estrategicas\/#primaryimage","url":"http:\/\/f-integral.org\/wp-content\/uploads\/2016\/11\/img7.png","contentUrl":"http:\/\/f-integral.org\/wp-content\/uploads\/2016\/11\/img7.png"},{"@type":"BreadcrumbList","@id":"https:\/\/f-integral.org\/es\/convenios-y-alianzas-estrategicas\/#breadcrumb","itemListElement":[{"@type":"ListItem","position":1,"name":"Home","item":"https:\/\/f-integral.org\/es\/"},{"@type":"ListItem","position":2,"name":"Convenios y Alianzas estrat\u00e9gicas"}]},{"@type":"WebSite","@id":"https:\/\/f-integral.org\/#website","url":"https:\/\/f-integral.org\/","name":"Center of Studies onEconomic Integration and International Trade","description":"INTEGRAL Site","publisher":{"@id":"https:\/\/f-integral.org\/#organization"},"potentialAction":[{"@type":"SearchAction","target":{"@type":"EntryPoint","urlTemplate":"https:\/\/f-integral.org\/?s={search_term_string}"},"query-input":{"@type":"PropertyValueSpecification","valueRequired":true,"valueName":"search_term_string"}}],"inLanguage":"es"},{"@type":"Organization","@id":"https:\/\/f-integral.org\/#organization","name":"Center of Studies on Economic Integration and International Trade","url":"https:\/\/f-integral.org\/","logo":{"@type":"ImageObject","inLanguage":"es","@id":"https:\/\/f-integral.org\/#\/schema\/logo\/image\/","url":"https:\/\/f-integral.org\/wp-content\/uploads\/2017\/05\/Integral_Favicon.jpg","contentUrl":"https:\/\/f-integral.org\/wp-content\/uploads\/2017\/05\/Integral_Favicon.jpg","width":512,"height":512,"caption":"Center of Studies on Economic Integration and International Trade"},"image":{"@id":"https:\/\/f-integral.org\/#\/schema\/logo\/image\/"},"sameAs":["https:\/\/www.facebook.com\/fInteg","https:\/\/x.com\/Integral2013","https:\/\/twitter.com\/Integral2013"]}]}},"_links":{"self":[{"href":"https:\/\/f-integral.org\/es\/wp-json\/wp\/v2\/pages\/571","targetHints":{"allow":["GET"]}}],"collection":[{"href":"https:\/\/f-integral.org\/es\/wp-json\/wp\/v2\/pages"}],"about":[{"href":"https:\/\/f-integral.org\/es\/wp-json\/wp\/v2\/types\/page"}],"author":[{"embeddable":true,"href":"https:\/\/f-integral.org\/es\/wp-json\/wp\/v2\/users\/31"}],"replies":[{"embeddable":true,"href":"https:\/\/f-integral.org\/es\/wp-json\/wp\/v2\/comments?post=571"}],"version-history":[{"count":0,"href":"https:\/\/f-integral.org\/es\/wp-json\/wp\/v2\/pages\/571\/revisions"}],"wp:attachment":[{"href":"https:\/\/f-integral.org\/es\/wp-json\/wp\/v2\/media?parent=571"}],"curies":[{"name":"wp","href":"https:\/\/api.w.org\/{rel}","templated":true}]}}