{"id":635,"date":"2016-11-19T07:55:24","date_gmt":"2016-11-19T07:55:24","guid":{"rendered":"http:\/\/f-integral.org\/activities\/publications-and-researches\/"},"modified":"2016-12-01T14:05:10","modified_gmt":"2016-12-01T14:05:10","slug":"publications-and-researches","status":"publish","type":"page","link":"https:\/\/f-integral.org\/es\/publications-and-researches\/","title":{"rendered":"Publicaciones e Investigaciones"},"content":{"rendered":"<div class=\"about-container publication\">\n<div class=\"abtsec1 sec-abt publication-inner\">\n<p><strong><\/p>\n<h3>Trabajos de Investigaci\u00f3n y Publicaciones<\/h3>\n<p><\/strong><\/p>\n<p> (Lista parcial)<br \/>\n<\/br><\/p>\n<ul>\n<li>\n<p><strong>Liliana Otero<\/strong> (2013), <a href=\"#\">Children and Young Adolescents Commercial Sexual Exploitation in Costa Rica, Dominican Republic, El Salvador, Guatemala, Honduras and Nicaragua.<\/a> Documento de Trabajo de INTEGRAL, Buenos Aires, Mayo de 2013 (en Ingl\u00e9s).<\/p>\n<\/li>\n<li>\n<p><strong>Victoria Vanetta <\/strong>(2013). <a href=\"#\">Infant Mortality Rates in US and Florida<\/a>. A preview, Documento de Trabajo de INTEGRAL, Buenos Aires, Octubre 2012 (En Ingl\u00e9s).<\/p>\n<\/li>\n<li>\n<p><strong>Elena Di Vico <\/strong>(2012), <a href=\"#\">Perfiles de los Pa\u00edses de Am\u00e9rica Latina: ECUADOR<\/a>, Documento de Trabajo de INTEGRAL, Buenos Aires, Octubre 2012 (En Espa\u00f1ol). <\/p>\n<\/li>\n<li>\n<p><strong>Elena Di Vico<\/strong> (2012), <a href=\"#\">An\u00e1lisis de las Exportaciones. Sus relaciones con par\u00e1metros socio-econ\u00f3micos: ARGENTINA.<\/a> Documento de Trabajo de INTEGRAL, Buenos Aires, Octubre 2012 (En Espa\u00f1ol).<\/p>\n<\/li>\n<li>\n<p><strong>Elena Di Vico<\/strong> (2012). <a href=\"#\">Perfiles de los Pa\u00edses de Am\u00e9rica Latina: COSTA RICA.<\/a> Documento de Trabajo de INTEGRAL, Buenos Aires, Febrero 2012 (En Espa\u00f1ol).<\/p>\n<\/li>\n<li>\n<p><strong>Elena Di Vico<\/strong> (2011), <a href=\"#\">Perfiles de los Pa\u00edses de Am\u00e9rica Latina: COLOMBIA.<\/a> Documento de Trabajo de INTEGRAL, Buenos Aires, Setiembre 2011 (En Espa\u00f1ol).<\/p>\n<\/li>\n<li>\n<p>Centro de Estudios de Integraci\u00f3n Econ\u00f3mica y Comercio Internacional (1999), Presentaci\u00f3n ante el Comit\u00e9 de Representantes Gubernamentales sobre la Participaci\u00f3n de la Sociedad Civil del \u00c1rea de Libre Comercio de las Am\u00e9ricas (ALCA), Marzo 1999.<\/p>\n<\/li>\n<li>\n<p>Centro de Estudios de Integraci\u00f3n Econ\u00f3mica y Comercio Internacional (1999), \u00abEl rol y la participaci\u00f3n del sector industrial en la negociaci\u00f3n del \u00c1rea de Libre Comercio de las Am\u00e9ricas (ALCA): del porqu\u00e9 al c\u00f3mo\u00bb. Documento de Trabajo, Comit\u00e9 Ad Hoc ALCA, Buenos Aires, Marzo 1999.<\/p>\n<\/li>\n<li>\n<p>Centro de Estudios de Integraci\u00f3n Econ\u00f3mica y Comercio Internacional (1999), \u00abLos frentes de relacionamiento externo del Mercosur\u00bb. Documento de Trabajo, Comisi\u00f3n de Negociaciones Internacionales, Buenos Aires, Abril 1999.<\/p>\n<\/li>\n<li>\n<p>Centro de Estudios de Integraci\u00f3n Econ\u00f3mica y Comercio Internacional (2000), \u00abLa agenda de pol\u00edtica comercial de la Argentina en el mediano plazo: un rompecabezas para armar\u00bb. Documento de Trabajo, Comisi\u00f3n de Negociaciones Internacionales, Buenos Aires, Marzo 2000.<\/p>\n<\/li>\n<li>\n<p>Elena Di Vico (2010), <a href=\"#\">Latin American Country Profiles: Introduction<\/a>, Documento de Trabajo de INTEGRAL, Buenos Aires, Diciembre 2010 (En Espa\u00f1ol).<\/p>\n<\/li>\n<li>\n<p>Elena Di Vico (2010), <a href=\"#\">Latin American Country Profiles: ARGENTINA<\/a>, Documento de Trabajo de INTEGRAL, Buenos Aires, Diciembre 2010 (En Espa\u00f1ol).<\/p>\n<\/li>\n<li>\n<p>Elena Di Vico (2010), <a href=\"#\">Latin American Country Profiles: BOLIVIA<\/a>, Documento de Trabajo de INTEGRAL, Buenos Aires, Diciembre 2010 (En Espa\u00f1ol).<\/p>\n<\/li>\n<li>\n<p>Elena Di Vico (2010), <a href=\"#\">Latin American Country Profiles: BRASIL<\/a>, Documento de Trabajo de INTEGRAL, Buenos Aires, Diciembre 2010 (En Espa\u00f1ol).<\/p>\n<\/li>\n<li>\n<p>Intelligence Trade Report, Informe (mensual) de Mercosur y Comercio Internacional (1997\/2000). Director: R\u00faa Boiero Rodolfo. Enero 1997\/Marzo 2000. Temas: Negociaciones Mercosur. Negociaci\u00f3n del \u00c1rea de Libre Comercio de las Am\u00e9ricas (ALCA). Negociaciones Mercosur &#8211; Uni\u00f3n Europea.<\/p>\n<\/li>\n<li>\n<p>Otero Liliana y R\u00faa Boiero Rodolfo (1997\/98), \u00abAn\u00e1lisis de los acuerdos suscriptos en el Mercosur y evaluaci\u00f3n de sus resultados. Situaci\u00f3n actual, estado de implementaci\u00f3n de la normativa armonizada y temas pendientes de negociaci\u00f3n\u00bb. Trabajo de Investigaci\u00f3n, Buenos Aires, Julio 1997\/Junio 1998.<\/p>\n<\/li>\n<li>\n<p>Otero Liliana y R\u00faa Boiero Rodolfo (1997\/98), \u00abAn\u00e1lisis descriptivo de la estructura del sector farmac\u00e9utico en Argentina y Brasil\u00bb. Trabajo de Investigaci\u00f3n, Buenos Aires, Julio 1997\/Junio 1998.<\/p>\n<\/li>\n<li>\n<p>Otero Liliana y R\u00faa Boiero Rodolfo (1997\/98), \u00abMercosur: Armonizaci\u00f3n de la legislaci\u00f3n de propiedad intelectual e impacto sobre el desarrollo del sector\u00bb. Trabajo de Investigaci\u00f3n, Buenos Aires, Julio 1997\/Junio 1998.<\/p>\n<\/li>\n<li>\n<p>Otero Liliana y R\u00faa Boiero Rodolfo (1997\/98), \u00abMercosur: La legislaci\u00f3n de propiedad intelectual y su relaci\u00f3n con la normativa armonizada de registro de productos farmac\u00e9uticos\u00bb. Trabajo de Investigaci\u00f3n, Buenos Aires, Julio 1997\/Junio 1998.<\/p>\n<\/li>\n<li>\n<p>Otero Liliana y R\u00faa Boiero Rodolfo (1998), \u00abLa multiplicaci\u00f3n de los frentes de negociaci\u00f3n externa del Mercosur\u00bb. Trabajo de Investigaci\u00f3n, Buenos Aires, Julio\/Diciembre 1998.<\/p>\n<\/li>\n<li>\n<p>Otero Liliana y R\u00faa Boiero Rodolfo (1998), \u00abMercosur: Descripci\u00f3n de la situaci\u00f3n legislativa de partida de cada uno de los pa\u00edses involucrados as\u00ed como el estado de armonizaci\u00f3n intrabloque. Caracter\u00edsticas de las normativas nacionales con descripci\u00f3n en profundidad de las singularidades y las situaciones prevalecientes en los distintos sectores\u00bb. Trabajo de Investigaci\u00f3n, Buenos Aires, Julio\/Diciembre 1998.<\/p>\n<\/li>\n<li>\n<p>Otero Liliana y R\u00faa Boiero Rodolfo (1999), \u00abRestricciones No Arancelarias y Armonizaci\u00f3n de Normas y Reglamentos T\u00e9cnicos en los procesos de integraci\u00f3n regional: el caso del Mercosur\u00bb. Trabajo de Investigaci\u00f3n, Buenos Aires, Abril 1999.<\/p>\n<\/li>\n<li>\n<p>Rozas Rogelio (1999), \u00abParticipaci\u00f3n y Transparencia\u00bb. Trabajo para la Secci\u00f3n Nacional del Foro Consultivo Econ\u00f3mico y Social del Mercosur, Buenos Aires, Marzo 1999.<\/p>\n<\/li>\n<li>\n<p>Rozas Rogelio (1999), \u00abMercosur-Uni\u00f3n Europea. Diagn\u00f3stico y Recomendaciones\u00bb. Trabajo para el Foro Consultivo Econ\u00f3mico y Social del Mercosur, presentado en el Seminario Mercosur-Uni\u00f3n Europea, R\u00edo de Janeiro, Junio 1999.<\/p>\n<\/li>\n<li>\n<p>R\u00faa Boiero Rodolfo (1990), \u00abLa integraci\u00f3n con Brasil en el sector de bienes de capital\u00bb. En \u00abArgentina y Brasil: perspectivas comparativas y ejes de integraci\u00f3n\u00bb, comp. por M. HIRST. FLACSO, Buenos Aires, 1990.<\/p>\n<\/li>\n<li>\n<p>R\u00faa Boiero Rodolfo (1993), \u00abMercosur, Reg\u00edmenes Aduaneros Especiales\u00bb. Informe sobre la Rep\u00fablica Argentina. Informe para el Subgrupo de Trabajo N\u00ba 1 &#8211; Asuntos Comerciales del Grupo Mercado Com\u00fan, Banco Interamericano de Desarrollo, Buenos Aires, Noviembre 1993.<\/p>\n<\/li>\n<li>\n<p>R\u00faa Boiero Rodolfo (1998), \u00abMercosur: la consolidaci\u00f3n y profundizaci\u00f3n de la Uni\u00f3n Aduanera, de la teor\u00eda a la pr\u00e1ctica\u00bb. Trabajo presentado en el Seminario Mercosur-Chile, Santiago de Chile, Octubre 1996; actualizado Marzo 1998.<\/p>\n<\/li>\n<li>\n<p>R\u00faa Boiero Rodolfo (1999), \u00abLas medidas de facilitaci\u00f3n de negocios en el contexto de la negociaci\u00f3n del \u00c1rea de Libre Comercio de las Am\u00e9ricas: la visi\u00f3n del sector industrial argentino\u00bb. Trabajo presentado en el Seminario \u00abFTAA Business Facilitation Measures\u00bb, organizado por la <a href=\"http:\/\/www.uschamber.com\/\">US Chamber of Commerce<\/a>, Washington DC, Julio 1999.<\/p>\n<\/li>\n<li>\n<p>R\u00faa Boiero Rodolfo (1999), \u00abMercosur &#8211; Uni\u00f3n Europea: la posici\u00f3n de la Secci\u00f3n Nacional Argentina del Foro Consultivo Econ\u00f3mico y Social del Mercosur ante la Cumbre de R\u00edo de Janeiro\u00bb. Peri\u00f3dico Econ\u00f3mico Tributario Editorial La Ley, Julio 1999.<\/p>\n<\/li>\n<li>\n<p>R\u00faa Boiero Rodolfo (1999), \u00abCoordinaci\u00f3n de Pol\u00edticas Macroecon\u00f3micas, integraci\u00f3n de los mercados y competitividad empresarial\u00bb. Trabajo presentado ante la Conferencia FCES Mercosur &#8211; CES UE, Montevideo, Octubre 1999.<\/p>\n<\/li>\n<li>\n<p>R\u00faa Boiero Rodolfo y Eguivar Luis (1991), \u00abMercosur\u00bb. Ensayo, <a href=\"https:\/\/www.thomsonreuters.com.ar\/es\/tienda.html\">Editorial La Ley<\/a>, Buenos Aires 1991.<\/p>\n<\/li>\n<li>\n<p>R\u00faa Boiero Rodolfo, Eguivar Luis y Feldman Guillermo (1995), \u00abMercosur. Un camino sin retorno\u00bb. Ensayo, <a href=\"https:\/\/www.thomsonreuters.com.ar\/es\/tienda.html\">Editorial La Ley<\/a>, Buenos Aires 1995.<\/p>\n<\/li>\n<\/ul>\n<\/div>\n<\/div>\n","protected":false},"excerpt":{"rendered":"<p>Trabajos de Investigaci\u00f3n y Publicaciones (Lista parcial) Liliana Otero (2013), Children and Young Adolescents Commercial Sexual Exploitation in Costa Rica, Dominican Republic, El Salvador, Guatemala, Honduras and Nicaragua. Documento de Trabajo de INTEGRAL, Buenos Aires, Mayo de 2013 (en Ingl\u00e9s). Victoria Vanetta (2013). Infant Mortality Rates in US and Florida. &hellip;<\/p>\n","protected":false},"author":31,"featured_media":0,"parent":0,"menu_order":0,"comment_status":"closed","ping_status":"closed","template":"","meta":{"footnotes":""},"class_list":["post-635","page","type-page","status-publish","hentry"],"yoast_head":"<!-- This site is optimized with the Yoast SEO plugin v27.2 - https:\/\/yoast.com\/product\/yoast-seo-wordpress\/ -->\n<title>Publicaciones e Investigaciones - Center of Studies onEconomic Integration and International Trade<\/title>\n<meta name=\"robots\" content=\"index, follow, max-snippet:-1, max-image-preview:large, max-video-preview:-1\" \/>\n<link rel=\"canonical\" href=\"https:\/\/f-integral.org\/es\/publications-and-researches\/\" \/>\n<meta property=\"og:locale\" content=\"es_ES\" \/>\n<meta property=\"og:type\" content=\"article\" \/>\n<meta property=\"og:title\" content=\"Publicaciones e Investigaciones - Center of Studies onEconomic Integration and International Trade\" \/>\n<meta property=\"og:description\" content=\"Trabajos de Investigaci\u00f3n y Publicaciones (Lista parcial) Liliana Otero (2013), Children and Young Adolescents Commercial Sexual Exploitation in Costa Rica, Dominican Republic, El Salvador, Guatemala, Honduras and Nicaragua. Documento de Trabajo de INTEGRAL, Buenos Aires, Mayo de 2013 (en Ingl\u00e9s). Victoria Vanetta (2013). Infant Mortality Rates in US and Florida. &hellip;\" \/>\n<meta property=\"og:url\" content=\"https:\/\/f-integral.org\/es\/publications-and-researches\/\" \/>\n<meta property=\"og:site_name\" content=\"Center of Studies onEconomic Integration and International Trade\" \/>\n<meta property=\"article:publisher\" content=\"https:\/\/www.facebook.com\/fInteg\" \/>\n<meta property=\"article:modified_time\" content=\"2016-12-01T14:05:10+00:00\" \/>\n<meta name=\"twitter:card\" content=\"summary_large_image\" \/>\n<meta name=\"twitter:site\" content=\"@Integral2013\" \/>\n<meta name=\"twitter:label1\" content=\"Tiempo de lectura\" \/>\n\t<meta name=\"twitter:data1\" content=\"5 minutos\" \/>\n<script type=\"application\/ld+json\" class=\"yoast-schema-graph\">{\"@context\":\"https:\/\/schema.org\",\"@graph\":[{\"@type\":\"WebPage\",\"@id\":\"https:\/\/f-integral.org\/es\/publications-and-researches\/\",\"url\":\"https:\/\/f-integral.org\/es\/publications-and-researches\/\",\"name\":\"Publicaciones e Investigaciones - Center of Studies onEconomic Integration and International Trade\",\"isPartOf\":{\"@id\":\"https:\/\/f-integral.org\/#website\"},\"datePublished\":\"2016-11-19T07:55:24+00:00\",\"dateModified\":\"2016-12-01T14:05:10+00:00\",\"breadcrumb\":{\"@id\":\"https:\/\/f-integral.org\/es\/publications-and-researches\/#breadcrumb\"},\"inLanguage\":\"es\",\"potentialAction\":[{\"@type\":\"ReadAction\",\"target\":[\"https:\/\/f-integral.org\/es\/publications-and-researches\/\"]}]},{\"@type\":\"BreadcrumbList\",\"@id\":\"https:\/\/f-integral.org\/es\/publications-and-researches\/#breadcrumb\",\"itemListElement\":[{\"@type\":\"ListItem\",\"position\":1,\"name\":\"Home\",\"item\":\"https:\/\/f-integral.org\/es\/\"},{\"@type\":\"ListItem\",\"position\":2,\"name\":\"Publicaciones e Investigaciones\"}]},{\"@type\":\"WebSite\",\"@id\":\"https:\/\/f-integral.org\/#website\",\"url\":\"https:\/\/f-integral.org\/\",\"name\":\"Center of Studies onEconomic Integration and International Trade\",\"description\":\"INTEGRAL Site\",\"publisher\":{\"@id\":\"https:\/\/f-integral.org\/#organization\"},\"potentialAction\":[{\"@type\":\"SearchAction\",\"target\":{\"@type\":\"EntryPoint\",\"urlTemplate\":\"https:\/\/f-integral.org\/?s={search_term_string}\"},\"query-input\":{\"@type\":\"PropertyValueSpecification\",\"valueRequired\":true,\"valueName\":\"search_term_string\"}}],\"inLanguage\":\"es\"},{\"@type\":\"Organization\",\"@id\":\"https:\/\/f-integral.org\/#organization\",\"name\":\"Center of Studies on Economic Integration and International Trade\",\"url\":\"https:\/\/f-integral.org\/\",\"logo\":{\"@type\":\"ImageObject\",\"inLanguage\":\"es\",\"@id\":\"https:\/\/f-integral.org\/#\/schema\/logo\/image\/\",\"url\":\"https:\/\/f-integral.org\/wp-content\/uploads\/2017\/05\/Integral_Favicon.jpg\",\"contentUrl\":\"https:\/\/f-integral.org\/wp-content\/uploads\/2017\/05\/Integral_Favicon.jpg\",\"width\":512,\"height\":512,\"caption\":\"Center of Studies on Economic Integration and International Trade\"},\"image\":{\"@id\":\"https:\/\/f-integral.org\/#\/schema\/logo\/image\/\"},\"sameAs\":[\"https:\/\/www.facebook.com\/fInteg\",\"https:\/\/x.com\/Integral2013\",\"https:\/\/twitter.com\/Integral2013\"]}]}<\/script>\n<!-- \/ Yoast SEO plugin. -->","yoast_head_json":{"title":"Publicaciones e Investigaciones - Center of Studies onEconomic Integration and International Trade","robots":{"index":"index","follow":"follow","max-snippet":"max-snippet:-1","max-image-preview":"max-image-preview:large","max-video-preview":"max-video-preview:-1"},"canonical":"https:\/\/f-integral.org\/es\/publications-and-researches\/","og_locale":"es_ES","og_type":"article","og_title":"Publicaciones e Investigaciones - Center of Studies onEconomic Integration and International Trade","og_description":"Trabajos de Investigaci\u00f3n y Publicaciones (Lista parcial) Liliana Otero (2013), Children and Young Adolescents Commercial Sexual Exploitation in Costa Rica, Dominican Republic, El Salvador, Guatemala, Honduras and Nicaragua. Documento de Trabajo de INTEGRAL, Buenos Aires, Mayo de 2013 (en Ingl\u00e9s). Victoria Vanetta (2013). Infant Mortality Rates in US and Florida. &hellip;","og_url":"https:\/\/f-integral.org\/es\/publications-and-researches\/","og_site_name":"Center of Studies onEconomic Integration and International Trade","article_publisher":"https:\/\/www.facebook.com\/fInteg","article_modified_time":"2016-12-01T14:05:10+00:00","twitter_card":"summary_large_image","twitter_site":"@Integral2013","twitter_misc":{"Tiempo de lectura":"5 minutos"},"schema":{"@context":"https:\/\/schema.org","@graph":[{"@type":"WebPage","@id":"https:\/\/f-integral.org\/es\/publications-and-researches\/","url":"https:\/\/f-integral.org\/es\/publications-and-researches\/","name":"Publicaciones e Investigaciones - Center of Studies onEconomic Integration and International Trade","isPartOf":{"@id":"https:\/\/f-integral.org\/#website"},"datePublished":"2016-11-19T07:55:24+00:00","dateModified":"2016-12-01T14:05:10+00:00","breadcrumb":{"@id":"https:\/\/f-integral.org\/es\/publications-and-researches\/#breadcrumb"},"inLanguage":"es","potentialAction":[{"@type":"ReadAction","target":["https:\/\/f-integral.org\/es\/publications-and-researches\/"]}]},{"@type":"BreadcrumbList","@id":"https:\/\/f-integral.org\/es\/publications-and-researches\/#breadcrumb","itemListElement":[{"@type":"ListItem","position":1,"name":"Home","item":"https:\/\/f-integral.org\/es\/"},{"@type":"ListItem","position":2,"name":"Publicaciones e Investigaciones"}]},{"@type":"WebSite","@id":"https:\/\/f-integral.org\/#website","url":"https:\/\/f-integral.org\/","name":"Center of Studies onEconomic Integration and International Trade","description":"INTEGRAL Site","publisher":{"@id":"https:\/\/f-integral.org\/#organization"},"potentialAction":[{"@type":"SearchAction","target":{"@type":"EntryPoint","urlTemplate":"https:\/\/f-integral.org\/?s={search_term_string}"},"query-input":{"@type":"PropertyValueSpecification","valueRequired":true,"valueName":"search_term_string"}}],"inLanguage":"es"},{"@type":"Organization","@id":"https:\/\/f-integral.org\/#organization","name":"Center of Studies on Economic Integration and International Trade","url":"https:\/\/f-integral.org\/","logo":{"@type":"ImageObject","inLanguage":"es","@id":"https:\/\/f-integral.org\/#\/schema\/logo\/image\/","url":"https:\/\/f-integral.org\/wp-content\/uploads\/2017\/05\/Integral_Favicon.jpg","contentUrl":"https:\/\/f-integral.org\/wp-content\/uploads\/2017\/05\/Integral_Favicon.jpg","width":512,"height":512,"caption":"Center of Studies on Economic Integration and International Trade"},"image":{"@id":"https:\/\/f-integral.org\/#\/schema\/logo\/image\/"},"sameAs":["https:\/\/www.facebook.com\/fInteg","https:\/\/x.com\/Integral2013","https:\/\/twitter.com\/Integral2013"]}]}},"_links":{"self":[{"href":"https:\/\/f-integral.org\/es\/wp-json\/wp\/v2\/pages\/635","targetHints":{"allow":["GET"]}}],"collection":[{"href":"https:\/\/f-integral.org\/es\/wp-json\/wp\/v2\/pages"}],"about":[{"href":"https:\/\/f-integral.org\/es\/wp-json\/wp\/v2\/types\/page"}],"author":[{"embeddable":true,"href":"https:\/\/f-integral.org\/es\/wp-json\/wp\/v2\/users\/31"}],"replies":[{"embeddable":true,"href":"https:\/\/f-integral.org\/es\/wp-json\/wp\/v2\/comments?post=635"}],"version-history":[{"count":0,"href":"https:\/\/f-integral.org\/es\/wp-json\/wp\/v2\/pages\/635\/revisions"}],"wp:attachment":[{"href":"https:\/\/f-integral.org\/es\/wp-json\/wp\/v2\/media?parent=635"}],"curies":[{"name":"wp","href":"https:\/\/api.w.org\/{rel}","templated":true}]}}