{"id":656,"date":"2016-12-01T09:40:05","date_gmt":"2016-12-01T09:40:05","guid":{"rendered":"http:\/\/f-integral.org\/blog\/"},"modified":"2017-04-20T17:27:28","modified_gmt":"2017-04-20T17:27:28","slug":"blog","status":"publish","type":"page","link":"https:\/\/f-integral.org\/es\/blog\/","title":{"rendered":"Blog"},"content":{"rendered":"<p><img loading=\"lazy\" decoding=\"async\" class=\"alignnone wp-image-1279\" src=\"http:\/\/f-integral.org\/wp-content\/uploads\/2016\/12\/Lighthouse-a-300x129.jpg\" alt=\"\" width=\"700\" height=\"301\" srcset=\"https:\/\/f-integral.org\/wp-content\/uploads\/2016\/12\/Lighthouse-a-300x129.jpg 300w, https:\/\/f-integral.org\/wp-content\/uploads\/2016\/12\/Lighthouse-a.jpg 700w\" sizes=\"auto, (max-width: 700px) 100vw, 700px\" \/><\/p>\n<div class=\"blog-container\">\n\t<div id=\"wpbaw-blog-1\" class=\"blogfree-plugin blog-clearfix \">\n\t\n\t\t\t\t<div id=\"post-2484\" class=\"blog type-blog blog-clearfix wpbaw-blog-class blog-col-1 has-date no-thumb\">\n\t\t\t<div class=\"blog-inner-wrap-view blog-clearfix\">\n\t\t\t\t\n\t\t\t\t<div class=\"blog-content\">\n\t\t\t\t\t\t\t\t\t\t\t\t<div class=\"date-post\">\n\t\t\t\t\t\t\t\t<h2><span>11<\/span><\/h2>\n\t\t\t\t\t\t\t\t<p>Jun 21<\/p>\n\t\t\t\t\t\t\t<\/div>\n\t\t\t\t\t\t \n\t\t\t\t\t<div class=\"post-content-text\">\n\t\t\t\t\t\t\t\t\t\t\t\t<div class=\"grid-1-date\">\n\t\t\t\t\t\t\tjunio 11, 2021\t\t\t\t\t\t<\/div>\n\t\t\t\t\t\t\t\t\t\t\t\t<h3 class=\"blog-title\"><a href=\"https:\/\/f-integral.org\/es\/blog-post\/wto-agricultural-negotiation\/\" rel=\"bookmark\">A new approach to resuscitate agricultural negotiation at the WTO &#8211; Un nuevo enfoque para resucitar la negociaci\u00f3n agr\u00edcola en la OMC. Dr. Jorge Riaboi<\/a><\/h3>\n\t\t\t\t\t\t\t\t\t\t\t\t<div class=\"blog-cat\">\n\t\t\t\t\t\t\t\t\t\t\t\t\t  \t<span class=\"grid-1-author\">por\t\t\t\t\t\t  \t\t<a href=\"https:\/\/f-integral.org\/es\/author\/rruaboiero\/\" target=\"_self\">rruaboiero<\/a>\n\t\t\t\t\t\t  \t<\/span>\n\t\t\t\t\t\t\t\t\t\t\t\t\t<\/div>\n\t\t\t\t\t\t\t\t\t\t\t\t<div class=\"blog-content-excerpt\">\n\t\t\t\t\t\t\t\t\t\t\t\t\t\t\t<p class=\"blog-short-content\">Art Buchwald, uno de los grandes humoristas del siglo XX, describ\u00eda a los influyentes de su ciudad alegando que\u00a0\u201cen Washington...<\/p>\n\t\t\t\t\t\t\t\t<a href=\"https:\/\/f-integral.org\/es\/blog-post\/wto-agricultural-negotiation\/\" class=\"blog-more-link\"> Lea m\u00e1s<\/a>\n\t\t\t\t\t\t\t\t\t\t\t\t\t<\/div>\n\t\t\t\t\t\t\t\t\t\t\t<\/div>\n\t\t\t\t<\/div>\n\t\t\t<\/div>\n\t\t<\/div>\n\t\t\t\t<div id=\"post-2348\" class=\"blog type-blog blog-clearfix wpbaw-blog-class blog-col-1 has-date no-thumb\">\n\t\t\t<div class=\"blog-inner-wrap-view blog-clearfix\">\n\t\t\t\t\n\t\t\t\t<div class=\"blog-content\">\n\t\t\t\t\t\t\t\t\t\t\t\t<div class=\"date-post\">\n\t\t\t\t\t\t\t\t<h2><span>12<\/span><\/h2>\n\t\t\t\t\t\t\t\t<p>Nov 20<\/p>\n\t\t\t\t\t\t\t<\/div>\n\t\t\t\t\t\t \n\t\t\t\t\t<div class=\"post-content-text\">\n\t\t\t\t\t\t\t\t\t\t\t\t<div class=\"grid-1-date\">\n\t\t\t\t\t\t\tnoviembre 12, 2020\t\t\t\t\t\t<\/div>\n\t\t\t\t\t\t\t\t\t\t\t\t<h3 class=\"blog-title\"><a href=\"https:\/\/f-integral.org\/es\/blog-post\/new-role-oecd\/\" rel=\"bookmark\">The new role of the OECD and the intelligence services &#8211; El nuevo papel de la OCDE y los servicios de inteligencia. Dr.Jorge Riaboi<\/a><\/h3>\n\t\t\t\t\t\t\t\t\t\t\t\t<div class=\"blog-cat\">\n\t\t\t\t\t\t\t\t\t\t\t\t\t  \t<span class=\"grid-1-author\">por\t\t\t\t\t\t  \t\t<a href=\"https:\/\/f-integral.org\/es\/author\/rruaboiero\/\" target=\"_self\">rruaboiero<\/a>\n\t\t\t\t\t\t  \t<\/span>\n\t\t\t\t\t\t\t\t\t\t\t\t\t<\/div>\n\t\t\t\t\t\t\t\t\t\t\t\t<div class=\"blog-content-excerpt\">\n\t\t\t\t\t\t\t\t\t\t\t\t\t\t\t<p class=\"blog-short-content\">(...) esta columna se concentrar\u00e1 en un terceto de problemas que se las traen: a) el nuevo seguimiento oficial de...<\/p>\n\t\t\t\t\t\t\t\t<a href=\"https:\/\/f-integral.org\/es\/blog-post\/new-role-oecd\/\" class=\"blog-more-link\"> Lea m\u00e1s<\/a>\n\t\t\t\t\t\t\t\t\t\t\t\t\t<\/div>\n\t\t\t\t\t\t\t\t\t\t\t<\/div>\n\t\t\t\t<\/div>\n\t\t\t<\/div>\n\t\t<\/div>\n\t\t\t\t<div id=\"post-2340\" class=\"blog type-blog blog-clearfix wpbaw-blog-class blog-col-1 has-date no-thumb\">\n\t\t\t<div class=\"blog-inner-wrap-view blog-clearfix\">\n\t\t\t\t\n\t\t\t\t<div class=\"blog-content\">\n\t\t\t\t\t\t\t\t\t\t\t\t<div class=\"date-post\">\n\t\t\t\t\t\t\t\t<h2><span>15<\/span><\/h2>\n\t\t\t\t\t\t\t\t<p>Oct 20<\/p>\n\t\t\t\t\t\t\t<\/div>\n\t\t\t\t\t\t \n\t\t\t\t\t<div class=\"post-content-text\">\n\t\t\t\t\t\t\t\t\t\t\t\t<div class=\"grid-1-date\">\n\t\t\t\t\t\t\toctubre 15, 2020\t\t\t\t\t\t<\/div>\n\t\t\t\t\t\t\t\t\t\t\t\t<h3 class=\"blog-title\"><a href=\"https:\/\/f-integral.org\/es\/blog-post\/us-to-globalize-the-mexican-recipe\/\" rel=\"bookmark\">The United States intends to globalize the Mexican recipe &#8211; Estados Unidos se propone globalizar la receta mexicana. Dr.Jorge Riaboi<\/a><\/h3>\n\t\t\t\t\t\t\t\t\t\t\t\t<div class=\"blog-cat\">\n\t\t\t\t\t\t\t\t\t\t\t\t\t  \t<span class=\"grid-1-author\">por\t\t\t\t\t\t  \t\t<a href=\"https:\/\/f-integral.org\/es\/author\/rruaboiero\/\" target=\"_self\">rruaboiero<\/a>\n\t\t\t\t\t\t  \t<\/span>\n\t\t\t\t\t\t\t\t\t\t\t\t\t<\/div>\n\t\t\t\t\t\t\t\t\t\t\t\t<div class=\"blog-content-excerpt\">\n\t\t\t\t\t\t\t\t\t\t\t\t\t\t\t<p class=\"blog-short-content\">(...) the political class in the United States began to rethink the approaches and measures that in the last twenty-five...<\/p>\n\t\t\t\t\t\t\t\t<a href=\"https:\/\/f-integral.org\/es\/blog-post\/us-to-globalize-the-mexican-recipe\/\" class=\"blog-more-link\"> Lea m\u00e1s<\/a>\n\t\t\t\t\t\t\t\t\t\t\t\t\t<\/div>\n\t\t\t\t\t\t\t\t\t\t\t<\/div>\n\t\t\t\t<\/div>\n\t\t\t<\/div>\n\t\t<\/div>\n\t\t\t\t<div id=\"post-2336\" class=\"blog type-blog blog-clearfix wpbaw-blog-class blog-col-1 has-date no-thumb\">\n\t\t\t<div class=\"blog-inner-wrap-view blog-clearfix\">\n\t\t\t\t\n\t\t\t\t<div class=\"blog-content\">\n\t\t\t\t\t\t\t\t\t\t\t\t<div class=\"date-post\">\n\t\t\t\t\t\t\t\t<h2><span>30<\/span><\/h2>\n\t\t\t\t\t\t\t\t<p>Sep 20<\/p>\n\t\t\t\t\t\t\t<\/div>\n\t\t\t\t\t\t \n\t\t\t\t\t<div class=\"post-content-text\">\n\t\t\t\t\t\t\t\t\t\t\t\t<div class=\"grid-1-date\">\n\t\t\t\t\t\t\tseptiembre 30, 2020\t\t\t\t\t\t<\/div>\n\t\t\t\t\t\t\t\t\t\t\t\t<h3 class=\"blog-title\"><a href=\"https:\/\/f-integral.org\/es\/blog-post\/politica-comercial-internacional\/\" rel=\"bookmark\">The childish reaction of the United States to an adverse ruling by the WTO &#8211; La infantil reacci\u00f3n de EEUU ante un fallo adverso de la OMC. Dr. Jorge RIABOI<\/a><\/h3>\n\t\t\t\t\t\t\t\t\t\t\t\t<div class=\"blog-cat\">\n\t\t\t\t\t\t\t\t\t\t\t\t\t  \t<span class=\"grid-1-author\">por\t\t\t\t\t\t  \t\t<a href=\"https:\/\/f-integral.org\/es\/author\/rruaboiero\/\" target=\"_self\">rruaboiero<\/a>\n\t\t\t\t\t\t  \t<\/span>\n\t\t\t\t\t\t\t\t\t\t\t\t\t<\/div>\n\t\t\t\t\t\t\t\t\t\t\t\t<div class=\"blog-content-excerpt\">\n\t\t\t\t\t\t\t\t\t\t\t\t\t\t\t<p class=\"blog-short-content\">El nerviosismo que exhibi\u00f3 la pasada semana el Representante Comercial de Estados Unidos (USTR), el embajador Robert (Bob) Lighthizer, ante...<\/p>\n\t\t\t\t\t\t\t\t<a href=\"https:\/\/f-integral.org\/es\/blog-post\/politica-comercial-internacional\/\" class=\"blog-more-link\"> Lea m\u00e1s<\/a>\n\t\t\t\t\t\t\t\t\t\t\t\t\t<\/div>\n\t\t\t\t\t\t\t\t\t\t\t<\/div>\n\t\t\t\t<\/div>\n\t\t\t<\/div>\n\t\t<\/div>\n\t\t\t\t<div id=\"post-2330\" class=\"blog type-blog blog-clearfix wpbaw-blog-class blog-col-1 has-date no-thumb\">\n\t\t\t<div class=\"blog-inner-wrap-view blog-clearfix\">\n\t\t\t\t\n\t\t\t\t<div class=\"blog-content\">\n\t\t\t\t\t\t\t\t\t\t\t\t<div class=\"date-post\">\n\t\t\t\t\t\t\t\t<h2><span>9<\/span><\/h2>\n\t\t\t\t\t\t\t\t<p>Sep 20<\/p>\n\t\t\t\t\t\t\t<\/div>\n\t\t\t\t\t\t \n\t\t\t\t\t<div class=\"post-content-text\">\n\t\t\t\t\t\t\t\t\t\t\t\t<div class=\"grid-1-date\">\n\t\t\t\t\t\t\tseptiembre 9, 2020\t\t\t\t\t\t<\/div>\n\t\t\t\t\t\t\t\t\t\t\t\t<h3 class=\"blog-title\"><a href=\"https:\/\/f-integral.org\/es\/blog-post\/politica-comercial-e-industrial\/\" rel=\"bookmark\">El rol de Pap\u00e1 Estado en la Pol\u00edtica Comercial e Industrial &#8211; The role of Father State in trade and industrial policy. Dr. Jorge RIABOI<\/a><\/h3>\n\t\t\t\t\t\t\t\t\t\t\t\t<div class=\"blog-cat\">\n\t\t\t\t\t\t\t\t\t\t\t\t\t  \t<span class=\"grid-1-author\">por\t\t\t\t\t\t  \t\t<a href=\"https:\/\/f-integral.org\/es\/author\/rruaboiero\/\" target=\"_self\">rruaboiero<\/a>\n\t\t\t\t\t\t  \t<\/span>\n\t\t\t\t\t\t\t\t\t\t\t\t\t<\/div>\n\t\t\t\t\t\t\t\t\t\t\t\t<div class=\"blog-content-excerpt\">\n\t\t\t\t\t\t\t\t\t\t\t\t\t\t\t<p class=\"blog-short-content\">(...) El esfuerzo por concebir una nueva Pol\u00edtica Industrial, que de eso se trata, excede el campo de las razones...<\/p>\n\t\t\t\t\t\t\t\t<a href=\"https:\/\/f-integral.org\/es\/blog-post\/politica-comercial-e-industrial\/\" class=\"blog-more-link\"> Lea m\u00e1s<\/a>\n\t\t\t\t\t\t\t\t\t\t\t\t\t<\/div>\n\t\t\t\t\t\t\t\t\t\t\t<\/div>\n\t\t\t\t<\/div>\n\t\t\t<\/div>\n\t\t<\/div>\n\t\t\t\t<div id=\"post-1696\" class=\"blog type-blog blog-clearfix wpbaw-blog-class blog-col-1 has-date has-thumb\">\n\t\t\t<div class=\"blog-inner-wrap-view blog-clearfix\">\n\t\t\t\t\t\t\t\t\t<div class=\"blog-thumb\">\n\t\t\t\t\t\t<div class=\"grid-blog-thumb\">\n\t\t\t\t\t\t\t<a href=\"https:\/\/f-integral.org\/es\/blog-post\/enfrentamiento-comercial-entre-eeuu-y-la-rp-de-china-dra-elena-di-vico\/\"><img decoding=\"async\" class=\"wpbaw-blog-img\" src=\"https:\/\/f-integral.org\/wp-content\/uploads\/2018\/05\/White_House-1024x683.jpg\" alt=\"ENFRENTAMIENTO COMERCIAL ENTRE EEUU Y LA RP DE CHINA &#8211; Dra. Elena Di Vico\"\/><\/a>\n\t\t\t\t\t\t<\/div>\n\t\t\t\t\t<\/div>\n\t\t\t\t\n\t\t\t\t<div class=\"blog-content\">\n\t\t\t\t\t\t\t\t\t\t\t\t<div class=\"date-post\">\n\t\t\t\t\t\t\t\t<h2><span>29<\/span><\/h2>\n\t\t\t\t\t\t\t\t<p>May 18<\/p>\n\t\t\t\t\t\t\t<\/div>\n\t\t\t\t\t\t \n\t\t\t\t\t<div class=\"post-content-text\">\n\t\t\t\t\t\t\t\t\t\t\t\t<div class=\"grid-1-date\">\n\t\t\t\t\t\t\tmayo 29, 2018\t\t\t\t\t\t<\/div>\n\t\t\t\t\t\t\t\t\t\t\t\t<h3 class=\"blog-title\"><a href=\"https:\/\/f-integral.org\/es\/blog-post\/enfrentamiento-comercial-entre-eeuu-y-la-rp-de-china-dra-elena-di-vico\/\" rel=\"bookmark\">ENFRENTAMIENTO COMERCIAL ENTRE EEUU Y LA RP DE CHINA &#8211; Dra. Elena Di Vico<\/a><\/h3>\n\t\t\t\t\t\t\t\t\t\t\t\t<div class=\"blog-cat\">\n\t\t\t\t\t\t\t\t\t\t\t\t\t  \t<span class=\"grid-1-author\">por\t\t\t\t\t\t  \t\t<a href=\"https:\/\/f-integral.org\/es\/author\/rruaboiero\/\" target=\"_self\">rruaboiero<\/a>\n\t\t\t\t\t\t  \t<\/span>\n\t\t\t\t\t\t\t\t\t\t\t\t\t<\/div>\n\t\t\t\t\t\t\t\t\t\t\t\t<div class=\"blog-content-excerpt\">\n\t\t\t\t\t\t\t\t\t\t\t\t\t\t\t<p class=\"blog-short-content\">En los \u00faltimos meses se ha comentado mucho sobre la relaci\u00f3n comercial entre los Estados Unidos y la Rep\u00fablica Popular...<\/p>\n\t\t\t\t\t\t\t\t<a href=\"https:\/\/f-integral.org\/es\/blog-post\/enfrentamiento-comercial-entre-eeuu-y-la-rp-de-china-dra-elena-di-vico\/\" class=\"blog-more-link\"> Lea m\u00e1s<\/a>\n\t\t\t\t\t\t\t\t\t\t\t\t\t<\/div>\n\t\t\t\t\t\t\t\t\t\t\t<\/div>\n\t\t\t\t<\/div>\n\t\t\t<\/div>\n\t\t<\/div>\n\t\t\t\t<div id=\"post-625\" class=\"blog type-blog blog-clearfix wpbaw-blog-class blog-col-1 has-date has-thumb\">\n\t\t\t<div class=\"blog-inner-wrap-view blog-clearfix\">\n\t\t\t\t\t\t\t\t\t<div class=\"blog-thumb\">\n\t\t\t\t\t\t<div class=\"grid-blog-thumb\">\n\t\t\t\t\t\t\t<a href=\"https:\/\/f-integral.org\/es\/blog-post\/blog_0002\/\"><img decoding=\"async\" class=\"wpbaw-blog-img\" src=\"https:\/\/f-integral.org\/wp-content\/uploads\/2017\/04\/world-map-trade.jpg\" alt=\"El desaf\u00edo de la exportaci\u00f3n\"\/><\/a>\n\t\t\t\t\t\t<\/div>\n\t\t\t\t\t<\/div>\n\t\t\t\t\n\t\t\t\t<div class=\"blog-content\">\n\t\t\t\t\t\t\t\t\t\t\t\t<div class=\"date-post\">\n\t\t\t\t\t\t\t\t<h2><span>19<\/span><\/h2>\n\t\t\t\t\t\t\t\t<p>Abr 17<\/p>\n\t\t\t\t\t\t\t<\/div>\n\t\t\t\t\t\t \n\t\t\t\t\t<div class=\"post-content-text\">\n\t\t\t\t\t\t\t\t\t\t\t\t<div class=\"grid-1-date\">\n\t\t\t\t\t\t\tabril 19, 2017\t\t\t\t\t\t<\/div>\n\t\t\t\t\t\t\t\t\t\t\t\t<h3 class=\"blog-title\"><a href=\"https:\/\/f-integral.org\/es\/blog-post\/blog_0002\/\" rel=\"bookmark\">El desaf\u00edo de la exportaci\u00f3n<\/a><\/h3>\n\t\t\t\t\t\t\t\t\t\t\t\t<div class=\"blog-cat\">\n\t\t\t\t\t\t\t\t\t\t\t\t\t  \t<span class=\"grid-1-author\">por\t\t\t\t\t\t  \t\t<a href=\"https:\/\/f-integral.org\/es\/author\/rruaboiero\/\" target=\"_self\">rruaboiero<\/a>\n\t\t\t\t\t\t  \t<\/span>\n\t\t\t\t\t\t\t\t\t\t\t\t\t<\/div>\n\t\t\t\t\t\t\t\t\t\t\t\t<div class=\"blog-content-excerpt\">\n\t\t\t\t\t\t\t\t\t\t\t\t\t\t\t<p class=\"blog-short-content\">El negocio de la exportaci\u00f3n es m\u00e1s complicado, m\u00e1s riesgoso y m\u00e1s costoso que el negocio que s\u00f3lo abastece al...<\/p>\n\t\t\t\t\t\t\t\t<a href=\"https:\/\/f-integral.org\/es\/blog-post\/blog_0002\/\" class=\"blog-more-link\"> Lea m\u00e1s<\/a>\n\t\t\t\t\t\t\t\t\t\t\t\t\t<\/div>\n\t\t\t\t\t\t\t\t\t\t\t<\/div>\n\t\t\t\t<\/div>\n\t\t\t<\/div>\n\t\t<\/div>\n\t\t\t<\/div>\n\t\n\t<\/div>\n","protected":false},"excerpt":{"rendered":"","protected":false},"author":31,"featured_media":0,"parent":0,"menu_order":0,"comment_status":"closed","ping_status":"closed","template":"","meta":{"footnotes":""},"class_list":["post-656","page","type-page","status-publish","hentry"],"yoast_head":"<!-- This site is optimized with the Yoast SEO plugin v27.2 - https:\/\/yoast.com\/product\/yoast-seo-wordpress\/ -->\n<title>Blog - Center of Studies onEconomic Integration and International Trade<\/title>\n<meta name=\"description\" content=\"Opini\u00f3n e ideas de expertos en comercio internacional, pol\u00edticas comerciales y promoci\u00f3n de las exportaciones de peque\u00f1as y medianas empresas\" \/>\n<meta name=\"robots\" content=\"index, follow, max-snippet:-1, max-image-preview:large, max-video-preview:-1\" \/>\n<link rel=\"canonical\" href=\"https:\/\/f-integral.org\/es\/blog\/\" \/>\n<meta property=\"og:locale\" content=\"es_ES\" \/>\n<meta property=\"og:type\" content=\"article\" \/>\n<meta property=\"og:title\" content=\"Blog - Center of Studies onEconomic Integration and International Trade\" \/>\n<meta property=\"og:description\" content=\"Opini\u00f3n e ideas de expertos en comercio internacional, pol\u00edticas comerciales y promoci\u00f3n de las exportaciones de peque\u00f1as y medianas empresas\" \/>\n<meta property=\"og:url\" content=\"https:\/\/f-integral.org\/es\/blog\/\" \/>\n<meta property=\"og:site_name\" content=\"Center of Studies onEconomic Integration and International Trade\" \/>\n<meta property=\"article:publisher\" content=\"https:\/\/www.facebook.com\/fInteg\" \/>\n<meta property=\"article:modified_time\" content=\"2017-04-20T17:27:28+00:00\" \/>\n<meta property=\"og:image\" content=\"http:\/\/f-integral.org\/wp-content\/uploads\/2016\/12\/Lighthouse-a-300x129.jpg\" \/>\n<meta name=\"twitter:card\" content=\"summary_large_image\" \/>\n<meta name=\"twitter:site\" content=\"@Integral2013\" \/>\n<script type=\"application\/ld+json\" class=\"yoast-schema-graph\">{\"@context\":\"https:\/\/schema.org\",\"@graph\":[{\"@type\":\"WebPage\",\"@id\":\"https:\/\/f-integral.org\/es\/blog\/\",\"url\":\"https:\/\/f-integral.org\/es\/blog\/\",\"name\":\"Blog - Center of Studies onEconomic Integration and International Trade\",\"isPartOf\":{\"@id\":\"https:\/\/f-integral.org\/#website\"},\"primaryImageOfPage\":{\"@id\":\"https:\/\/f-integral.org\/es\/blog\/#primaryimage\"},\"image\":{\"@id\":\"https:\/\/f-integral.org\/es\/blog\/#primaryimage\"},\"thumbnailUrl\":\"http:\/\/f-integral.org\/wp-content\/uploads\/2016\/12\/Lighthouse-a-300x129.jpg\",\"datePublished\":\"2016-12-01T09:40:05+00:00\",\"dateModified\":\"2017-04-20T17:27:28+00:00\",\"description\":\"Opini\u00f3n e ideas de expertos en comercio internacional, pol\u00edticas comerciales y promoci\u00f3n de las exportaciones de peque\u00f1as y medianas empresas\",\"breadcrumb\":{\"@id\":\"https:\/\/f-integral.org\/es\/blog\/#breadcrumb\"},\"inLanguage\":\"es\",\"potentialAction\":[{\"@type\":\"ReadAction\",\"target\":[\"https:\/\/f-integral.org\/es\/blog\/\"]}]},{\"@type\":\"ImageObject\",\"inLanguage\":\"es\",\"@id\":\"https:\/\/f-integral.org\/es\/blog\/#primaryimage\",\"url\":\"http:\/\/f-integral.org\/wp-content\/uploads\/2016\/12\/Lighthouse-a-300x129.jpg\",\"contentUrl\":\"http:\/\/f-integral.org\/wp-content\/uploads\/2016\/12\/Lighthouse-a-300x129.jpg\"},{\"@type\":\"BreadcrumbList\",\"@id\":\"https:\/\/f-integral.org\/es\/blog\/#breadcrumb\",\"itemListElement\":[{\"@type\":\"ListItem\",\"position\":1,\"name\":\"Home\",\"item\":\"https:\/\/f-integral.org\/es\/\"},{\"@type\":\"ListItem\",\"position\":2,\"name\":\"Blog\"}]},{\"@type\":\"WebSite\",\"@id\":\"https:\/\/f-integral.org\/#website\",\"url\":\"https:\/\/f-integral.org\/\",\"name\":\"Center of Studies onEconomic Integration and International Trade\",\"description\":\"INTEGRAL Site\",\"publisher\":{\"@id\":\"https:\/\/f-integral.org\/#organization\"},\"potentialAction\":[{\"@type\":\"SearchAction\",\"target\":{\"@type\":\"EntryPoint\",\"urlTemplate\":\"https:\/\/f-integral.org\/?s={search_term_string}\"},\"query-input\":{\"@type\":\"PropertyValueSpecification\",\"valueRequired\":true,\"valueName\":\"search_term_string\"}}],\"inLanguage\":\"es\"},{\"@type\":\"Organization\",\"@id\":\"https:\/\/f-integral.org\/#organization\",\"name\":\"Center of Studies on Economic Integration and International Trade\",\"url\":\"https:\/\/f-integral.org\/\",\"logo\":{\"@type\":\"ImageObject\",\"inLanguage\":\"es\",\"@id\":\"https:\/\/f-integral.org\/#\/schema\/logo\/image\/\",\"url\":\"https:\/\/f-integral.org\/wp-content\/uploads\/2017\/05\/Integral_Favicon.jpg\",\"contentUrl\":\"https:\/\/f-integral.org\/wp-content\/uploads\/2017\/05\/Integral_Favicon.jpg\",\"width\":512,\"height\":512,\"caption\":\"Center of Studies on Economic Integration and International Trade\"},\"image\":{\"@id\":\"https:\/\/f-integral.org\/#\/schema\/logo\/image\/\"},\"sameAs\":[\"https:\/\/www.facebook.com\/fInteg\",\"https:\/\/x.com\/Integral2013\",\"https:\/\/twitter.com\/Integral2013\"]}]}<\/script>\n<!-- \/ Yoast SEO plugin. -->","yoast_head_json":{"title":"Blog - Center of Studies onEconomic Integration and International Trade","description":"Opini\u00f3n e ideas de expertos en comercio internacional, pol\u00edticas comerciales y promoci\u00f3n de las exportaciones de peque\u00f1as y medianas empresas","robots":{"index":"index","follow":"follow","max-snippet":"max-snippet:-1","max-image-preview":"max-image-preview:large","max-video-preview":"max-video-preview:-1"},"canonical":"https:\/\/f-integral.org\/es\/blog\/","og_locale":"es_ES","og_type":"article","og_title":"Blog - Center of Studies onEconomic Integration and International Trade","og_description":"Opini\u00f3n e ideas de expertos en comercio internacional, pol\u00edticas comerciales y promoci\u00f3n de las exportaciones de peque\u00f1as y medianas empresas","og_url":"https:\/\/f-integral.org\/es\/blog\/","og_site_name":"Center of Studies onEconomic Integration and International Trade","article_publisher":"https:\/\/www.facebook.com\/fInteg","article_modified_time":"2017-04-20T17:27:28+00:00","og_image":[{"url":"http:\/\/f-integral.org\/wp-content\/uploads\/2016\/12\/Lighthouse-a-300x129.jpg","type":"","width":"","height":""}],"twitter_card":"summary_large_image","twitter_site":"@Integral2013","schema":{"@context":"https:\/\/schema.org","@graph":[{"@type":"WebPage","@id":"https:\/\/f-integral.org\/es\/blog\/","url":"https:\/\/f-integral.org\/es\/blog\/","name":"Blog - Center of Studies onEconomic Integration and International Trade","isPartOf":{"@id":"https:\/\/f-integral.org\/#website"},"primaryImageOfPage":{"@id":"https:\/\/f-integral.org\/es\/blog\/#primaryimage"},"image":{"@id":"https:\/\/f-integral.org\/es\/blog\/#primaryimage"},"thumbnailUrl":"http:\/\/f-integral.org\/wp-content\/uploads\/2016\/12\/Lighthouse-a-300x129.jpg","datePublished":"2016-12-01T09:40:05+00:00","dateModified":"2017-04-20T17:27:28+00:00","description":"Opini\u00f3n e ideas de expertos en comercio internacional, pol\u00edticas comerciales y promoci\u00f3n de las exportaciones de peque\u00f1as y medianas empresas","breadcrumb":{"@id":"https:\/\/f-integral.org\/es\/blog\/#breadcrumb"},"inLanguage":"es","potentialAction":[{"@type":"ReadAction","target":["https:\/\/f-integral.org\/es\/blog\/"]}]},{"@type":"ImageObject","inLanguage":"es","@id":"https:\/\/f-integral.org\/es\/blog\/#primaryimage","url":"http:\/\/f-integral.org\/wp-content\/uploads\/2016\/12\/Lighthouse-a-300x129.jpg","contentUrl":"http:\/\/f-integral.org\/wp-content\/uploads\/2016\/12\/Lighthouse-a-300x129.jpg"},{"@type":"BreadcrumbList","@id":"https:\/\/f-integral.org\/es\/blog\/#breadcrumb","itemListElement":[{"@type":"ListItem","position":1,"name":"Home","item":"https:\/\/f-integral.org\/es\/"},{"@type":"ListItem","position":2,"name":"Blog"}]},{"@type":"WebSite","@id":"https:\/\/f-integral.org\/#website","url":"https:\/\/f-integral.org\/","name":"Center of Studies onEconomic Integration and International Trade","description":"INTEGRAL Site","publisher":{"@id":"https:\/\/f-integral.org\/#organization"},"potentialAction":[{"@type":"SearchAction","target":{"@type":"EntryPoint","urlTemplate":"https:\/\/f-integral.org\/?s={search_term_string}"},"query-input":{"@type":"PropertyValueSpecification","valueRequired":true,"valueName":"search_term_string"}}],"inLanguage":"es"},{"@type":"Organization","@id":"https:\/\/f-integral.org\/#organization","name":"Center of Studies on Economic Integration and International Trade","url":"https:\/\/f-integral.org\/","logo":{"@type":"ImageObject","inLanguage":"es","@id":"https:\/\/f-integral.org\/#\/schema\/logo\/image\/","url":"https:\/\/f-integral.org\/wp-content\/uploads\/2017\/05\/Integral_Favicon.jpg","contentUrl":"https:\/\/f-integral.org\/wp-content\/uploads\/2017\/05\/Integral_Favicon.jpg","width":512,"height":512,"caption":"Center of Studies on Economic Integration and International Trade"},"image":{"@id":"https:\/\/f-integral.org\/#\/schema\/logo\/image\/"},"sameAs":["https:\/\/www.facebook.com\/fInteg","https:\/\/x.com\/Integral2013","https:\/\/twitter.com\/Integral2013"]}]}},"_links":{"self":[{"href":"https:\/\/f-integral.org\/es\/wp-json\/wp\/v2\/pages\/656","targetHints":{"allow":["GET"]}}],"collection":[{"href":"https:\/\/f-integral.org\/es\/wp-json\/wp\/v2\/pages"}],"about":[{"href":"https:\/\/f-integral.org\/es\/wp-json\/wp\/v2\/types\/page"}],"author":[{"embeddable":true,"href":"https:\/\/f-integral.org\/es\/wp-json\/wp\/v2\/users\/31"}],"replies":[{"embeddable":true,"href":"https:\/\/f-integral.org\/es\/wp-json\/wp\/v2\/comments?post=656"}],"version-history":[{"count":0,"href":"https:\/\/f-integral.org\/es\/wp-json\/wp\/v2\/pages\/656\/revisions"}],"wp:attachment":[{"href":"https:\/\/f-integral.org\/es\/wp-json\/wp\/v2\/media?parent=656"}],"curies":[{"name":"wp","href":"https:\/\/api.w.org\/{rel}","templated":true}]}}