{"id":771,"date":"2016-11-19T07:57:54","date_gmt":"2016-11-19T07:57:54","guid":{"rendered":"http:\/\/f-integral.org\/events\/events\/"},"modified":"2020-05-31T18:53:02","modified_gmt":"2020-05-31T18:53:02","slug":"events","status":"publish","type":"page","link":"https:\/\/f-integral.org\/es\/events\/","title":{"rendered":"Anuncios"},"content":{"rendered":"\n<div class=\"about-container events\">\n<div class=\"abtsec1 sec-abt events-inner\"><style>\n.big {\n  line-height: 1.8;\n}\n<\/style>\n<h2><div class=\"big\"><span style=\"color: #003366;\">Programa de Capacitaci\u00f3n en Negociaciones Comerciales Internacionales \u00abRICARDO ESTRADA\u00bb &#8211; I Curso B\u00e1sico de T\u00e9cnicas de Negociaci\u00f3n<\/span><\/div><\/h2>\n<p>(05 al 09 de Marzo, 2018)<br>En el marco del <a href=\"http:\/\/f-integral.org\/wp-content\/uploads\/2017\/01\/MOU_CORPEI_INTEGRAL_Signed_08Set17.pdf\" target=\"_blank\" rel=\"noopener noreferrer\"><strong>Memorandum de Entendimiento<\/strong><\/a> suscripto entre CORPEI e INTEGRAL en Setiembre de 2018, INTEGRAL dicta el I Curso B\u00e1sico de T\u00e9cnicas de Negociaci\u00f3n, destinado a funcionarios gubernamentales y representantes del sector privado de Ecuador, que se realiza en el Hotel Hilton Col\u00f3n de Guayaquil del 5 al 9 de Marzo de 2018.&nbsp;<strong><a href=\"http:\/\/f-integral.org\/wp-content\/uploads\/2018\/01\/Folleto_Curso_Tecnicas_Negociacion.pdf\" target=\"_blank\" rel=\"noopener noreferrer\">Acceda aqu\u00ed a la informaci\u00f3n correspondiente<\/a><\/strong>.<\/p>\n<h2><div class=\"big\"><span style=\"color: #003366;\">Nuevo libro de nuestro Consultor Asociado, Gregorio Crist\u00f3bal Carle, editado en 2014 por ESIC Editorial: \u00abInternacionalizaci\u00f3n, mercados y empresa\u00bb<\/span><\/div><\/h2>\n<p>Actualmente el nuevo, exigente y cambiante escenario internacional de los negocios, impulsado por el proceso globalizador (hecho reflejado en el considerable aumento de las tasas de crecimiento del comercio mundial, en la aparici\u00f3n en escena de nuevos pa\u00edses protagonistas otrora menos relevantes, o el enorme auge de la inversi\u00f3n extranjera directa) requiere de las empresas un mayor esfuerzo, adem\u00e1s de nueva visi\u00f3n estrat\u00e9gica de su actividad basada en el conocimiento profundo de todos los factores y variables que afectan e inciden en la operativa comercial desarrollada m\u00e1s all\u00e1 del \u00e1mbito geogr\u00e1fico dom\u00e9stico.<\/p>\n<p>Abordar mercados exteriores no es tarea f\u00e1cil, pero a trav\u00e9s de la predisposici\u00f3n al aprendizaje, la formaci\u00f3n continua del capital humano, la visi\u00f3n global y la adaptaci\u00f3n al cambio (lo \u00fanico que es permanente), el an\u00e1lisis, la planificaci\u00f3n y la toma de decisiones estrat\u00e9gicas adecuadas a la realidad de cada momento y mercado de destino y el seguimiento exhaustivo de la operativa gestionada por las organizaciones, se logran los niveles de competitividad y diferenciaci\u00f3n necesarios para alcanzar los objetivos y metas esperados y previstos.<\/p>\n<p>Sin duda el esfuerzo es arduo a todos los niveles, pero los logros y resultados obtenidos compensan el proceso, las dudas y las incertidumbres generadas a lo largo del dif\u00edcil camino a recorrer para alcanzar un posicionamiento internacional estable, seguro y creciente.<\/p>\n<h2><div class=\"big\"><span style=\"color: #003366;\">Primera Simulaci\u00f3n MODEL WTO ESPM\/RS 2010<\/span><\/div><\/h2>\n<p>(14 al 15 de octubre, 2010)<\/p>\n<p>La <a href=\"http:\/\/wto.espm.br\/model.html\">Escola Superior de Propaganda e Marketing<\/a> organiza la primera simulaci\u00f3n del Modelo WTO ESPM\/RS 2010, consistente en un caso de Soluci\u00f3n de Controversias entre dos pa\u00edses miembros de la Organizaci\u00f3n Mundial del Comercio que, al no haber alcanzado un acuerdo en la fase de consulta, solicitan la instalaci\u00f3n de un Panel ante el \u00f3rgano correspondiente de la OMC. El entrenamiento est\u00e1 orientado a que los participantes desarrollen sus argumentos &#8211; en defensa de los intereses de cada parte &#8211; y los defiendan luego verbalmente ante los \u00e1rbitros de la disputa, profesores e investigadores de la instituci\u00f3n educativa. El evento tendr\u00e1 lugar entre el 14 y 15 de octubre de 2010. <strong><a href=\"http:\/\/f-integral.org\/wp-content\/uploads\/2016\/12\/Simulacion_WTO.jpg\">Acceda aqu\u00ed a la informaci\u00f3n correspondiente<\/a><\/strong>.<\/p>\n<\/div>\n<\/div>\n\n\n","protected":false},"excerpt":{"rendered":"<p>Programa de Capacitaci\u00f3n en Negociaciones Comerciales Internacionales \u00abRICARDO ESTRADA\u00bb &#8211; I Curso B\u00e1sico de T\u00e9cnicas de Negociaci\u00f3n (05 al 09 de Marzo, 2018)En el marco del Memorandum de Entendimiento suscripto entre CORPEI e INTEGRAL en Setiembre de 2018, INTEGRAL dicta el I Curso B\u00e1sico de T\u00e9cnicas de Negociaci\u00f3n, destinado a &hellip;<\/p>\n","protected":false},"author":31,"featured_media":0,"parent":0,"menu_order":0,"comment_status":"closed","ping_status":"closed","template":"","meta":{"footnotes":""},"class_list":["post-771","page","type-page","status-publish","hentry"],"yoast_head":"<!-- This site is optimized with the Yoast SEO plugin v27.2 - https:\/\/yoast.com\/product\/yoast-seo-wordpress\/ -->\n<title>Anuncios - Center of Studies onEconomic Integration and International Trade<\/title>\n<meta name=\"robots\" content=\"index, follow, max-snippet:-1, max-image-preview:large, max-video-preview:-1\" \/>\n<link rel=\"canonical\" href=\"https:\/\/f-integral.org\/es\/events\/\" \/>\n<meta property=\"og:locale\" content=\"es_ES\" \/>\n<meta property=\"og:type\" content=\"article\" \/>\n<meta property=\"og:title\" content=\"Anuncios - Center of Studies onEconomic Integration and International Trade\" \/>\n<meta property=\"og:description\" content=\"Programa de Capacitaci\u00f3n en Negociaciones Comerciales Internacionales \u00abRICARDO ESTRADA\u00bb &#8211; I Curso B\u00e1sico de T\u00e9cnicas de Negociaci\u00f3n (05 al 09 de Marzo, 2018)En el marco del Memorandum de Entendimiento suscripto entre CORPEI e INTEGRAL en Setiembre de 2018, INTEGRAL dicta el I Curso B\u00e1sico de T\u00e9cnicas de Negociaci\u00f3n, destinado a &hellip;\" \/>\n<meta property=\"og:url\" content=\"https:\/\/f-integral.org\/es\/events\/\" \/>\n<meta property=\"og:site_name\" content=\"Center of Studies onEconomic Integration and International Trade\" \/>\n<meta property=\"article:publisher\" content=\"https:\/\/www.facebook.com\/fInteg\" \/>\n<meta property=\"article:modified_time\" content=\"2020-05-31T18:53:02+00:00\" \/>\n<meta name=\"twitter:card\" content=\"summary_large_image\" \/>\n<meta name=\"twitter:site\" content=\"@Integral2013\" \/>\n<meta name=\"twitter:label1\" content=\"Tiempo de lectura\" \/>\n\t<meta name=\"twitter:data1\" content=\"2 minutos\" \/>\n<script type=\"application\/ld+json\" class=\"yoast-schema-graph\">{\"@context\":\"https:\/\/schema.org\",\"@graph\":[{\"@type\":\"WebPage\",\"@id\":\"https:\/\/f-integral.org\/es\/events\/\",\"url\":\"https:\/\/f-integral.org\/es\/events\/\",\"name\":\"Anuncios - Center of Studies onEconomic Integration and International Trade\",\"isPartOf\":{\"@id\":\"https:\/\/f-integral.org\/#website\"},\"datePublished\":\"2016-11-19T07:57:54+00:00\",\"dateModified\":\"2020-05-31T18:53:02+00:00\",\"breadcrumb\":{\"@id\":\"https:\/\/f-integral.org\/es\/events\/#breadcrumb\"},\"inLanguage\":\"es\",\"potentialAction\":[{\"@type\":\"ReadAction\",\"target\":[\"https:\/\/f-integral.org\/es\/events\/\"]}]},{\"@type\":\"BreadcrumbList\",\"@id\":\"https:\/\/f-integral.org\/es\/events\/#breadcrumb\",\"itemListElement\":[{\"@type\":\"ListItem\",\"position\":1,\"name\":\"Home\",\"item\":\"https:\/\/f-integral.org\/es\/\"},{\"@type\":\"ListItem\",\"position\":2,\"name\":\"Anuncios\"}]},{\"@type\":\"WebSite\",\"@id\":\"https:\/\/f-integral.org\/#website\",\"url\":\"https:\/\/f-integral.org\/\",\"name\":\"Center of Studies onEconomic Integration and International Trade\",\"description\":\"INTEGRAL Site\",\"publisher\":{\"@id\":\"https:\/\/f-integral.org\/#organization\"},\"potentialAction\":[{\"@type\":\"SearchAction\",\"target\":{\"@type\":\"EntryPoint\",\"urlTemplate\":\"https:\/\/f-integral.org\/?s={search_term_string}\"},\"query-input\":{\"@type\":\"PropertyValueSpecification\",\"valueRequired\":true,\"valueName\":\"search_term_string\"}}],\"inLanguage\":\"es\"},{\"@type\":\"Organization\",\"@id\":\"https:\/\/f-integral.org\/#organization\",\"name\":\"Center of Studies on Economic Integration and International Trade\",\"url\":\"https:\/\/f-integral.org\/\",\"logo\":{\"@type\":\"ImageObject\",\"inLanguage\":\"es\",\"@id\":\"https:\/\/f-integral.org\/#\/schema\/logo\/image\/\",\"url\":\"https:\/\/f-integral.org\/wp-content\/uploads\/2017\/05\/Integral_Favicon.jpg\",\"contentUrl\":\"https:\/\/f-integral.org\/wp-content\/uploads\/2017\/05\/Integral_Favicon.jpg\",\"width\":512,\"height\":512,\"caption\":\"Center of Studies on Economic Integration and International Trade\"},\"image\":{\"@id\":\"https:\/\/f-integral.org\/#\/schema\/logo\/image\/\"},\"sameAs\":[\"https:\/\/www.facebook.com\/fInteg\",\"https:\/\/x.com\/Integral2013\",\"https:\/\/twitter.com\/Integral2013\"]}]}<\/script>\n<!-- \/ Yoast SEO plugin. -->","yoast_head_json":{"title":"Anuncios - Center of Studies onEconomic Integration and International Trade","robots":{"index":"index","follow":"follow","max-snippet":"max-snippet:-1","max-image-preview":"max-image-preview:large","max-video-preview":"max-video-preview:-1"},"canonical":"https:\/\/f-integral.org\/es\/events\/","og_locale":"es_ES","og_type":"article","og_title":"Anuncios - Center of Studies onEconomic Integration and International Trade","og_description":"Programa de Capacitaci\u00f3n en Negociaciones Comerciales Internacionales \u00abRICARDO ESTRADA\u00bb &#8211; I Curso B\u00e1sico de T\u00e9cnicas de Negociaci\u00f3n (05 al 09 de Marzo, 2018)En el marco del Memorandum de Entendimiento suscripto entre CORPEI e INTEGRAL en Setiembre de 2018, INTEGRAL dicta el I Curso B\u00e1sico de T\u00e9cnicas de Negociaci\u00f3n, destinado a &hellip;","og_url":"https:\/\/f-integral.org\/es\/events\/","og_site_name":"Center of Studies onEconomic Integration and International Trade","article_publisher":"https:\/\/www.facebook.com\/fInteg","article_modified_time":"2020-05-31T18:53:02+00:00","twitter_card":"summary_large_image","twitter_site":"@Integral2013","twitter_misc":{"Tiempo de lectura":"2 minutos"},"schema":{"@context":"https:\/\/schema.org","@graph":[{"@type":"WebPage","@id":"https:\/\/f-integral.org\/es\/events\/","url":"https:\/\/f-integral.org\/es\/events\/","name":"Anuncios - Center of Studies onEconomic Integration and International Trade","isPartOf":{"@id":"https:\/\/f-integral.org\/#website"},"datePublished":"2016-11-19T07:57:54+00:00","dateModified":"2020-05-31T18:53:02+00:00","breadcrumb":{"@id":"https:\/\/f-integral.org\/es\/events\/#breadcrumb"},"inLanguage":"es","potentialAction":[{"@type":"ReadAction","target":["https:\/\/f-integral.org\/es\/events\/"]}]},{"@type":"BreadcrumbList","@id":"https:\/\/f-integral.org\/es\/events\/#breadcrumb","itemListElement":[{"@type":"ListItem","position":1,"name":"Home","item":"https:\/\/f-integral.org\/es\/"},{"@type":"ListItem","position":2,"name":"Anuncios"}]},{"@type":"WebSite","@id":"https:\/\/f-integral.org\/#website","url":"https:\/\/f-integral.org\/","name":"Center of Studies onEconomic Integration and International Trade","description":"INTEGRAL Site","publisher":{"@id":"https:\/\/f-integral.org\/#organization"},"potentialAction":[{"@type":"SearchAction","target":{"@type":"EntryPoint","urlTemplate":"https:\/\/f-integral.org\/?s={search_term_string}"},"query-input":{"@type":"PropertyValueSpecification","valueRequired":true,"valueName":"search_term_string"}}],"inLanguage":"es"},{"@type":"Organization","@id":"https:\/\/f-integral.org\/#organization","name":"Center of Studies on Economic Integration and International Trade","url":"https:\/\/f-integral.org\/","logo":{"@type":"ImageObject","inLanguage":"es","@id":"https:\/\/f-integral.org\/#\/schema\/logo\/image\/","url":"https:\/\/f-integral.org\/wp-content\/uploads\/2017\/05\/Integral_Favicon.jpg","contentUrl":"https:\/\/f-integral.org\/wp-content\/uploads\/2017\/05\/Integral_Favicon.jpg","width":512,"height":512,"caption":"Center of Studies on Economic Integration and International Trade"},"image":{"@id":"https:\/\/f-integral.org\/#\/schema\/logo\/image\/"},"sameAs":["https:\/\/www.facebook.com\/fInteg","https:\/\/x.com\/Integral2013","https:\/\/twitter.com\/Integral2013"]}]}},"_links":{"self":[{"href":"https:\/\/f-integral.org\/es\/wp-json\/wp\/v2\/pages\/771","targetHints":{"allow":["GET"]}}],"collection":[{"href":"https:\/\/f-integral.org\/es\/wp-json\/wp\/v2\/pages"}],"about":[{"href":"https:\/\/f-integral.org\/es\/wp-json\/wp\/v2\/types\/page"}],"author":[{"embeddable":true,"href":"https:\/\/f-integral.org\/es\/wp-json\/wp\/v2\/users\/31"}],"replies":[{"embeddable":true,"href":"https:\/\/f-integral.org\/es\/wp-json\/wp\/v2\/comments?post=771"}],"version-history":[{"count":0,"href":"https:\/\/f-integral.org\/es\/wp-json\/wp\/v2\/pages\/771\/revisions"}],"wp:attachment":[{"href":"https:\/\/f-integral.org\/es\/wp-json\/wp\/v2\/media?parent=771"}],"curies":[{"name":"wp","href":"https:\/\/api.w.org\/{rel}","templated":true}]}}