{"id":777,"date":"2016-11-19T07:58:23","date_gmt":"2016-11-19T07:58:23","guid":{"rendered":"http:\/\/f-integral.org\/events\/photo-gallery\/"},"modified":"2017-03-14T19:56:12","modified_gmt":"2017-03-14T19:56:12","slug":"photo-gallery","status":"publish","type":"page","link":"https:\/\/f-integral.org\/es\/photo-gallery\/","title":{"rendered":"Galer\u00eda de fotos"},"content":{"rendered":"<div class=\"about-container photo-gallery\">\n<div class=\" photo-gallery-inner\">\n<div class=\"abt-right-side\">\n<div class=\"left-one\">\n<p>El Centro de Estudios de Integraci\u00f3n Econ\u00f3mica y Comercio Internacional (INTEGRAL) es <img loading=\"lazy\" decoding=\"async\" class=\"wp-image-94 alignright\" src=\"http:\/\/f-integral.org\/wp-content\/uploads\/2016\/11\/05CUEN-300x225.jpg\" alt=\"\" width=\"179\" height=\"134\" srcset=\"https:\/\/f-integral.org\/wp-content\/uploads\/2016\/11\/05CUEN-300x225.jpg 300w, https:\/\/f-integral.org\/wp-content\/uploads\/2016\/11\/05CUEN.jpg 640w\" sizes=\"auto, (max-width: 179px) 100vw, 179px\" \/>una instituci\u00f3n que promueve y practica la camarader\u00eda.<\/p>\n<\/div>\n<p>&nbsp;<\/p>\n<\/div>\n<div class=\"abt-right-side\">\n<div class=\"left-tow\"><img loading=\"lazy\" decoding=\"async\" class=\"alignnone wp-image-414\" src=\"http:\/\/f-integral.org\/wp-content\/uploads\/2016\/11\/Auditorio.jpg\" alt=\"auditorio\" width=\"204\" height=\"153\" \/><\/div>\n<div class=\"right-one\">\n<p>A trav\u00e9s de nuestras numerosas actividades, hemos sabido construir amistad en cada uno de los pa\u00edses en los cuales hemos trabajado, ense\u00f1ado o visitado.<\/p>\n<\/div>\n<\/div>\n<div class=\"abt-right-side\">\n<div class=\"left-one\">\n<p>Ofrecemos aqu\u00ed un recorrido por esos momentos que hemos compartido y que deseamos todos recuerden con el mismo afecto con el que nosotros lo hacemos a diario.<\/p>\n<\/div>\n<div class=\"right-tow\"><img loading=\"lazy\" decoding=\"async\" class=\"alignnone size-full wp-image-418\" src=\"http:\/\/f-integral.org\/wp-content\/uploads\/2016\/11\/Grupo_Curso_a.jpg\" alt=\"grupo_curso_a\" width=\"210\" height=\"150\" \/><\/div>\n<\/div>\n<div class=\"abt-right-side\">\n<div class=\"left-tow\"><img loading=\"lazy\" decoding=\"async\" class=\"alignnone size-full wp-image-421\" src=\"http:\/\/f-integral.org\/wp-content\/uploads\/2016\/11\/Sala_Reunion.jpg\" alt=\"sala_reunion\" width=\"210\" height=\"150\" \/><\/div>\n<div class=\"right-one\">\n<p>En esta secci\u00f3n hemos ubicado fotograf\u00edas que reflejan nuestro trabajo cotidiano en la instituci\u00f3n.<\/p>\n<\/div>\n<\/div>\n<div class=\"abt-right-side\">\n<div class=\"left-one\">\n<p>Los distintos eventos en los cuales hemos participado, como asistentes, conferencistas o instructores, u organizadores.<\/p>\n<\/div>\n<div class=\"right-tow\"><img loading=\"lazy\" decoding=\"async\" class=\"alignnone size-full wp-image-424\" src=\"http:\/\/f-integral.org\/wp-content\/uploads\/2016\/11\/Conferencia_prensa_a.jpg\" alt=\"conferencia_prensa_a\" width=\"210\" height=\"150\" \/><\/div>\n<\/div>\n<div class=\"abt-right-side\">\n<div class=\"left-tow\"><img loading=\"lazy\" decoding=\"async\" class=\"alignnone size-full wp-image-427\" src=\"http:\/\/f-integral.org\/wp-content\/uploads\/2016\/11\/Evento.jpg\" alt=\"evento\" width=\"210\" height=\"150\" \/><\/div>\n<div class=\"right-one\">\n<p>Y los cursos de capacitaci\u00f3n que hemos dictado en distintos pa\u00edses del hemisferio.<\/p>\n<\/div>\n<\/div>\n<p>Es nuestro deseo que todos disfruten de estas memorias cada vez que ingresen a nuestro sitio.<\/p>\n<p><a href=\"http:\/\/f-integral.org\/wp-content\/uploads\/fotos\/gallery\/Albums\/I_Course\/album\/index.html\" target=\"_blank\">Bienvenidos a la Galer\u00eda de Fotos de INTEGRAL<\/a><\/p>\n<div class=\"abt-right-side-same\">\n<div class=\"left-one\"><img loading=\"lazy\" decoding=\"async\" width=\"228\" height=\"207\" class=\"alignnone wp-image-429\" style=\"width: 211px; height: 171px;\" src=\"http:\/\/f-integral.org\/wp-content\/uploads\/2016\/11\/Presentacion_RRB_a.jpg\" alt=\"presentacion_rrb_a\" \/><\/div>\n<div class=\"right-tow\"><img loading=\"lazy\" decoding=\"async\" width=\"228\" height=\"171\" class=\"alignnone wp-image-430\" style=\"width: 211px; height: 171px;\" src=\"http:\/\/f-integral.org\/wp-content\/uploads\/2016\/11\/Deuxieme_Maison.jpg\" alt=\"deuxieme_maison\" \/><\/div>\n<\/div>\n<\/div>\n<\/div>\n","protected":false},"excerpt":{"rendered":"<p>El Centro de Estudios de Integraci\u00f3n Econ\u00f3mica y Comercio Internacional (INTEGRAL) es una instituci\u00f3n que promueve y practica la camarader\u00eda. &nbsp; A trav\u00e9s de nuestras numerosas actividades, hemos sabido construir amistad en cada uno de los pa\u00edses en los cuales hemos trabajado, ense\u00f1ado o visitado. Ofrecemos aqu\u00ed un recorrido por &hellip;<\/p>\n","protected":false},"author":31,"featured_media":0,"parent":0,"menu_order":0,"comment_status":"closed","ping_status":"closed","template":"","meta":{"footnotes":""},"class_list":["post-777","page","type-page","status-publish","hentry"],"yoast_head":"<!-- This site is optimized with the Yoast SEO plugin v27.2 - https:\/\/yoast.com\/product\/yoast-seo-wordpress\/ -->\n<title>Galer\u00eda de fotos - Center of Studies onEconomic Integration and International Trade<\/title>\n<meta name=\"robots\" content=\"index, follow, max-snippet:-1, max-image-preview:large, max-video-preview:-1\" \/>\n<link rel=\"canonical\" href=\"https:\/\/f-integral.org\/es\/photo-gallery\/\" \/>\n<meta property=\"og:locale\" content=\"es_ES\" \/>\n<meta property=\"og:type\" content=\"article\" \/>\n<meta property=\"og:title\" content=\"Galer\u00eda de fotos - Center of Studies onEconomic Integration and International Trade\" \/>\n<meta property=\"og:description\" content=\"El Centro de Estudios de Integraci\u00f3n Econ\u00f3mica y Comercio Internacional (INTEGRAL) es una instituci\u00f3n que promueve y practica la camarader\u00eda. &nbsp; A trav\u00e9s de nuestras numerosas actividades, hemos sabido construir amistad en cada uno de los pa\u00edses en los cuales hemos trabajado, ense\u00f1ado o visitado. Ofrecemos aqu\u00ed un recorrido por &hellip;\" \/>\n<meta property=\"og:url\" content=\"https:\/\/f-integral.org\/es\/photo-gallery\/\" \/>\n<meta property=\"og:site_name\" content=\"Center of Studies onEconomic Integration and International Trade\" \/>\n<meta property=\"article:publisher\" content=\"https:\/\/www.facebook.com\/fInteg\" \/>\n<meta property=\"article:modified_time\" content=\"2017-03-14T19:56:12+00:00\" \/>\n<meta property=\"og:image\" content=\"http:\/\/f-integral.org\/wp-content\/uploads\/2016\/11\/05CUEN-300x225.jpg\" \/>\n<meta name=\"twitter:card\" content=\"summary_large_image\" \/>\n<meta name=\"twitter:site\" content=\"@Integral2013\" \/>\n<meta name=\"twitter:label1\" content=\"Tiempo de lectura\" \/>\n\t<meta name=\"twitter:data1\" content=\"1 minuto\" \/>\n<script type=\"application\/ld+json\" class=\"yoast-schema-graph\">{\"@context\":\"https:\/\/schema.org\",\"@graph\":[{\"@type\":\"WebPage\",\"@id\":\"https:\/\/f-integral.org\/es\/photo-gallery\/\",\"url\":\"https:\/\/f-integral.org\/es\/photo-gallery\/\",\"name\":\"Galer\u00eda de fotos - Center of Studies onEconomic Integration and International Trade\",\"isPartOf\":{\"@id\":\"https:\/\/f-integral.org\/#website\"},\"primaryImageOfPage\":{\"@id\":\"https:\/\/f-integral.org\/es\/photo-gallery\/#primaryimage\"},\"image\":{\"@id\":\"https:\/\/f-integral.org\/es\/photo-gallery\/#primaryimage\"},\"thumbnailUrl\":\"http:\/\/f-integral.org\/wp-content\/uploads\/2016\/11\/05CUEN-300x225.jpg\",\"datePublished\":\"2016-11-19T07:58:23+00:00\",\"dateModified\":\"2017-03-14T19:56:12+00:00\",\"breadcrumb\":{\"@id\":\"https:\/\/f-integral.org\/es\/photo-gallery\/#breadcrumb\"},\"inLanguage\":\"es\",\"potentialAction\":[{\"@type\":\"ReadAction\",\"target\":[\"https:\/\/f-integral.org\/es\/photo-gallery\/\"]}]},{\"@type\":\"ImageObject\",\"inLanguage\":\"es\",\"@id\":\"https:\/\/f-integral.org\/es\/photo-gallery\/#primaryimage\",\"url\":\"http:\/\/f-integral.org\/wp-content\/uploads\/2016\/11\/05CUEN-300x225.jpg\",\"contentUrl\":\"http:\/\/f-integral.org\/wp-content\/uploads\/2016\/11\/05CUEN-300x225.jpg\"},{\"@type\":\"BreadcrumbList\",\"@id\":\"https:\/\/f-integral.org\/es\/photo-gallery\/#breadcrumb\",\"itemListElement\":[{\"@type\":\"ListItem\",\"position\":1,\"name\":\"Home\",\"item\":\"https:\/\/f-integral.org\/es\/\"},{\"@type\":\"ListItem\",\"position\":2,\"name\":\"Galer\u00eda de fotos\"}]},{\"@type\":\"WebSite\",\"@id\":\"https:\/\/f-integral.org\/#website\",\"url\":\"https:\/\/f-integral.org\/\",\"name\":\"Center of Studies onEconomic Integration and International Trade\",\"description\":\"INTEGRAL Site\",\"publisher\":{\"@id\":\"https:\/\/f-integral.org\/#organization\"},\"potentialAction\":[{\"@type\":\"SearchAction\",\"target\":{\"@type\":\"EntryPoint\",\"urlTemplate\":\"https:\/\/f-integral.org\/?s={search_term_string}\"},\"query-input\":{\"@type\":\"PropertyValueSpecification\",\"valueRequired\":true,\"valueName\":\"search_term_string\"}}],\"inLanguage\":\"es\"},{\"@type\":\"Organization\",\"@id\":\"https:\/\/f-integral.org\/#organization\",\"name\":\"Center of Studies on Economic Integration and International Trade\",\"url\":\"https:\/\/f-integral.org\/\",\"logo\":{\"@type\":\"ImageObject\",\"inLanguage\":\"es\",\"@id\":\"https:\/\/f-integral.org\/#\/schema\/logo\/image\/\",\"url\":\"https:\/\/f-integral.org\/wp-content\/uploads\/2017\/05\/Integral_Favicon.jpg\",\"contentUrl\":\"https:\/\/f-integral.org\/wp-content\/uploads\/2017\/05\/Integral_Favicon.jpg\",\"width\":512,\"height\":512,\"caption\":\"Center of Studies on Economic Integration and International Trade\"},\"image\":{\"@id\":\"https:\/\/f-integral.org\/#\/schema\/logo\/image\/\"},\"sameAs\":[\"https:\/\/www.facebook.com\/fInteg\",\"https:\/\/x.com\/Integral2013\",\"https:\/\/twitter.com\/Integral2013\"]}]}<\/script>\n<!-- \/ Yoast SEO plugin. -->","yoast_head_json":{"title":"Galer\u00eda de fotos - Center of Studies onEconomic Integration and International Trade","robots":{"index":"index","follow":"follow","max-snippet":"max-snippet:-1","max-image-preview":"max-image-preview:large","max-video-preview":"max-video-preview:-1"},"canonical":"https:\/\/f-integral.org\/es\/photo-gallery\/","og_locale":"es_ES","og_type":"article","og_title":"Galer\u00eda de fotos - Center of Studies onEconomic Integration and International Trade","og_description":"El Centro de Estudios de Integraci\u00f3n Econ\u00f3mica y Comercio Internacional (INTEGRAL) es una instituci\u00f3n que promueve y practica la camarader\u00eda. &nbsp; A trav\u00e9s de nuestras numerosas actividades, hemos sabido construir amistad en cada uno de los pa\u00edses en los cuales hemos trabajado, ense\u00f1ado o visitado. Ofrecemos aqu\u00ed un recorrido por &hellip;","og_url":"https:\/\/f-integral.org\/es\/photo-gallery\/","og_site_name":"Center of Studies onEconomic Integration and International Trade","article_publisher":"https:\/\/www.facebook.com\/fInteg","article_modified_time":"2017-03-14T19:56:12+00:00","og_image":[{"url":"http:\/\/f-integral.org\/wp-content\/uploads\/2016\/11\/05CUEN-300x225.jpg","type":"","width":"","height":""}],"twitter_card":"summary_large_image","twitter_site":"@Integral2013","twitter_misc":{"Tiempo de lectura":"1 minuto"},"schema":{"@context":"https:\/\/schema.org","@graph":[{"@type":"WebPage","@id":"https:\/\/f-integral.org\/es\/photo-gallery\/","url":"https:\/\/f-integral.org\/es\/photo-gallery\/","name":"Galer\u00eda de fotos - Center of Studies onEconomic Integration and International Trade","isPartOf":{"@id":"https:\/\/f-integral.org\/#website"},"primaryImageOfPage":{"@id":"https:\/\/f-integral.org\/es\/photo-gallery\/#primaryimage"},"image":{"@id":"https:\/\/f-integral.org\/es\/photo-gallery\/#primaryimage"},"thumbnailUrl":"http:\/\/f-integral.org\/wp-content\/uploads\/2016\/11\/05CUEN-300x225.jpg","datePublished":"2016-11-19T07:58:23+00:00","dateModified":"2017-03-14T19:56:12+00:00","breadcrumb":{"@id":"https:\/\/f-integral.org\/es\/photo-gallery\/#breadcrumb"},"inLanguage":"es","potentialAction":[{"@type":"ReadAction","target":["https:\/\/f-integral.org\/es\/photo-gallery\/"]}]},{"@type":"ImageObject","inLanguage":"es","@id":"https:\/\/f-integral.org\/es\/photo-gallery\/#primaryimage","url":"http:\/\/f-integral.org\/wp-content\/uploads\/2016\/11\/05CUEN-300x225.jpg","contentUrl":"http:\/\/f-integral.org\/wp-content\/uploads\/2016\/11\/05CUEN-300x225.jpg"},{"@type":"BreadcrumbList","@id":"https:\/\/f-integral.org\/es\/photo-gallery\/#breadcrumb","itemListElement":[{"@type":"ListItem","position":1,"name":"Home","item":"https:\/\/f-integral.org\/es\/"},{"@type":"ListItem","position":2,"name":"Galer\u00eda de fotos"}]},{"@type":"WebSite","@id":"https:\/\/f-integral.org\/#website","url":"https:\/\/f-integral.org\/","name":"Center of Studies onEconomic Integration and International Trade","description":"INTEGRAL Site","publisher":{"@id":"https:\/\/f-integral.org\/#organization"},"potentialAction":[{"@type":"SearchAction","target":{"@type":"EntryPoint","urlTemplate":"https:\/\/f-integral.org\/?s={search_term_string}"},"query-input":{"@type":"PropertyValueSpecification","valueRequired":true,"valueName":"search_term_string"}}],"inLanguage":"es"},{"@type":"Organization","@id":"https:\/\/f-integral.org\/#organization","name":"Center of Studies on Economic Integration and International Trade","url":"https:\/\/f-integral.org\/","logo":{"@type":"ImageObject","inLanguage":"es","@id":"https:\/\/f-integral.org\/#\/schema\/logo\/image\/","url":"https:\/\/f-integral.org\/wp-content\/uploads\/2017\/05\/Integral_Favicon.jpg","contentUrl":"https:\/\/f-integral.org\/wp-content\/uploads\/2017\/05\/Integral_Favicon.jpg","width":512,"height":512,"caption":"Center of Studies on Economic Integration and International Trade"},"image":{"@id":"https:\/\/f-integral.org\/#\/schema\/logo\/image\/"},"sameAs":["https:\/\/www.facebook.com\/fInteg","https:\/\/x.com\/Integral2013","https:\/\/twitter.com\/Integral2013"]}]}},"_links":{"self":[{"href":"https:\/\/f-integral.org\/es\/wp-json\/wp\/v2\/pages\/777","targetHints":{"allow":["GET"]}}],"collection":[{"href":"https:\/\/f-integral.org\/es\/wp-json\/wp\/v2\/pages"}],"about":[{"href":"https:\/\/f-integral.org\/es\/wp-json\/wp\/v2\/types\/page"}],"author":[{"embeddable":true,"href":"https:\/\/f-integral.org\/es\/wp-json\/wp\/v2\/users\/31"}],"replies":[{"embeddable":true,"href":"https:\/\/f-integral.org\/es\/wp-json\/wp\/v2\/comments?post=777"}],"version-history":[{"count":0,"href":"https:\/\/f-integral.org\/es\/wp-json\/wp\/v2\/pages\/777\/revisions"}],"wp:attachment":[{"href":"https:\/\/f-integral.org\/es\/wp-json\/wp\/v2\/media?parent=777"}],"curies":[{"name":"wp","href":"https:\/\/api.w.org\/{rel}","templated":true}]}}