{"id":784,"date":"2016-12-02T06:06:46","date_gmt":"2016-12-02T06:06:46","guid":{"rendered":"http:\/\/f-integral.org\/mission-and-objective2\/"},"modified":"2019-08-05T23:21:23","modified_gmt":"2019-08-05T23:21:23","slug":"mision-y-objetivos","status":"publish","type":"page","link":"https:\/\/f-integral.org\/es\/mision-y-objetivos\/","title":{"rendered":"Misi\u00f3n y objetivos"},"content":{"rendered":"<div class=\"about-container\">\n<h2><span style=\"font-size: 18pt;\">Misi\u00f3n y Objetivos<\/span><\/h2>\n<div class=\"abtsec1 sec-abt\">\n<p><span style=\"font-family: verdana, geneva, sans-serif; font-size: 10pt;\">El <span style=\"color: #003366;\"><strong>Centro de Estudios de Integraci\u00f3n Econ\u00f3mica y Comercio Internacional<\/strong><\/span> es una Asociaci\u00f3n Civil sin fines de lucro, concebida por un grupo de profesionales con experiencia y conocimientos en las \u00e1reas de Comercio Internacional, Integraci\u00f3n Econ\u00f3mica y Negociaciones Comerciales Internacionales, as\u00ed como en la interrelaci\u00f3n entre estas disciplinas y el Desarrollo Econ\u00f3mico y el Bienestar Social.<\/span><\/p>\n<p><span style=\"font-family: verdana, geneva, sans-serif; font-size: 10pt;\">La visi\u00f3n de <span style=\"color: #003366;\"><strong>INTEGRAL<\/strong><\/span> reside en el convencimiento de que la utilizaci\u00f3n y diseminaci\u00f3n del conocimiento contribuyen a expandir las oportunidades de los individuos mediante el mejoramiento<br \/>\nde sus capacidades como un instrumento de progreso social.<\/span><img loading=\"lazy\" decoding=\"async\" class=\"size-medium wp-image-92 alignright\" src=\"http:\/\/f-integral.org\/wp-content\/uploads\/2016\/11\/World_Map_Intl_Coop-300x225.jpg\" alt=\"\" width=\"300\" height=\"225\" srcset=\"https:\/\/f-integral.org\/wp-content\/uploads\/2016\/11\/World_Map_Intl_Coop-300x225.jpg 300w, https:\/\/f-integral.org\/wp-content\/uploads\/2016\/11\/World_Map_Intl_Coop.jpg 701w\" sizes=\"auto, (max-width: 300px) 100vw, 300px\" \/><\/p>\n<p><span style=\"font-family: verdana, geneva, sans-serif; font-size: 10pt;\">Conforme a esta visi\u00f3n, la misi\u00f3n de <span style=\"color: #003366;\"><strong>INTEGRAL<\/strong><\/span> es construir un v\u00ednculo entre la generaci\u00f3n y debate de las ideas y la realidad social, contribuyendo al conocimiento y difusi\u00f3n del comercio, las pol\u00edticas comerciales y el crecimiento econ\u00f3mico como un medio para impulsar el desarrollo y el bienestar social.<\/span><\/p>\n<p><span style=\"font-family: verdana, geneva, sans-serif; font-size: 10pt;\"><span style=\"color: #003366;\"><strong>INTEGRAL <\/strong><\/span>est\u00e1 persuadido de que la transferencia del conocimiento es una de las herramientas m\u00e1s \u00fatiles para enfrentar los desaf\u00edos del desarrollo contribuyendo, entre otras metas, a mejorar las habilidades individuales y las capacidades institucionales en los pa\u00edses en desarrollo, as\u00ed como entre las poblaciones marginadas en los pa\u00edses desarrollados. Este objetivo se alcanza a trav\u00e9s de programas de asistencia y de entrenamiento comprehensivos, brindando oportunidades a comunidades marginadas y a entrepreneurs, de manera tal que puedan competir m\u00e1s efectivamente tanto en el mercado local como en el internacional, y realizando trabajos de investigaci\u00f3n para encontrar soluciones creativas para superar los obst\u00e1culos que impiden el progreso.<\/span><\/p>\n<div class=\"abt-right-side\">\n<table class=\"aligncenter\" style=\"width: 675.74px; background-color: #cccfde; border-color: #0d063d;\">\n<tbody>\n<tr>\n<td style=\"width: 10px;\"><span style=\"font-family: verdana, geneva, sans-serif; font-size: 10pt;\">\u00a0<\/span><\/td>\n<td style=\"width: 538px; text-align: center; vertical-align: middle;\"><strong><span style=\"font-family: verdana, geneva, sans-serif; font-size: 10pt;\"><span style=\"color: #003366;\">Descargue la<\/span> <span style=\"color: #000080;\"><a style=\"color: #000080;\" href=\"http:\/\/f-integral.org\/wp-content\/uploads\/2016\/12\/Integral_Brochure_SPAN_Nov11.pdf\" target=\"_blank\" rel=\"noopener noreferrer\">Brochure Institucional de INTEGRAL<\/a><\/span><\/span><\/strong><\/td>\n<td style=\"width: 666.74px; text-align: center; vertical-align: middle;\"><strong><span style=\"font-family: verdana, geneva, sans-serif; font-size: 10pt;\"><span style=\"color: #003366;\">Descargue los<\/span> <span style=\"color: #000080;\"><a style=\"color: #000080;\" href=\"http:\/\/f-integral.org\/es\/recursos-2\/documents\/\">Informes Anuales<\/a><\/span> <span style=\"color: #003366;\">ante el<\/span> <span style=\"color: #000080;\"><a style=\"color: #000080;\" href=\"http:\/\/dos.myflorida.com\/sunbiz\/\" target=\"_blank\" rel=\"noopener noreferrer\">Departamento de Estado de la Florida (EEUU)<\/a><\/span><\/span><\/strong><\/td>\n<\/tr>\n<tr>\n<td style=\"width: 10px;\"><strong><span style=\"font-family: verdana, geneva, sans-serif; font-size: 10pt;\">\u00a0<\/span><\/strong><\/td>\n<td style=\"width: 538px; text-align: center; vertical-align: middle;\"><a style=\"color: #000080;\" href=\"http:\/\/f-integral.org\" target=\"_blank\" rel=\"noopener noreferrer\"><strong>f-integral.com<\/strong><\/a><\/td>\n<td style=\"width: 666.74px; text-align: center; vertical-align: middle;\"><span style=\"font-family: verdana, geneva, sans-serif; font-size: 10pt; color: #000080;\"><a style=\"color: #000080;\" href=\"http:\/\/f-integral.org\" target=\"_blank\" rel=\"noopener noreferrer\"><strong>f-integral.org<\/strong><\/a><\/span><\/td>\n<\/tr>\n<\/tbody>\n<\/table>\n<\/div>\n<\/div>\n<div class=\"abtsec3 sec-abt\"><\/div>\n<\/div>\n","protected":false},"excerpt":{"rendered":"<p>Misi\u00f3n y Objetivos El Centro de Estudios de Integraci\u00f3n Econ\u00f3mica y Comercio Internacional es una Asociaci\u00f3n Civil sin fines de lucro, concebida por un grupo de profesionales con experiencia y conocimientos en las \u00e1reas de Comercio Internacional, Integraci\u00f3n Econ\u00f3mica y Negociaciones Comerciales Internacionales, as\u00ed como en la interrelaci\u00f3n entre estas &hellip;<\/p>\n","protected":false},"author":31,"featured_media":0,"parent":0,"menu_order":0,"comment_status":"closed","ping_status":"closed","template":"","meta":{"footnotes":""},"class_list":["post-784","page","type-page","status-publish","hentry"],"yoast_head":"<!-- This site is optimized with the Yoast SEO plugin v27.2 - https:\/\/yoast.com\/product\/yoast-seo-wordpress\/ -->\n<title>Misi\u00f3n y objetivos - Center of Studies onEconomic Integration and International Trade<\/title>\n<meta name=\"robots\" content=\"index, follow, max-snippet:-1, max-image-preview:large, max-video-preview:-1\" \/>\n<link rel=\"canonical\" href=\"https:\/\/f-integral.org\/es\/mision-y-objetivos\/\" \/>\n<meta property=\"og:locale\" content=\"es_ES\" \/>\n<meta property=\"og:type\" content=\"article\" \/>\n<meta property=\"og:title\" content=\"Misi\u00f3n y objetivos - Center of Studies onEconomic Integration and International Trade\" \/>\n<meta property=\"og:description\" content=\"Misi\u00f3n y Objetivos El Centro de Estudios de Integraci\u00f3n Econ\u00f3mica y Comercio Internacional es una Asociaci\u00f3n Civil sin fines de lucro, concebida por un grupo de profesionales con experiencia y conocimientos en las \u00e1reas de Comercio Internacional, Integraci\u00f3n Econ\u00f3mica y Negociaciones Comerciales Internacionales, as\u00ed como en la interrelaci\u00f3n entre estas &hellip;\" \/>\n<meta property=\"og:url\" content=\"https:\/\/f-integral.org\/es\/mision-y-objetivos\/\" \/>\n<meta property=\"og:site_name\" content=\"Center of Studies onEconomic Integration and International Trade\" \/>\n<meta property=\"article:publisher\" content=\"https:\/\/www.facebook.com\/fInteg\" \/>\n<meta property=\"article:modified_time\" content=\"2019-08-05T23:21:23+00:00\" \/>\n<meta property=\"og:image\" content=\"http:\/\/f-integral.org\/wp-content\/uploads\/2016\/11\/World_Map_Intl_Coop-300x225.jpg\" \/>\n<meta name=\"twitter:card\" content=\"summary_large_image\" \/>\n<meta name=\"twitter:site\" content=\"@Integral2013\" \/>\n<meta name=\"twitter:label1\" content=\"Tiempo de lectura\" \/>\n\t<meta name=\"twitter:data1\" content=\"1 minuto\" \/>\n<script type=\"application\/ld+json\" class=\"yoast-schema-graph\">{\"@context\":\"https:\/\/schema.org\",\"@graph\":[{\"@type\":\"WebPage\",\"@id\":\"https:\/\/f-integral.org\/es\/mision-y-objetivos\/\",\"url\":\"https:\/\/f-integral.org\/es\/mision-y-objetivos\/\",\"name\":\"Misi\u00f3n y objetivos - Center of Studies onEconomic Integration and International Trade\",\"isPartOf\":{\"@id\":\"https:\/\/f-integral.org\/#website\"},\"primaryImageOfPage\":{\"@id\":\"https:\/\/f-integral.org\/es\/mision-y-objetivos\/#primaryimage\"},\"image\":{\"@id\":\"https:\/\/f-integral.org\/es\/mision-y-objetivos\/#primaryimage\"},\"thumbnailUrl\":\"http:\/\/f-integral.org\/wp-content\/uploads\/2016\/11\/World_Map_Intl_Coop-300x225.jpg\",\"datePublished\":\"2016-12-02T06:06:46+00:00\",\"dateModified\":\"2019-08-05T23:21:23+00:00\",\"breadcrumb\":{\"@id\":\"https:\/\/f-integral.org\/es\/mision-y-objetivos\/#breadcrumb\"},\"inLanguage\":\"es\",\"potentialAction\":[{\"@type\":\"ReadAction\",\"target\":[\"https:\/\/f-integral.org\/es\/mision-y-objetivos\/\"]}]},{\"@type\":\"ImageObject\",\"inLanguage\":\"es\",\"@id\":\"https:\/\/f-integral.org\/es\/mision-y-objetivos\/#primaryimage\",\"url\":\"http:\/\/f-integral.org\/wp-content\/uploads\/2016\/11\/World_Map_Intl_Coop-300x225.jpg\",\"contentUrl\":\"http:\/\/f-integral.org\/wp-content\/uploads\/2016\/11\/World_Map_Intl_Coop-300x225.jpg\"},{\"@type\":\"BreadcrumbList\",\"@id\":\"https:\/\/f-integral.org\/es\/mision-y-objetivos\/#breadcrumb\",\"itemListElement\":[{\"@type\":\"ListItem\",\"position\":1,\"name\":\"Home\",\"item\":\"https:\/\/f-integral.org\/es\/\"},{\"@type\":\"ListItem\",\"position\":2,\"name\":\"Misi\u00f3n y objetivos\"}]},{\"@type\":\"WebSite\",\"@id\":\"https:\/\/f-integral.org\/#website\",\"url\":\"https:\/\/f-integral.org\/\",\"name\":\"Center of Studies onEconomic Integration and International Trade\",\"description\":\"INTEGRAL Site\",\"publisher\":{\"@id\":\"https:\/\/f-integral.org\/#organization\"},\"potentialAction\":[{\"@type\":\"SearchAction\",\"target\":{\"@type\":\"EntryPoint\",\"urlTemplate\":\"https:\/\/f-integral.org\/?s={search_term_string}\"},\"query-input\":{\"@type\":\"PropertyValueSpecification\",\"valueRequired\":true,\"valueName\":\"search_term_string\"}}],\"inLanguage\":\"es\"},{\"@type\":\"Organization\",\"@id\":\"https:\/\/f-integral.org\/#organization\",\"name\":\"Center of Studies on Economic Integration and International Trade\",\"url\":\"https:\/\/f-integral.org\/\",\"logo\":{\"@type\":\"ImageObject\",\"inLanguage\":\"es\",\"@id\":\"https:\/\/f-integral.org\/#\/schema\/logo\/image\/\",\"url\":\"https:\/\/f-integral.org\/wp-content\/uploads\/2017\/05\/Integral_Favicon.jpg\",\"contentUrl\":\"https:\/\/f-integral.org\/wp-content\/uploads\/2017\/05\/Integral_Favicon.jpg\",\"width\":512,\"height\":512,\"caption\":\"Center of Studies on Economic Integration and International Trade\"},\"image\":{\"@id\":\"https:\/\/f-integral.org\/#\/schema\/logo\/image\/\"},\"sameAs\":[\"https:\/\/www.facebook.com\/fInteg\",\"https:\/\/x.com\/Integral2013\",\"https:\/\/twitter.com\/Integral2013\"]}]}<\/script>\n<!-- \/ Yoast SEO plugin. -->","yoast_head_json":{"title":"Misi\u00f3n y objetivos - Center of Studies onEconomic Integration and International Trade","robots":{"index":"index","follow":"follow","max-snippet":"max-snippet:-1","max-image-preview":"max-image-preview:large","max-video-preview":"max-video-preview:-1"},"canonical":"https:\/\/f-integral.org\/es\/mision-y-objetivos\/","og_locale":"es_ES","og_type":"article","og_title":"Misi\u00f3n y objetivos - Center of Studies onEconomic Integration and International Trade","og_description":"Misi\u00f3n y Objetivos El Centro de Estudios de Integraci\u00f3n Econ\u00f3mica y Comercio Internacional es una Asociaci\u00f3n Civil sin fines de lucro, concebida por un grupo de profesionales con experiencia y conocimientos en las \u00e1reas de Comercio Internacional, Integraci\u00f3n Econ\u00f3mica y Negociaciones Comerciales Internacionales, as\u00ed como en la interrelaci\u00f3n entre estas &hellip;","og_url":"https:\/\/f-integral.org\/es\/mision-y-objetivos\/","og_site_name":"Center of Studies onEconomic Integration and International Trade","article_publisher":"https:\/\/www.facebook.com\/fInteg","article_modified_time":"2019-08-05T23:21:23+00:00","og_image":[{"url":"http:\/\/f-integral.org\/wp-content\/uploads\/2016\/11\/World_Map_Intl_Coop-300x225.jpg","type":"","width":"","height":""}],"twitter_card":"summary_large_image","twitter_site":"@Integral2013","twitter_misc":{"Tiempo de lectura":"1 minuto"},"schema":{"@context":"https:\/\/schema.org","@graph":[{"@type":"WebPage","@id":"https:\/\/f-integral.org\/es\/mision-y-objetivos\/","url":"https:\/\/f-integral.org\/es\/mision-y-objetivos\/","name":"Misi\u00f3n y objetivos - Center of Studies onEconomic Integration and International Trade","isPartOf":{"@id":"https:\/\/f-integral.org\/#website"},"primaryImageOfPage":{"@id":"https:\/\/f-integral.org\/es\/mision-y-objetivos\/#primaryimage"},"image":{"@id":"https:\/\/f-integral.org\/es\/mision-y-objetivos\/#primaryimage"},"thumbnailUrl":"http:\/\/f-integral.org\/wp-content\/uploads\/2016\/11\/World_Map_Intl_Coop-300x225.jpg","datePublished":"2016-12-02T06:06:46+00:00","dateModified":"2019-08-05T23:21:23+00:00","breadcrumb":{"@id":"https:\/\/f-integral.org\/es\/mision-y-objetivos\/#breadcrumb"},"inLanguage":"es","potentialAction":[{"@type":"ReadAction","target":["https:\/\/f-integral.org\/es\/mision-y-objetivos\/"]}]},{"@type":"ImageObject","inLanguage":"es","@id":"https:\/\/f-integral.org\/es\/mision-y-objetivos\/#primaryimage","url":"http:\/\/f-integral.org\/wp-content\/uploads\/2016\/11\/World_Map_Intl_Coop-300x225.jpg","contentUrl":"http:\/\/f-integral.org\/wp-content\/uploads\/2016\/11\/World_Map_Intl_Coop-300x225.jpg"},{"@type":"BreadcrumbList","@id":"https:\/\/f-integral.org\/es\/mision-y-objetivos\/#breadcrumb","itemListElement":[{"@type":"ListItem","position":1,"name":"Home","item":"https:\/\/f-integral.org\/es\/"},{"@type":"ListItem","position":2,"name":"Misi\u00f3n y objetivos"}]},{"@type":"WebSite","@id":"https:\/\/f-integral.org\/#website","url":"https:\/\/f-integral.org\/","name":"Center of Studies onEconomic Integration and International Trade","description":"INTEGRAL Site","publisher":{"@id":"https:\/\/f-integral.org\/#organization"},"potentialAction":[{"@type":"SearchAction","target":{"@type":"EntryPoint","urlTemplate":"https:\/\/f-integral.org\/?s={search_term_string}"},"query-input":{"@type":"PropertyValueSpecification","valueRequired":true,"valueName":"search_term_string"}}],"inLanguage":"es"},{"@type":"Organization","@id":"https:\/\/f-integral.org\/#organization","name":"Center of Studies on Economic Integration and International Trade","url":"https:\/\/f-integral.org\/","logo":{"@type":"ImageObject","inLanguage":"es","@id":"https:\/\/f-integral.org\/#\/schema\/logo\/image\/","url":"https:\/\/f-integral.org\/wp-content\/uploads\/2017\/05\/Integral_Favicon.jpg","contentUrl":"https:\/\/f-integral.org\/wp-content\/uploads\/2017\/05\/Integral_Favicon.jpg","width":512,"height":512,"caption":"Center of Studies on Economic Integration and International Trade"},"image":{"@id":"https:\/\/f-integral.org\/#\/schema\/logo\/image\/"},"sameAs":["https:\/\/www.facebook.com\/fInteg","https:\/\/x.com\/Integral2013","https:\/\/twitter.com\/Integral2013"]}]}},"_links":{"self":[{"href":"https:\/\/f-integral.org\/es\/wp-json\/wp\/v2\/pages\/784","targetHints":{"allow":["GET"]}}],"collection":[{"href":"https:\/\/f-integral.org\/es\/wp-json\/wp\/v2\/pages"}],"about":[{"href":"https:\/\/f-integral.org\/es\/wp-json\/wp\/v2\/types\/page"}],"author":[{"embeddable":true,"href":"https:\/\/f-integral.org\/es\/wp-json\/wp\/v2\/users\/31"}],"replies":[{"embeddable":true,"href":"https:\/\/f-integral.org\/es\/wp-json\/wp\/v2\/comments?post=784"}],"version-history":[{"count":0,"href":"https:\/\/f-integral.org\/es\/wp-json\/wp\/v2\/pages\/784\/revisions"}],"wp:attachment":[{"href":"https:\/\/f-integral.org\/es\/wp-json\/wp\/v2\/media?parent=784"}],"curies":[{"name":"wp","href":"https:\/\/api.w.org\/{rel}","templated":true}]}}