{"id":788,"date":"2016-11-19T07:53:17","date_gmt":"2016-11-19T07:53:17","guid":{"rendered":"http:\/\/f-integral.org\/organization\/associate-consultants\/"},"modified":"2026-03-25T13:22:38","modified_gmt":"2026-03-25T16:22:38","slug":"associate-consultants","status":"publish","type":"page","link":"https:\/\/f-integral.org\/es\/associate-consultants\/","title":{"rendered":"Consultores asociados"},"content":{"rendered":"<div class=\"about-container associate\">\n<div class=\"abtsec1 sec-abt associate-inner\">\n<h2>CONSULTORES ASOCIADOS Y \u00c1REAS DE ESPECIALIZACI\u00d3N<\/h2>\n<ul>\n<ul>\n<li><strong>VILMA I. ARBAJE<br \/>\n<\/strong>Abogada. Estudios de posgrado en Relaciones Internacionales. Master en Marketing Internacional. Experta en Negociaciones Comerciales Internacionales con especializaci\u00f3n en el \u00e1rea de Servicios.<br \/>\n<a href=\"mailto:varbaje@f-integral.org\">varbaje@f-integral.com<\/a><\/li>\n<li><strong>RODRIGO ARCAYA<br \/>\n<\/strong>Ingeniero Mec\u00e1nico. Experto en Integraci\u00f3n Econ\u00f3mica y Relaciones Econ\u00f3micas Internacionales.<br \/>\n<a href=\"mailto:rarcaya@f-integral.org\">rarcaya@f-integral.com<\/a><\/li>\n<li><strong>KNELLEE BISRAM<br \/>\n<\/strong>Licenciada en Comercio Electr\u00f3nico, Derechos de Propiedad Intelectual, Administraci\u00f3n de Empresas Internacionales; Negociaciones Comerciales Internacionales.<br \/>\n<a href=\"mailto:knelleebisram@f-integral.org\">knelleebisram@f-integral.com<\/a><\/li>\n<li><strong>JES\u00daS BORES LAZO<a href=\"http:\/\/f-integral.org\/wp-content\/uploads\/2016\/12\/7CV_JBores_Es_ATI_120820.pdf\" target=\"_blank\"> (Curriculum Vitae)<br \/>\n<\/a><\/strong>Abogado y Licenciado en Ciencias Pol\u00edticas. Maestr\u00eda en Derecho Europeo y Derecho Comparado (Universidad de Sevilla, Espa\u00f1a). Cursos de PhD en Derecho Internacional. Experto en Derecho Europeo y Comercio Internacional. Especialista en Derecho Corporativo, Propiedad Intelectual e Industrial, as\u00ed como en el desarrollo de acuerdos de asociaci\u00f3n con la Uni\u00f3n Europea, fortalecimiento institucional, y reformas legales y jur\u00eddicas. Consultor experto y asesor internacional certificado. Experto en gesti\u00f3n, desarrollo y evaluaci\u00f3n de Proyectos de Cooperaci\u00f3n de la Comisi\u00f3n Europea.<br \/>\n<a href=\"mailto:jbores@boleoglobal.com\">jbores@boleoglobal.com<\/a><\/li>\n<li><strong>IGNACIO R. COVELO GIL<br \/>\n<\/strong>Abogado espa\u00f1ol (Universidad Aut\u00f3noma de Barcelona).\u00a0Derecho Comunitario Europeo.\u00a0Master de Especializaci\u00f3n en Derecho Empresario.\u00a0Experto en Procesos de Integraci\u00f3n, Relaciones Internacionales y Pol\u00edtica Internacional Europa \/ Am\u00e9rica Latina.\u00a0Espa\u00f1ol, Ingl\u00e9s, Portugu\u00e9s, Gallego, Catal\u00e1n.<br \/>\n<a href=\"mailto:nachocovelo@hotmail.com \">nachocovelo@hotmail.com <\/a><\/li>\n<li><strong>GREGORIO CRISTOBAL CARLE <a href=\"http:\/\/f-integral.org\/wp-content\/uploads\/2016\/12\/4CV_EU_Gregorio_C_Carle_SP_Dic12.pdf\" target=\"_blank\"> (Curriculum Vitae)<br \/>\n<\/a><\/strong>Licenciado en Derecho por la Universidad Privada de Navarra. Master en Comercio Exterior. Master en Alta Direcci\u00f3n de Pymes. Consultor en Internacionalizaci\u00f3n de empresas. Profesor Universitario y en Escuelas de Negocios. Conferenciante. \u00c1rbitro Comercial Internacional.<br \/>\n<a href=\"mailto:gcristobalcarle@f-integral.org\">gcristobalcarle@f-integral.com<\/a><\/li>\n<li><strong>ELENA MARCOS DE DI VICO<br \/>\n<\/strong>Economista, Experta en Controversias en el \u00e1mbito de Acuerdos Regionales y la Organizaci\u00f3n Mundial de Comercio.<br \/>\n<a href=\"mailto:elenadivico@f-integral.org\">elenadivico@f-integral.com<\/a><\/li>\n<li><strong>ALEXANDER EASDALE<br \/>\n<\/strong>Especialista en temas de Comercio y Procesos de Integraci\u00f3n Econ\u00f3mica Internacional, Seguridad Hemisf\u00e9rica y Fortalecimiento de la Capacidad Institucional (Capacity-Building); conocimientos de temas espec\u00edficos de Acceso a Mercados.<br \/>\n<a href=\"mailto:alexeasdale@hotmail.com\">alexeasdale@hotmail.com<\/a><\/li>\n<li><strong>NORMA F\u00c9LIX<br \/>\n<\/strong>Abogada, Experta en Propiedad Intelectual.<br \/>\n<a href=\"mailto:nfelix@f-integral.org \">nfelix@f-integral.com <\/a><\/li>\n<li><strong>PABLO ILLARIETTI<br \/>\n<\/strong>Experto en Gesti\u00f3n Integral y Pr\u00e1cticas Aduaneras.<br \/>\n<a href=\"mailto:tolkeyen@adinet.com.uy \">tolkeyen@adinet.com.uy<\/a><\/li>\n<li><strong>VIVIANA KLUGER <a href=\"http:\/\/f-integral.org\/wp-content\/uploads\/2016\/12\/8CV_Viviana_Kluger_SP_Nov10.pdf\" target=\"_blank\">(Curriculum Vitae)<br \/>\n<\/a><\/strong>Abogada y Doctora en Derecho por la Universidad de Buenos Aires, Experta en Comercio Internacional y Pr\u00e1cticas desleales del Comercio Internacional.<br \/>\n<a href=\"mailto:vkluger@f-integral.org\">vkluger@f-integral.com<\/a><\/li>\n<li><strong>ZAIDA LUGO LOVAT\u00d3N<br \/>\n<\/strong>Abogada, Experta en Propiedad Intelectual, Derecho Empresarial y Legislaci\u00f3n Econ\u00f3mica.<a href=\"mailto: zlugo@angeleslugo.com\"> zlugo@angeleslugo.com<\/a><\/li>\n<li><strong>JOSEFINA MARIA MELO MACHADO GUEDES<br \/>\n<\/strong>Economista, Experta en Comercio Exterior, Negociaciones Comerciales Internacionales y Pr\u00e1cticas Desleales de Comercio.<br \/>\n<a href=\"mailto:gp@guedespinheiro.com.br\">gp@guedespinheiro.com.br<\/a><\/li>\n<li><strong>JUAN MIGUEL MASSOT<br \/>\n<\/strong>Master en Econom\u00eda y Pol\u00edticas P\u00fablicas. Master en Econom\u00eda Financiera. Contador P\u00fablico. Especialista en pol\u00edticas p\u00fablicas y an\u00e1lisis econ\u00f3mico aplicado.<br \/>\n<a href=\"mailto:juanmassot@f-integral.org\">juanmassot@f-integral.com<\/a><\/li>\n<li><strong>SANDRA NOGU\u00c9 <a href=\"http:\/\/f-integral.org\/wp-content\/uploads\/2016\/12\/3CV_Sandra_Nogue_SP_Dic15.pdf\" target=\"_blank\">(Curriculum Vitae)<br \/>\n<\/a><\/strong>Abogada, especialista en comercio internacional con amplia experiencia en la negociaci\u00f3n, implementaci\u00f3n y aprovechamiento de Tratados de Libre Comercio. Asesora en temas de comercio de servicios, exportaci\u00f3n, importaci\u00f3n, inversiones, propiedad industrial y pol\u00edticas de competencia.<br \/>\n<a href=\"mailto:sandra_nogue@f-integral.org\">sandra_nogue@f-integral.com<\/a><\/li>\n<li><strong>LILIANA OTERO<br \/>\n<\/strong>Licenciada en Farmacolog\u00eda Experimental y Bioqu\u00edmica. Experta en Asuntos Regulatorios, Derechos de Propiedad Intelectual y Obst\u00e1culos T\u00e9cnicos al Comercio.<br \/>\n<a href=\"mailto:liotero@f-integral.org\">liotero@f-integral.com<\/a><\/li>\n<li><strong>SILVIA M. PINHEIRO<br \/>\n<\/strong>Abogada y Magister en Relaciones Internacionales, Experta en Pr\u00e1cticas Desleales de Comercio.<br \/>\n<a href=\"mailto:gp@guedespinheiro.com.br\">gp@guedespinheiro.com.br<\/a><\/li>\n<li><strong>HANS ULRICH REITZEL<br \/>\n<\/strong>Sic\u00f3logo (Universidad Libre de Berl\u00edn); Maestr\u00eda en Resoluci\u00f3n de Conflictos. Experto en Negociaciones Internacionales. Experiencia a nivel ejecutivo en Naciones Unidas, Proyectos Internacionales de Desarrollo y Creaci\u00f3n de Capacidad Corporativa. Facilitaci\u00f3n de alianzas p\u00fablico-privadas y multistakeholder. Fluido Espa\u00f1ol, Ingl\u00e9s, Franc\u00e9s y Alem\u00e1n.<br \/>\n<a href=\"mailto:hansreitzel@f-integral.org\">hansreitzel@f-integral.com<\/a><\/li>\n<li><strong>JORGE B. RIABOI<br \/>\n<\/strong>Economista. Diplom\u00e1tico (R), especializado en pol\u00edtica y negociaciones comerciales y periodista profesional. Integra el roster de panelistas del mecanismo de Soluci\u00f3n de Diferencias de la OMC. Fue Representante Alterno de la Argentina ante el GATT y la OMC. Presidente en ejercicio del Comit\u00e9 de Agricultura de la OMC, Presidente del Grupo sobre Agricultura del ALCA y negociador del proyecto sobre Cr\u00e9ditos a la Exportaci\u00f3n Agr\u00edcola en el Club de Par\u00eds.<br \/>\n<a href=\"mailto:jorgeriaboi@f-integral.org\">jorgeriaboi@f-integral.com<\/a><\/li>\n<li><strong>MARBELIS ROA<br \/>\n<\/strong>Abogada con posgrado en Derecho Europeo (Universit\u00e9 Panth\u00e9on-Assas Paris II), Francia. Experta en gesti\u00f3n y dise\u00f1o de proyectos de cooperaci\u00f3n al desarrollo: ciclo de proyecto (programaci\u00f3n, formulaci\u00f3n, evaluaci\u00f3n), procedimientos contractuales y compras gubernamentales: subvenciones, servicios y suministros. \u00c1reas: Justicia, Buena Gobernanza, Derechos Humanos, Comercio Internacional y Legislaci\u00f3n Comunitaria.<br \/>\n<a href=\"mailto:marbelisroa@f-integral.org\">marbelisroa@f-integral.com<\/a><\/li>\n<li><strong>RODOLFO R. R\u00daA BOIERO<br \/>\n<\/strong>Economista y Doctor en Econom\u00eda, Experto en Pol\u00edtica Comercial, Comercio Internacional y Negociaciones Comerciales Internacionales.<br \/>\n<a href=\"mailto:rruab@f-integral.org\">rruab@f-integral.com<\/a><\/li>\n<li><strong>SONIA VILLA<br \/>\n<\/strong>Abogada, con matr\u00edcula en Italia y Nueva York. Escuela de Leyes de la Universidad de Chicago LLM, Maestr\u00eda en Estudios Europeos. Experta en Derecho Internacional y Legislaci\u00f3n de la Competencia en la Uni\u00f3n Europea.<br \/>\n<a href=\"mailto:soniavilla@f-integral.org\">soniavilla@f-integral.com<\/a><\/li>\n<\/ul>\n<\/ul>\n<p><strong><a href=\"http:\/\/f-integral.org\/es\/about-integral\/organization\/conviertase-en-consultor-asociado\/\">Asoci\u00e9se a INTEGRAL<\/a><\/strong><\/p>\n<\/div>\n<\/div>\n","protected":false},"excerpt":{"rendered":"<p>CONSULTORES ASOCIADOS Y \u00c1REAS DE ESPECIALIZACI\u00d3N VILMA I. ARBAJE Abogada. Estudios de posgrado en Relaciones Internacionales. Master en Marketing Internacional. Experta en Negociaciones Comerciales Internacionales con especializaci\u00f3n en el \u00e1rea de Servicios. varbaje@f-integral.com RODRIGO ARCAYA Ingeniero Mec\u00e1nico. Experto en Integraci\u00f3n Econ\u00f3mica y Relaciones Econ\u00f3micas Internacionales. rarcaya@f-integral.com KNELLEE BISRAM Licenciada en &hellip;<\/p>\n","protected":false},"author":31,"featured_media":0,"parent":0,"menu_order":0,"comment_status":"closed","ping_status":"closed","template":"","meta":{"footnotes":""},"class_list":["post-788","page","type-page","status-publish","hentry"],"yoast_head":"<!-- This site is optimized with the Yoast SEO plugin v27.2 - https:\/\/yoast.com\/product\/yoast-seo-wordpress\/ -->\n<title>Consultores asociados - Center of Studies onEconomic Integration and International Trade<\/title>\n<meta name=\"robots\" content=\"index, follow, max-snippet:-1, max-image-preview:large, max-video-preview:-1\" \/>\n<link rel=\"canonical\" href=\"https:\/\/f-integral.org\/es\/associate-consultants\/\" \/>\n<meta property=\"og:locale\" content=\"es_ES\" \/>\n<meta property=\"og:type\" content=\"article\" \/>\n<meta property=\"og:title\" content=\"Consultores asociados - Center of Studies onEconomic Integration and International Trade\" \/>\n<meta property=\"og:description\" content=\"CONSULTORES ASOCIADOS Y \u00c1REAS DE ESPECIALIZACI\u00d3N VILMA I. ARBAJE Abogada. Estudios de posgrado en Relaciones Internacionales. Master en Marketing Internacional. Experta en Negociaciones Comerciales Internacionales con especializaci\u00f3n en el \u00e1rea de Servicios. varbaje@f-integral.com RODRIGO ARCAYA Ingeniero Mec\u00e1nico. Experto en Integraci\u00f3n Econ\u00f3mica y Relaciones Econ\u00f3micas Internacionales. rarcaya@f-integral.com KNELLEE BISRAM Licenciada en &hellip;\" \/>\n<meta property=\"og:url\" content=\"https:\/\/f-integral.org\/es\/associate-consultants\/\" \/>\n<meta property=\"og:site_name\" content=\"Center of Studies onEconomic Integration and International Trade\" \/>\n<meta property=\"article:publisher\" content=\"https:\/\/www.facebook.com\/fInteg\" \/>\n<meta property=\"article:modified_time\" content=\"2026-03-25T16:22:38+00:00\" \/>\n<meta name=\"twitter:card\" content=\"summary_large_image\" \/>\n<meta name=\"twitter:site\" content=\"@Integral2013\" \/>\n<meta name=\"twitter:label1\" content=\"Tiempo de lectura\" \/>\n\t<meta name=\"twitter:data1\" content=\"4 minutos\" \/>\n<script type=\"application\/ld+json\" class=\"yoast-schema-graph\">{\"@context\":\"https:\/\/schema.org\",\"@graph\":[{\"@type\":\"WebPage\",\"@id\":\"https:\/\/f-integral.org\/es\/associate-consultants\/\",\"url\":\"https:\/\/f-integral.org\/es\/associate-consultants\/\",\"name\":\"Consultores asociados - Center of Studies onEconomic Integration and International Trade\",\"isPartOf\":{\"@id\":\"https:\/\/f-integral.org\/#website\"},\"datePublished\":\"2016-11-19T07:53:17+00:00\",\"dateModified\":\"2026-03-25T16:22:38+00:00\",\"breadcrumb\":{\"@id\":\"https:\/\/f-integral.org\/es\/associate-consultants\/#breadcrumb\"},\"inLanguage\":\"es\",\"potentialAction\":[{\"@type\":\"ReadAction\",\"target\":[\"https:\/\/f-integral.org\/es\/associate-consultants\/\"]}]},{\"@type\":\"BreadcrumbList\",\"@id\":\"https:\/\/f-integral.org\/es\/associate-consultants\/#breadcrumb\",\"itemListElement\":[{\"@type\":\"ListItem\",\"position\":1,\"name\":\"Home\",\"item\":\"https:\/\/f-integral.org\/es\/\"},{\"@type\":\"ListItem\",\"position\":2,\"name\":\"Consultores asociados\"}]},{\"@type\":\"WebSite\",\"@id\":\"https:\/\/f-integral.org\/#website\",\"url\":\"https:\/\/f-integral.org\/\",\"name\":\"Center of Studies onEconomic Integration and International Trade\",\"description\":\"INTEGRAL Site\",\"publisher\":{\"@id\":\"https:\/\/f-integral.org\/#organization\"},\"potentialAction\":[{\"@type\":\"SearchAction\",\"target\":{\"@type\":\"EntryPoint\",\"urlTemplate\":\"https:\/\/f-integral.org\/?s={search_term_string}\"},\"query-input\":{\"@type\":\"PropertyValueSpecification\",\"valueRequired\":true,\"valueName\":\"search_term_string\"}}],\"inLanguage\":\"es\"},{\"@type\":\"Organization\",\"@id\":\"https:\/\/f-integral.org\/#organization\",\"name\":\"Center of Studies on Economic Integration and International Trade\",\"url\":\"https:\/\/f-integral.org\/\",\"logo\":{\"@type\":\"ImageObject\",\"inLanguage\":\"es\",\"@id\":\"https:\/\/f-integral.org\/#\/schema\/logo\/image\/\",\"url\":\"https:\/\/f-integral.org\/wp-content\/uploads\/2017\/05\/Integral_Favicon.jpg\",\"contentUrl\":\"https:\/\/f-integral.org\/wp-content\/uploads\/2017\/05\/Integral_Favicon.jpg\",\"width\":512,\"height\":512,\"caption\":\"Center of Studies on Economic Integration and International Trade\"},\"image\":{\"@id\":\"https:\/\/f-integral.org\/#\/schema\/logo\/image\/\"},\"sameAs\":[\"https:\/\/www.facebook.com\/fInteg\",\"https:\/\/x.com\/Integral2013\",\"https:\/\/twitter.com\/Integral2013\"]}]}<\/script>\n<!-- \/ Yoast SEO plugin. -->","yoast_head_json":{"title":"Consultores asociados - Center of Studies onEconomic Integration and International Trade","robots":{"index":"index","follow":"follow","max-snippet":"max-snippet:-1","max-image-preview":"max-image-preview:large","max-video-preview":"max-video-preview:-1"},"canonical":"https:\/\/f-integral.org\/es\/associate-consultants\/","og_locale":"es_ES","og_type":"article","og_title":"Consultores asociados - Center of Studies onEconomic Integration and International Trade","og_description":"CONSULTORES ASOCIADOS Y \u00c1REAS DE ESPECIALIZACI\u00d3N VILMA I. ARBAJE Abogada. Estudios de posgrado en Relaciones Internacionales. Master en Marketing Internacional. Experta en Negociaciones Comerciales Internacionales con especializaci\u00f3n en el \u00e1rea de Servicios. varbaje@f-integral.com RODRIGO ARCAYA Ingeniero Mec\u00e1nico. Experto en Integraci\u00f3n Econ\u00f3mica y Relaciones Econ\u00f3micas Internacionales. rarcaya@f-integral.com KNELLEE BISRAM Licenciada en &hellip;","og_url":"https:\/\/f-integral.org\/es\/associate-consultants\/","og_site_name":"Center of Studies onEconomic Integration and International Trade","article_publisher":"https:\/\/www.facebook.com\/fInteg","article_modified_time":"2026-03-25T16:22:38+00:00","twitter_card":"summary_large_image","twitter_site":"@Integral2013","twitter_misc":{"Tiempo de lectura":"4 minutos"},"schema":{"@context":"https:\/\/schema.org","@graph":[{"@type":"WebPage","@id":"https:\/\/f-integral.org\/es\/associate-consultants\/","url":"https:\/\/f-integral.org\/es\/associate-consultants\/","name":"Consultores asociados - Center of Studies onEconomic Integration and International Trade","isPartOf":{"@id":"https:\/\/f-integral.org\/#website"},"datePublished":"2016-11-19T07:53:17+00:00","dateModified":"2026-03-25T16:22:38+00:00","breadcrumb":{"@id":"https:\/\/f-integral.org\/es\/associate-consultants\/#breadcrumb"},"inLanguage":"es","potentialAction":[{"@type":"ReadAction","target":["https:\/\/f-integral.org\/es\/associate-consultants\/"]}]},{"@type":"BreadcrumbList","@id":"https:\/\/f-integral.org\/es\/associate-consultants\/#breadcrumb","itemListElement":[{"@type":"ListItem","position":1,"name":"Home","item":"https:\/\/f-integral.org\/es\/"},{"@type":"ListItem","position":2,"name":"Consultores asociados"}]},{"@type":"WebSite","@id":"https:\/\/f-integral.org\/#website","url":"https:\/\/f-integral.org\/","name":"Center of Studies onEconomic Integration and International Trade","description":"INTEGRAL Site","publisher":{"@id":"https:\/\/f-integral.org\/#organization"},"potentialAction":[{"@type":"SearchAction","target":{"@type":"EntryPoint","urlTemplate":"https:\/\/f-integral.org\/?s={search_term_string}"},"query-input":{"@type":"PropertyValueSpecification","valueRequired":true,"valueName":"search_term_string"}}],"inLanguage":"es"},{"@type":"Organization","@id":"https:\/\/f-integral.org\/#organization","name":"Center of Studies on Economic Integration and International Trade","url":"https:\/\/f-integral.org\/","logo":{"@type":"ImageObject","inLanguage":"es","@id":"https:\/\/f-integral.org\/#\/schema\/logo\/image\/","url":"https:\/\/f-integral.org\/wp-content\/uploads\/2017\/05\/Integral_Favicon.jpg","contentUrl":"https:\/\/f-integral.org\/wp-content\/uploads\/2017\/05\/Integral_Favicon.jpg","width":512,"height":512,"caption":"Center of Studies on Economic Integration and International Trade"},"image":{"@id":"https:\/\/f-integral.org\/#\/schema\/logo\/image\/"},"sameAs":["https:\/\/www.facebook.com\/fInteg","https:\/\/x.com\/Integral2013","https:\/\/twitter.com\/Integral2013"]}]}},"_links":{"self":[{"href":"https:\/\/f-integral.org\/es\/wp-json\/wp\/v2\/pages\/788","targetHints":{"allow":["GET"]}}],"collection":[{"href":"https:\/\/f-integral.org\/es\/wp-json\/wp\/v2\/pages"}],"about":[{"href":"https:\/\/f-integral.org\/es\/wp-json\/wp\/v2\/types\/page"}],"author":[{"embeddable":true,"href":"https:\/\/f-integral.org\/es\/wp-json\/wp\/v2\/users\/31"}],"replies":[{"embeddable":true,"href":"https:\/\/f-integral.org\/es\/wp-json\/wp\/v2\/comments?post=788"}],"version-history":[{"count":0,"href":"https:\/\/f-integral.org\/es\/wp-json\/wp\/v2\/pages\/788\/revisions"}],"wp:attachment":[{"href":"https:\/\/f-integral.org\/es\/wp-json\/wp\/v2\/media?parent=788"}],"curies":[{"name":"wp","href":"https:\/\/api.w.org\/{rel}","templated":true}]}}