{"id":791,"date":"2016-11-19T07:52:49","date_gmt":"2016-11-19T07:52:49","guid":{"rendered":"http:\/\/f-integral.org\/organization\/authorities\/"},"modified":"2022-01-29T17:05:58","modified_gmt":"2022-01-29T17:05:58","slug":"authorities","status":"publish","type":"page","link":"https:\/\/f-integral.org\/es\/authorities\/","title":{"rendered":"Autoridades"},"content":{"rendered":"<div class=\"about-container authorities\">\n<h2>CENTRO DE ESTUDIOS DE INTEGRACI\u00d3N ECON\u00d3MICA<\/h2>\n<h2>Y COMERCIO INTERNACIONAL<\/h2>\n<div class=\"abtsec1 sec-abt\">\n<p>Asociaci\u00f3n Civil sin Fines de Lucro<\/p>\n<h2>COMISI\u00d3N DIRECTIVA<\/h2>\n<ul>\n<li>\n<h2>PRESIDENTE<\/h2>\n<p><strong>Dr. Rodolfo R\u00faa Boiero <a href=\"http:\/\/f-integral.org\/wp-content\/uploads\/downloads\/CV_Rua_Boiero_SP_Ene20.pdf\" target=\"_blank\" rel=\"noopener noreferrer\">(Curriculum Vitae)<\/a><\/strong><br \/>\nEconomista, Experto en Pol\u00edtica Comercial, Comercio Internacional y Negociaciones Comerciales Internacionales.<\/p>\n<p>Email: <a href=\"mailto:presidencia@f-integral.com\">presidencia@f-integral.com<\/a><\/li>\n<li>\n<h2>SECRETARIA<\/h2>\n<p><strong>Dra. Liliana Cintia Otero <a href=\"http:\/\/f-integral.org\/wp-content\/uploads\/2017\/03\/CV_Liliana_Otero_SP_Mar14.pdf\" target=\"_blank\" rel=\"noopener noreferrer\">(Curriculum Vitae)<\/a><\/strong><br \/>\nLicenciada en Farmacolog\u00eda Experimental y Bioqu\u00edmica, Experta en Obst\u00e1culos T\u00e9cnicos al Comercio y Derechos de Propiedad Intelectual.<br \/>\nEmail: <a href=\"mailto:secretaria@f-integral.com\">secretaria@f-integral.com<\/a><\/li>\n<li>\n<h2>TESORERO<\/h2>\n<p><strong>Agr. Ernesto Fern\u00e1ndez Batmalle<\/strong><br \/>\nAgrimensor. Experto en Promoci\u00f3n Comercial.<\/p>\n<p>Email: <a href=\"mailto:tesoreria@f-integral.com\">tesoreria@f-integral.com<\/a><\/li>\n<li>\n<h2>VOCALES TITULARES<\/h2>\n<p><strong>PhD Elena Di Vico<\/strong><\/p>\n<p><strong>Lic Ezequiel Valle<\/strong><\/p>\n<p><strong>Econ Victoria Vanetta<\/strong><\/p>\n<p><strong>CT Eliana R\u00faa Boiero <a href=\"http:\/\/f-integral.org\/wp-content\/uploads\/2017\/03\/CV_Eliana_Rua_Boiero_Jan15.pdf\" target=\"_blank\" rel=\"noopener noreferrer\">(Curriculum Vitae)<\/a><\/strong><\/p>\n<p><strong>Lic Ana Ines Valle<\/strong><\/p>\n<p><strong>LCB Matias Gerardo Valle<\/strong><\/p>\n<p>Email: <a href=\"mailto:comision_directiva@f-integral.com\">comision_directiva@f-integral.com<\/a><\/li>\n<li>\n<h2>REVISOR DE CUENTAS TITULAR<\/h2>\n<p><strong>CPN Guillermo Valle<\/strong><br \/>\nEmail: <a href=\"mailto:comision_directiva@f-integral.com\">comision_directiva@f-integral.com<\/a><\/li>\n<\/ul>\n<div class=\"abt-right-side\">\n<div class=\"right-tow\"><img loading=\"lazy\" decoding=\"async\" class=\"size-full wp-image-172 alignnone\" src=\"http:\/\/f-integral.org\/wp-content\/uploads\/2016\/11\/20100810122455.jpg\" alt=\"20100810122455\" width=\"180\" height=\"135\" \/><\/div>\n<div class=\"left-one\">\n<h2>CONSEJO ASESOR HONORARIO<\/h2>\n<ul>\n<li>\n<h3>PRESIDENTE<\/h3>\n<p><strong>Dra. Elena Di Vico (Argentina) <a href=\"http:\/\/f-integral.org\/wp-content\/uploads\/2017\/03\/CV_EU_ELENA_DI_VICO_SP_2014.pdf\" target=\"_blank\" rel=\"noopener noreferrer\">(Curriculum Vitae)<\/a><\/strong><\/p>\n<p>Email: <a href=\"mailto:elenadivico@f-integral.com\">elenadivico@f-integral.com<\/a><\/li>\n<li>\n<h3>VICEPRESIDENTE<\/h3>\n<p><strong>Lic. Jorge L. Bardier (Uruguay)<\/strong><\/p>\n<p>Email: <a href=\"mailto:jorgebardier@f-integral.com\">jorgebardier@f-integral.com<\/a><\/li>\n<\/ul>\n<\/div>\n<\/div>\n<\/div>\n<\/div>\n","protected":false},"excerpt":{"rendered":"<p>CENTRO DE ESTUDIOS DE INTEGRACI\u00d3N ECON\u00d3MICA Y COMERCIO INTERNACIONAL Asociaci\u00f3n Civil sin Fines de Lucro COMISI\u00d3N DIRECTIVA PRESIDENTE Dr. Rodolfo R\u00faa Boiero (Curriculum Vitae) Economista, Experto en Pol\u00edtica Comercial, Comercio Internacional y Negociaciones Comerciales Internacionales. Email: presidencia@f-integral.com SECRETARIA Dra. Liliana Cintia Otero (Curriculum Vitae) Licenciada en Farmacolog\u00eda Experimental y Bioqu\u00edmica, &hellip;<\/p>\n","protected":false},"author":31,"featured_media":0,"parent":0,"menu_order":0,"comment_status":"closed","ping_status":"closed","template":"","meta":{"footnotes":""},"class_list":["post-791","page","type-page","status-publish","hentry"],"yoast_head":"<!-- This site is optimized with the Yoast SEO plugin v27.2 - https:\/\/yoast.com\/product\/yoast-seo-wordpress\/ -->\n<title>Autoridades - Center of Studies onEconomic Integration and International Trade<\/title>\n<meta name=\"robots\" content=\"index, follow, max-snippet:-1, max-image-preview:large, max-video-preview:-1\" \/>\n<link rel=\"canonical\" href=\"https:\/\/f-integral.org\/es\/authorities\/\" \/>\n<meta property=\"og:locale\" content=\"es_ES\" \/>\n<meta property=\"og:type\" content=\"article\" \/>\n<meta property=\"og:title\" content=\"Autoridades - Center of Studies onEconomic Integration and International Trade\" \/>\n<meta property=\"og:description\" content=\"CENTRO DE ESTUDIOS DE INTEGRACI\u00d3N ECON\u00d3MICA Y COMERCIO INTERNACIONAL Asociaci\u00f3n Civil sin Fines de Lucro COMISI\u00d3N DIRECTIVA PRESIDENTE Dr. Rodolfo R\u00faa Boiero (Curriculum Vitae) Economista, Experto en Pol\u00edtica Comercial, Comercio Internacional y Negociaciones Comerciales Internacionales. Email: presidencia@f-integral.com SECRETARIA Dra. Liliana Cintia Otero (Curriculum Vitae) Licenciada en Farmacolog\u00eda Experimental y Bioqu\u00edmica, &hellip;\" \/>\n<meta property=\"og:url\" content=\"https:\/\/f-integral.org\/es\/authorities\/\" \/>\n<meta property=\"og:site_name\" content=\"Center of Studies onEconomic Integration and International Trade\" \/>\n<meta property=\"article:publisher\" content=\"https:\/\/www.facebook.com\/fInteg\" \/>\n<meta property=\"article:modified_time\" content=\"2022-01-29T17:05:58+00:00\" \/>\n<meta property=\"og:image\" content=\"http:\/\/f-integral.org\/wp-content\/uploads\/2016\/11\/20100810122455.jpg\" \/>\n<meta name=\"twitter:card\" content=\"summary_large_image\" \/>\n<meta name=\"twitter:site\" content=\"@Integral2013\" \/>\n<meta name=\"twitter:label1\" content=\"Tiempo de lectura\" \/>\n\t<meta name=\"twitter:data1\" content=\"1 minuto\" \/>\n<script type=\"application\/ld+json\" class=\"yoast-schema-graph\">{\"@context\":\"https:\/\/schema.org\",\"@graph\":[{\"@type\":\"WebPage\",\"@id\":\"https:\/\/f-integral.org\/es\/authorities\/\",\"url\":\"https:\/\/f-integral.org\/es\/authorities\/\",\"name\":\"Autoridades - Center of Studies onEconomic Integration and International Trade\",\"isPartOf\":{\"@id\":\"https:\/\/f-integral.org\/#website\"},\"primaryImageOfPage\":{\"@id\":\"https:\/\/f-integral.org\/es\/authorities\/#primaryimage\"},\"image\":{\"@id\":\"https:\/\/f-integral.org\/es\/authorities\/#primaryimage\"},\"thumbnailUrl\":\"http:\/\/f-integral.org\/wp-content\/uploads\/2016\/11\/20100810122455.jpg\",\"datePublished\":\"2016-11-19T07:52:49+00:00\",\"dateModified\":\"2022-01-29T17:05:58+00:00\",\"breadcrumb\":{\"@id\":\"https:\/\/f-integral.org\/es\/authorities\/#breadcrumb\"},\"inLanguage\":\"es\",\"potentialAction\":[{\"@type\":\"ReadAction\",\"target\":[\"https:\/\/f-integral.org\/es\/authorities\/\"]}]},{\"@type\":\"ImageObject\",\"inLanguage\":\"es\",\"@id\":\"https:\/\/f-integral.org\/es\/authorities\/#primaryimage\",\"url\":\"http:\/\/f-integral.org\/wp-content\/uploads\/2016\/11\/20100810122455.jpg\",\"contentUrl\":\"http:\/\/f-integral.org\/wp-content\/uploads\/2016\/11\/20100810122455.jpg\"},{\"@type\":\"BreadcrumbList\",\"@id\":\"https:\/\/f-integral.org\/es\/authorities\/#breadcrumb\",\"itemListElement\":[{\"@type\":\"ListItem\",\"position\":1,\"name\":\"Home\",\"item\":\"https:\/\/f-integral.org\/es\/\"},{\"@type\":\"ListItem\",\"position\":2,\"name\":\"Autoridades\"}]},{\"@type\":\"WebSite\",\"@id\":\"https:\/\/f-integral.org\/#website\",\"url\":\"https:\/\/f-integral.org\/\",\"name\":\"Center of Studies onEconomic Integration and International Trade\",\"description\":\"INTEGRAL Site\",\"publisher\":{\"@id\":\"https:\/\/f-integral.org\/#organization\"},\"potentialAction\":[{\"@type\":\"SearchAction\",\"target\":{\"@type\":\"EntryPoint\",\"urlTemplate\":\"https:\/\/f-integral.org\/?s={search_term_string}\"},\"query-input\":{\"@type\":\"PropertyValueSpecification\",\"valueRequired\":true,\"valueName\":\"search_term_string\"}}],\"inLanguage\":\"es\"},{\"@type\":\"Organization\",\"@id\":\"https:\/\/f-integral.org\/#organization\",\"name\":\"Center of Studies on Economic Integration and International Trade\",\"url\":\"https:\/\/f-integral.org\/\",\"logo\":{\"@type\":\"ImageObject\",\"inLanguage\":\"es\",\"@id\":\"https:\/\/f-integral.org\/#\/schema\/logo\/image\/\",\"url\":\"https:\/\/f-integral.org\/wp-content\/uploads\/2017\/05\/Integral_Favicon.jpg\",\"contentUrl\":\"https:\/\/f-integral.org\/wp-content\/uploads\/2017\/05\/Integral_Favicon.jpg\",\"width\":512,\"height\":512,\"caption\":\"Center of Studies on Economic Integration and International Trade\"},\"image\":{\"@id\":\"https:\/\/f-integral.org\/#\/schema\/logo\/image\/\"},\"sameAs\":[\"https:\/\/www.facebook.com\/fInteg\",\"https:\/\/x.com\/Integral2013\",\"https:\/\/twitter.com\/Integral2013\"]}]}<\/script>\n<!-- \/ Yoast SEO plugin. -->","yoast_head_json":{"title":"Autoridades - Center of Studies onEconomic Integration and International Trade","robots":{"index":"index","follow":"follow","max-snippet":"max-snippet:-1","max-image-preview":"max-image-preview:large","max-video-preview":"max-video-preview:-1"},"canonical":"https:\/\/f-integral.org\/es\/authorities\/","og_locale":"es_ES","og_type":"article","og_title":"Autoridades - Center of Studies onEconomic Integration and International Trade","og_description":"CENTRO DE ESTUDIOS DE INTEGRACI\u00d3N ECON\u00d3MICA Y COMERCIO INTERNACIONAL Asociaci\u00f3n Civil sin Fines de Lucro COMISI\u00d3N DIRECTIVA PRESIDENTE Dr. Rodolfo R\u00faa Boiero (Curriculum Vitae) Economista, Experto en Pol\u00edtica Comercial, Comercio Internacional y Negociaciones Comerciales Internacionales. Email: presidencia@f-integral.com SECRETARIA Dra. Liliana Cintia Otero (Curriculum Vitae) Licenciada en Farmacolog\u00eda Experimental y Bioqu\u00edmica, &hellip;","og_url":"https:\/\/f-integral.org\/es\/authorities\/","og_site_name":"Center of Studies onEconomic Integration and International Trade","article_publisher":"https:\/\/www.facebook.com\/fInteg","article_modified_time":"2022-01-29T17:05:58+00:00","og_image":[{"url":"http:\/\/f-integral.org\/wp-content\/uploads\/2016\/11\/20100810122455.jpg","type":"","width":"","height":""}],"twitter_card":"summary_large_image","twitter_site":"@Integral2013","twitter_misc":{"Tiempo de lectura":"1 minuto"},"schema":{"@context":"https:\/\/schema.org","@graph":[{"@type":"WebPage","@id":"https:\/\/f-integral.org\/es\/authorities\/","url":"https:\/\/f-integral.org\/es\/authorities\/","name":"Autoridades - Center of Studies onEconomic Integration and International Trade","isPartOf":{"@id":"https:\/\/f-integral.org\/#website"},"primaryImageOfPage":{"@id":"https:\/\/f-integral.org\/es\/authorities\/#primaryimage"},"image":{"@id":"https:\/\/f-integral.org\/es\/authorities\/#primaryimage"},"thumbnailUrl":"http:\/\/f-integral.org\/wp-content\/uploads\/2016\/11\/20100810122455.jpg","datePublished":"2016-11-19T07:52:49+00:00","dateModified":"2022-01-29T17:05:58+00:00","breadcrumb":{"@id":"https:\/\/f-integral.org\/es\/authorities\/#breadcrumb"},"inLanguage":"es","potentialAction":[{"@type":"ReadAction","target":["https:\/\/f-integral.org\/es\/authorities\/"]}]},{"@type":"ImageObject","inLanguage":"es","@id":"https:\/\/f-integral.org\/es\/authorities\/#primaryimage","url":"http:\/\/f-integral.org\/wp-content\/uploads\/2016\/11\/20100810122455.jpg","contentUrl":"http:\/\/f-integral.org\/wp-content\/uploads\/2016\/11\/20100810122455.jpg"},{"@type":"BreadcrumbList","@id":"https:\/\/f-integral.org\/es\/authorities\/#breadcrumb","itemListElement":[{"@type":"ListItem","position":1,"name":"Home","item":"https:\/\/f-integral.org\/es\/"},{"@type":"ListItem","position":2,"name":"Autoridades"}]},{"@type":"WebSite","@id":"https:\/\/f-integral.org\/#website","url":"https:\/\/f-integral.org\/","name":"Center of Studies onEconomic Integration and International Trade","description":"INTEGRAL Site","publisher":{"@id":"https:\/\/f-integral.org\/#organization"},"potentialAction":[{"@type":"SearchAction","target":{"@type":"EntryPoint","urlTemplate":"https:\/\/f-integral.org\/?s={search_term_string}"},"query-input":{"@type":"PropertyValueSpecification","valueRequired":true,"valueName":"search_term_string"}}],"inLanguage":"es"},{"@type":"Organization","@id":"https:\/\/f-integral.org\/#organization","name":"Center of Studies on Economic Integration and International Trade","url":"https:\/\/f-integral.org\/","logo":{"@type":"ImageObject","inLanguage":"es","@id":"https:\/\/f-integral.org\/#\/schema\/logo\/image\/","url":"https:\/\/f-integral.org\/wp-content\/uploads\/2017\/05\/Integral_Favicon.jpg","contentUrl":"https:\/\/f-integral.org\/wp-content\/uploads\/2017\/05\/Integral_Favicon.jpg","width":512,"height":512,"caption":"Center of Studies on Economic Integration and International Trade"},"image":{"@id":"https:\/\/f-integral.org\/#\/schema\/logo\/image\/"},"sameAs":["https:\/\/www.facebook.com\/fInteg","https:\/\/x.com\/Integral2013","https:\/\/twitter.com\/Integral2013"]}]}},"_links":{"self":[{"href":"https:\/\/f-integral.org\/es\/wp-json\/wp\/v2\/pages\/791","targetHints":{"allow":["GET"]}}],"collection":[{"href":"https:\/\/f-integral.org\/es\/wp-json\/wp\/v2\/pages"}],"about":[{"href":"https:\/\/f-integral.org\/es\/wp-json\/wp\/v2\/types\/page"}],"author":[{"embeddable":true,"href":"https:\/\/f-integral.org\/es\/wp-json\/wp\/v2\/users\/31"}],"replies":[{"embeddable":true,"href":"https:\/\/f-integral.org\/es\/wp-json\/wp\/v2\/comments?post=791"}],"version-history":[{"count":0,"href":"https:\/\/f-integral.org\/es\/wp-json\/wp\/v2\/pages\/791\/revisions"}],"wp:attachment":[{"href":"https:\/\/f-integral.org\/es\/wp-json\/wp\/v2\/media?parent=791"}],"curies":[{"name":"wp","href":"https:\/\/api.w.org\/{rel}","templated":true}]}}