{"id":794,"date":"2016-11-19T07:53:02","date_gmt":"2016-11-19T07:53:02","guid":{"rendered":"http:\/\/f-integral.org\/organization\/departments-and-technical-committees\/"},"modified":"2022-01-29T17:32:01","modified_gmt":"2022-01-29T17:32:01","slug":"departments-and-technical-committees","status":"publish","type":"page","link":"https:\/\/f-integral.org\/es\/departments-and-technical-committees\/","title":{"rendered":"Departamentos y comisiones t\u00e9cnicas"},"content":{"rendered":"<div class=\"about-container authorities\">\n<h2>DEPARTAMENTOS INSTITUCIONALES<\/h2>\n<div class=\"abtsec1 sec-abt dept\">\n<ul>\n<li>\n<h2>Capacitaci\u00f3n<\/h2>\n<p><strong>Coordinadora: Dra. Liliana Otero<\/strong><br \/>\nEmail: <a href=\"mailto:departamento_capacitacion@f-integral.com\">departamento_capacitacion@f-integral.com<\/a><\/li>\n<li>\n<h2>Asistencia T\u00e9cnica y Proyectos de Cooperaci\u00f3n Internacional<\/h2>\n<p><strong>Presidente: Dr. Rodolfo R\u00faa Boiero<\/strong><br \/>\nEmail: <a href=\"mailto:technical_assistance@f-integral.com\">technical_assistance@f-integral.com<\/a><\/li>\n<li>\n<h2>Asistencia T\u00e9cnica en Comercio Exterior<\/h2>\n<p><strong>Coordinador: Mat\u00edas Gerardo Valle<\/strong><br \/>\nEmail: <a href=\"mailto:technical_assistance@f-integral.com\">technical_assistance@f-integral.com<\/a><\/li>\n<li>\n<h2>Tecnolog\u00eda e Innovaci\u00f3n<\/h2>\n<p><strong>Coordinadores: Dra. Liliana Cintia Otero y Dra. Norma Felix<\/strong><br \/>\nEmail: <a href=\"mailto:technology@f-integral.com\">technology@f-integral.com<\/a><\/li>\n<li>\n<h2>Peque\u00f1as y Medianas Empresas<\/h2>\n<p><strong>Coordinador: Lic. Jorge Bardier<\/strong><br \/>\nEmail: <a href=\"mailto:departamento_capacitacion@f-integral.com\">departamento_capacitacion@f-integral.com<\/a><\/li>\n<li>\n<h2>Proyectos de Investigaci\u00f3n<\/h2>\n<p><strong>Coordinadora: Dra. Elena Di Vico<\/strong><br \/>\nEmail: <a href=\"mailto:tcb_projects@f-integral.com\">tcb_projects@f-integral.com<\/a><\/li>\n<li>\n<h2>Recaudaci\u00f3n de Fondos<\/h2>\n<p><strong>Coordinadora: Lic. Victoria Vanetta<\/strong><br \/>\nEmail: <a href=\"mailto:fundraising@f-integral.com\">fundraising@f-integral.com<\/a><\/li>\n<li>\n<h2>Relaciones Institucionales<\/h2>\n<p><strong>Coordinadoras: Trad.Publ. Eliana R\u00faa Boiero y Lic. Ana In\u00e9s Valle<\/strong><br \/>\nEmail: <a href=\"mailto:rrii@f-integral.com\">rrii@f-integral.com<\/a><\/li>\n<\/ul>\n<h2 class=\"tech\">COMIT\u00c9S T\u00c9CNICOS<\/h2>\n<ul>\n<li>\n<h2>Comercio Internacional<\/h2>\n<p><strong>Presidente: Dr. Rodolfo R\u00faa Boiero<\/strong><br \/>\n<strong>Coordinadora: Dra. Elena Di Vico<\/strong><\/li>\n<li>\n<h2>Organismos Internacionales<\/h2>\n<p><strong>Presidente: Dra. Elena Di Vico<\/strong><\/li>\n<li>\n<h2>Derechos de Propiedad Intelectual, Investigaci\u00f3n y Desarrollo<\/h2>\n<p><strong>Coordinadoras: Dra. Norma Felix y Dra. Liliana Otero<\/strong><br \/>\n<strong>Vicepresidente: Dra. Norma Felix <\/strong><\/li>\n<\/ul>\n<h2 class=\"tech\"><strong><a href=\"http:\/\/f-integral.org\/es\/organization\/associate-consultants\/\">CONSULTORES ASOCIADOS<\/a><\/strong><\/h2>\n<\/div>\n<\/div>\n","protected":false},"excerpt":{"rendered":"<p>DEPARTAMENTOS INSTITUCIONALES Capacitaci\u00f3n Coordinadora: Dra. Liliana Otero Email: departamento_capacitacion@f-integral.com Asistencia T\u00e9cnica y Proyectos de Cooperaci\u00f3n Internacional Presidente: Dr. Rodolfo R\u00faa Boiero Email: technical_assistance@f-integral.com Asistencia T\u00e9cnica en Comercio Exterior Coordinador: Mat\u00edas Gerardo Valle Email: technical_assistance@f-integral.com Tecnolog\u00eda e Innovaci\u00f3n Coordinadores: Dra. Liliana Cintia Otero y Dra. Norma Felix Email: technology@f-integral.com Peque\u00f1as y &hellip;<\/p>\n","protected":false},"author":31,"featured_media":0,"parent":0,"menu_order":0,"comment_status":"closed","ping_status":"closed","template":"","meta":{"footnotes":""},"class_list":["post-794","page","type-page","status-publish","hentry"],"yoast_head":"<!-- This site is optimized with the Yoast SEO plugin v27.2 - https:\/\/yoast.com\/product\/yoast-seo-wordpress\/ -->\n<title>Departamentos y comisiones t\u00e9cnicas - Center of Studies onEconomic Integration and International Trade<\/title>\n<meta name=\"robots\" content=\"index, follow, max-snippet:-1, max-image-preview:large, max-video-preview:-1\" \/>\n<link rel=\"canonical\" href=\"https:\/\/f-integral.org\/es\/departments-and-technical-committees\/\" \/>\n<meta property=\"og:locale\" content=\"es_ES\" \/>\n<meta property=\"og:type\" content=\"article\" \/>\n<meta property=\"og:title\" content=\"Departamentos y comisiones t\u00e9cnicas - Center of Studies onEconomic Integration and International Trade\" \/>\n<meta property=\"og:description\" content=\"DEPARTAMENTOS INSTITUCIONALES Capacitaci\u00f3n Coordinadora: Dra. Liliana Otero Email: departamento_capacitacion@f-integral.com Asistencia T\u00e9cnica y Proyectos de Cooperaci\u00f3n Internacional Presidente: Dr. Rodolfo R\u00faa Boiero Email: technical_assistance@f-integral.com Asistencia T\u00e9cnica en Comercio Exterior Coordinador: Mat\u00edas Gerardo Valle Email: technical_assistance@f-integral.com Tecnolog\u00eda e Innovaci\u00f3n Coordinadores: Dra. Liliana Cintia Otero y Dra. Norma Felix Email: technology@f-integral.com Peque\u00f1as y &hellip;\" \/>\n<meta property=\"og:url\" content=\"https:\/\/f-integral.org\/es\/departments-and-technical-committees\/\" \/>\n<meta property=\"og:site_name\" content=\"Center of Studies onEconomic Integration and International Trade\" \/>\n<meta property=\"article:publisher\" content=\"https:\/\/www.facebook.com\/fInteg\" \/>\n<meta property=\"article:modified_time\" content=\"2022-01-29T17:32:01+00:00\" \/>\n<meta name=\"twitter:card\" content=\"summary_large_image\" \/>\n<meta name=\"twitter:site\" content=\"@Integral2013\" \/>\n<meta name=\"twitter:label1\" content=\"Tiempo de lectura\" \/>\n\t<meta name=\"twitter:data1\" content=\"1 minuto\" \/>\n<script type=\"application\/ld+json\" class=\"yoast-schema-graph\">{\"@context\":\"https:\/\/schema.org\",\"@graph\":[{\"@type\":\"WebPage\",\"@id\":\"https:\/\/f-integral.org\/es\/departments-and-technical-committees\/\",\"url\":\"https:\/\/f-integral.org\/es\/departments-and-technical-committees\/\",\"name\":\"Departamentos y comisiones t\u00e9cnicas - Center of Studies onEconomic Integration and International Trade\",\"isPartOf\":{\"@id\":\"https:\/\/f-integral.org\/#website\"},\"datePublished\":\"2016-11-19T07:53:02+00:00\",\"dateModified\":\"2022-01-29T17:32:01+00:00\",\"breadcrumb\":{\"@id\":\"https:\/\/f-integral.org\/es\/departments-and-technical-committees\/#breadcrumb\"},\"inLanguage\":\"es\",\"potentialAction\":[{\"@type\":\"ReadAction\",\"target\":[\"https:\/\/f-integral.org\/es\/departments-and-technical-committees\/\"]}]},{\"@type\":\"BreadcrumbList\",\"@id\":\"https:\/\/f-integral.org\/es\/departments-and-technical-committees\/#breadcrumb\",\"itemListElement\":[{\"@type\":\"ListItem\",\"position\":1,\"name\":\"Home\",\"item\":\"https:\/\/f-integral.org\/es\/\"},{\"@type\":\"ListItem\",\"position\":2,\"name\":\"Departamentos y comisiones t\u00e9cnicas\"}]},{\"@type\":\"WebSite\",\"@id\":\"https:\/\/f-integral.org\/#website\",\"url\":\"https:\/\/f-integral.org\/\",\"name\":\"Center of Studies onEconomic Integration and International Trade\",\"description\":\"INTEGRAL Site\",\"publisher\":{\"@id\":\"https:\/\/f-integral.org\/#organization\"},\"potentialAction\":[{\"@type\":\"SearchAction\",\"target\":{\"@type\":\"EntryPoint\",\"urlTemplate\":\"https:\/\/f-integral.org\/?s={search_term_string}\"},\"query-input\":{\"@type\":\"PropertyValueSpecification\",\"valueRequired\":true,\"valueName\":\"search_term_string\"}}],\"inLanguage\":\"es\"},{\"@type\":\"Organization\",\"@id\":\"https:\/\/f-integral.org\/#organization\",\"name\":\"Center of Studies on Economic Integration and International Trade\",\"url\":\"https:\/\/f-integral.org\/\",\"logo\":{\"@type\":\"ImageObject\",\"inLanguage\":\"es\",\"@id\":\"https:\/\/f-integral.org\/#\/schema\/logo\/image\/\",\"url\":\"https:\/\/f-integral.org\/wp-content\/uploads\/2017\/05\/Integral_Favicon.jpg\",\"contentUrl\":\"https:\/\/f-integral.org\/wp-content\/uploads\/2017\/05\/Integral_Favicon.jpg\",\"width\":512,\"height\":512,\"caption\":\"Center of Studies on Economic Integration and International Trade\"},\"image\":{\"@id\":\"https:\/\/f-integral.org\/#\/schema\/logo\/image\/\"},\"sameAs\":[\"https:\/\/www.facebook.com\/fInteg\",\"https:\/\/x.com\/Integral2013\",\"https:\/\/twitter.com\/Integral2013\"]}]}<\/script>\n<!-- \/ Yoast SEO plugin. -->","yoast_head_json":{"title":"Departamentos y comisiones t\u00e9cnicas - Center of Studies onEconomic Integration and International Trade","robots":{"index":"index","follow":"follow","max-snippet":"max-snippet:-1","max-image-preview":"max-image-preview:large","max-video-preview":"max-video-preview:-1"},"canonical":"https:\/\/f-integral.org\/es\/departments-and-technical-committees\/","og_locale":"es_ES","og_type":"article","og_title":"Departamentos y comisiones t\u00e9cnicas - Center of Studies onEconomic Integration and International Trade","og_description":"DEPARTAMENTOS INSTITUCIONALES Capacitaci\u00f3n Coordinadora: Dra. Liliana Otero Email: departamento_capacitacion@f-integral.com Asistencia T\u00e9cnica y Proyectos de Cooperaci\u00f3n Internacional Presidente: Dr. Rodolfo R\u00faa Boiero Email: technical_assistance@f-integral.com Asistencia T\u00e9cnica en Comercio Exterior Coordinador: Mat\u00edas Gerardo Valle Email: technical_assistance@f-integral.com Tecnolog\u00eda e Innovaci\u00f3n Coordinadores: Dra. Liliana Cintia Otero y Dra. Norma Felix Email: technology@f-integral.com Peque\u00f1as y &hellip;","og_url":"https:\/\/f-integral.org\/es\/departments-and-technical-committees\/","og_site_name":"Center of Studies onEconomic Integration and International Trade","article_publisher":"https:\/\/www.facebook.com\/fInteg","article_modified_time":"2022-01-29T17:32:01+00:00","twitter_card":"summary_large_image","twitter_site":"@Integral2013","twitter_misc":{"Tiempo de lectura":"1 minuto"},"schema":{"@context":"https:\/\/schema.org","@graph":[{"@type":"WebPage","@id":"https:\/\/f-integral.org\/es\/departments-and-technical-committees\/","url":"https:\/\/f-integral.org\/es\/departments-and-technical-committees\/","name":"Departamentos y comisiones t\u00e9cnicas - Center of Studies onEconomic Integration and International Trade","isPartOf":{"@id":"https:\/\/f-integral.org\/#website"},"datePublished":"2016-11-19T07:53:02+00:00","dateModified":"2022-01-29T17:32:01+00:00","breadcrumb":{"@id":"https:\/\/f-integral.org\/es\/departments-and-technical-committees\/#breadcrumb"},"inLanguage":"es","potentialAction":[{"@type":"ReadAction","target":["https:\/\/f-integral.org\/es\/departments-and-technical-committees\/"]}]},{"@type":"BreadcrumbList","@id":"https:\/\/f-integral.org\/es\/departments-and-technical-committees\/#breadcrumb","itemListElement":[{"@type":"ListItem","position":1,"name":"Home","item":"https:\/\/f-integral.org\/es\/"},{"@type":"ListItem","position":2,"name":"Departamentos y comisiones t\u00e9cnicas"}]},{"@type":"WebSite","@id":"https:\/\/f-integral.org\/#website","url":"https:\/\/f-integral.org\/","name":"Center of Studies onEconomic Integration and International Trade","description":"INTEGRAL Site","publisher":{"@id":"https:\/\/f-integral.org\/#organization"},"potentialAction":[{"@type":"SearchAction","target":{"@type":"EntryPoint","urlTemplate":"https:\/\/f-integral.org\/?s={search_term_string}"},"query-input":{"@type":"PropertyValueSpecification","valueRequired":true,"valueName":"search_term_string"}}],"inLanguage":"es"},{"@type":"Organization","@id":"https:\/\/f-integral.org\/#organization","name":"Center of Studies on Economic Integration and International Trade","url":"https:\/\/f-integral.org\/","logo":{"@type":"ImageObject","inLanguage":"es","@id":"https:\/\/f-integral.org\/#\/schema\/logo\/image\/","url":"https:\/\/f-integral.org\/wp-content\/uploads\/2017\/05\/Integral_Favicon.jpg","contentUrl":"https:\/\/f-integral.org\/wp-content\/uploads\/2017\/05\/Integral_Favicon.jpg","width":512,"height":512,"caption":"Center of Studies on Economic Integration and International Trade"},"image":{"@id":"https:\/\/f-integral.org\/#\/schema\/logo\/image\/"},"sameAs":["https:\/\/www.facebook.com\/fInteg","https:\/\/x.com\/Integral2013","https:\/\/twitter.com\/Integral2013"]}]}},"_links":{"self":[{"href":"https:\/\/f-integral.org\/es\/wp-json\/wp\/v2\/pages\/794","targetHints":{"allow":["GET"]}}],"collection":[{"href":"https:\/\/f-integral.org\/es\/wp-json\/wp\/v2\/pages"}],"about":[{"href":"https:\/\/f-integral.org\/es\/wp-json\/wp\/v2\/types\/page"}],"author":[{"embeddable":true,"href":"https:\/\/f-integral.org\/es\/wp-json\/wp\/v2\/users\/31"}],"replies":[{"embeddable":true,"href":"https:\/\/f-integral.org\/es\/wp-json\/wp\/v2\/comments?post=794"}],"version-history":[{"count":0,"href":"https:\/\/f-integral.org\/es\/wp-json\/wp\/v2\/pages\/794\/revisions"}],"wp:attachment":[{"href":"https:\/\/f-integral.org\/es\/wp-json\/wp\/v2\/media?parent=794"}],"curies":[{"name":"wp","href":"https:\/\/api.w.org\/{rel}","templated":true}]}}