{"id":799,"date":"2016-11-19T07:53:33","date_gmt":"2016-11-19T07:53:33","guid":{"rendered":"http:\/\/f-integral.org\/organization\/join-us\/"},"modified":"2022-02-28T16:07:20","modified_gmt":"2022-02-28T16:07:20","slug":"conviertase-en-consultor-asociado","status":"publish","type":"page","link":"https:\/\/f-integral.org\/es\/conviertase-en-consultor-asociado\/","title":{"rendered":"Convi\u00e9rtase en Consultor Asociado"},"content":{"rendered":"<div class=\"about-container\">\n<div class=\"abtsec1 sec-abt\">\n<h2>AS\u00d3CIESE A INTEGRAL<\/h2>\n<p><strong>INTEGRAL<\/strong> cuenta con una red de m\u00e1s de 50 <a href=\"http:\/\/f-integral.org\/es\/organization\/associate-consultants\/\" target=\"_blank\" rel=\"noopener\">Consultores Asociados<\/a> de diversas nacionalidades (Alemania, Argentina, Brasil, Chile, Ecuador, Espa\u00f1a, Estados Unidos, Rep\u00fablica Dominicana, Trinidad &amp; Tobago, Uruguay y Venezuela, entre otros), expertos con trayectoria y probada experiencia en las disciplinas m\u00e1s relevantes del comercio y las negociaciones internacionales. La mayor\u00eda de ellos ha desempe\u00f1ado funciones en equipos negociadores gubernamentales, en sectores privados empresariales y en consultor\u00eda internacional para empresas y gobiernos, desarrollando actualmente actividades relacionadas con la formulaci\u00f3n e implementaci\u00f3n de pol\u00edticas comerciales y la negociaci\u00f3n de acuerdos comerciales internacionales.<\/p>\n<p>Nuestros consultores son expertos en las siguientes \u00e1reas de actividad:<\/p>\n<ul>\n<li>Comercio y Negociaciones Internacionales<\/li>\n<li>Asistencia T\u00e9cnica y Capacitaci\u00f3n en temas de Comercio Internacional<\/li>\n<li>Asistencia en la Formulaci\u00f3n de Pol\u00edticas Comerciales y la Implementaci\u00f3n de Acuerdos Comerciales<\/li>\n<li>Reg\u00edmenes e Instrumentos de Promoci\u00f3n Comercial<\/li>\n<li>Dise\u00f1o, formulaci\u00f3n y evaluaci\u00f3n de Proyectos de Cooperaci\u00f3n Internacional<\/li>\n<li>Derechos de Propiedad Intelectual y su relaci\u00f3n con el comercio, el desarrollo econ\u00f3mico y la salud p\u00fablica<\/li>\n<li>Desarrollo Sustentable<\/li>\n<li>Mecanismos de Di\u00e1logo y Concertaci\u00f3n con la Sociedad Civil<\/li>\n<\/ul>\n<p>Nos sentimos orgullosos de contar con un equipo de trabajo s\u00f3lido y confiable, con experiencia internacional y conocimientos que aseguran una performance de excelencia en los \u00e1mbitos de la capacitaci\u00f3n y de la asistencia t\u00e9cnica a gobiernos, entidades empresariales y organizaciones de la Sociedad Civil.<\/p>\n<p>A la recepci\u00f3n de propuestas de consultor\u00eda en Asistencia T\u00e9cnica o Capacitaci\u00f3n, INTEGRAL propone las candidaturas de sus Consultores Asociados cuyo perfil corresponde a la(s) posici\u00f3n(es) requerida(s), inform\u00e1ndoles sobre la propuesta recibida, sus t\u00e9rminos de referencia y condiciones de contrataci\u00f3n.<\/p>\n<p>Si Ud. es profesional y consultor con conocimientos y experiencia en alguna de las \u00e1reas arriba mencionadas, puede ser parte de nuestra Red de Consultores Asociados.<\/p>\n<hr \/>\n<h2>Informaci\u00f3n, requisitos e instrucciones para proponer su candidatura<\/h2>\n<h2>como Consultor Asociado<\/h2>\n<p>Los siguientes son los requisitos para someter la candidatura a Consultor Asociado de <strong>INTEGRAL<\/strong>:<\/p>\n<ul>\n<li>Poseer como m\u00ednimo un grado universitario (Licenciatura o grado equivalente) en Econom\u00eda, Sociolog\u00eda, Ciencias Pol\u00edticas, Comercio Internacional, Derecho Internacional, Administraci\u00f3n, Mercadeo Internacional, o en disciplinas afines. Posgrados (Master o Doctorado) son considerados una ventaja.<\/li>\n<li>Poseer como m\u00ednimo un a\u00f1o de experiencia en su campo de actividad profesional.<\/li>\n<li>Dominio fluido de Espa\u00f1ol e Ingl\u00e9s. El conocimiento y dominio de otros idiomas extranjeros es considerado una ventaja.<\/li>\n<li>Se acordar\u00e1 preferencia a los candidatos con habilidades espec\u00edficas en los campos de investigaci\u00f3n y de an\u00e1lisis cualitativo y cuantitativo, as\u00ed como tambi\u00e9n excelentes cualidades de comunicaci\u00f3n oral y escrita.<\/li>\n<\/ul>\n<p>Los pasos para someter la candidatura son:<\/p>\n<ul>\n<li>Confeccionar su Curriculum Vitae en el Modelo Adjunto, en <a href=\"http:\/\/f-integral.org\/wp-content\/uploads\/2016\/12\/CV_Template_SP.pdf\" target=\"_blank\" rel=\"noopener\">Espa\u00f1ol<\/a> y en <a href=\"http:\/\/f-integral.org\/wp-content\/uploads\/2016\/12\/CV_Template_EN.pdf\" target=\"_blank\" rel=\"noopener\">Ingl\u00e9s<\/a>.<\/li>\n<li>Enviarlo por correo electr\u00f3nico a: <a href=\"mailto:consultores_asociados@f-integral.com\">consultores_asociados@f-integral.com<\/a>, indicando su Nombre y Apellido completos, su Nacionalidad, N\u00famero Telef\u00f3nico (con indicativo de Pa\u00eds y Ciudad) y direcci\u00f3n de correo electr\u00f3nico (una direcci\u00f3n principal y una alternativa si la posee).<\/li>\n<li>Tanto el CV como la informaci\u00f3n que solicitamos conste en su mensaje son requisitos indispensables para que su candidatura sea considerada.<\/li>\n<li>La informaci\u00f3n remitida tendr\u00e1 un tratamiento estrictamente confidencial.<\/li>\n<li>Su solicitud ser\u00e1 analizada por nuestro Departamento de Relaciones Institucionales, quien evaluar\u00e1 sus antecedentes y le comunicar\u00e1 su decisi\u00f3n en el t\u00e9rmino de 15 d\u00edas corridos desde la recepci\u00f3n de sus antecedentes.<\/li>\n<\/ul>\n<p><strong>INFORMACI\u00d3N ADICIONAL<\/strong><\/p>\n<ul>\n<li><a href=\"http:\/\/f-integral.org\/wp-content\/uploads\/2016\/12\/CV_Template_SP.pdf\" target=\"_blank\" rel=\"noopener\">Descargar Modelo de Curriculum Vitae en Espa\u00f1ol<\/a><\/li>\n<li><a href=\"http:\/\/f-integral.org\/wp-content\/uploads\/2016\/12\/CV_Template_EN.pdf\" target=\"_blank\" rel=\"noopener\">Descargar Modelo de Curriculum Vitae en Ingl\u00e9s<\/a><\/li>\n<li><a href=\"http:\/\/f-integral.org\/wp-content\/uploads\/2016\/12\/Acuerdo_Consultor_Asociado_SP-EN_Set11.pdf\" target=\"_blank\" rel=\"noopener\">Descargar Modelo de Acuerdo INTEGRAL-Consultor Asociado <\/a>(Ud. puede examinar los t\u00e9rminos de este Acuerdo, en donde figuran derechos y obligaciones de las partes, previo a su decisi\u00f3n de someter su candidatura)<\/li>\n<\/ul>\n<\/div>\n<\/div>\n","protected":false},"excerpt":{"rendered":"<p>AS\u00d3CIESE A INTEGRAL INTEGRAL cuenta con una red de m\u00e1s de 50 Consultores Asociados de diversas nacionalidades (Alemania, Argentina, Brasil, Chile, Ecuador, Espa\u00f1a, Estados Unidos, Rep\u00fablica Dominicana, Trinidad &amp; Tobago, Uruguay y Venezuela, entre otros), expertos con trayectoria y probada experiencia en las disciplinas m\u00e1s relevantes del comercio y las &hellip;<\/p>\n","protected":false},"author":31,"featured_media":0,"parent":0,"menu_order":0,"comment_status":"closed","ping_status":"closed","template":"","meta":{"footnotes":""},"class_list":["post-799","page","type-page","status-publish","hentry"],"yoast_head":"<!-- This site is optimized with the Yoast SEO plugin v27.2 - https:\/\/yoast.com\/product\/yoast-seo-wordpress\/ -->\n<title>Convi\u00e9rtase en Consultor Asociado - Center of Studies onEconomic Integration and International Trade<\/title>\n<meta name=\"robots\" content=\"index, follow, max-snippet:-1, max-image-preview:large, max-video-preview:-1\" \/>\n<link rel=\"canonical\" href=\"https:\/\/f-integral.org\/es\/conviertase-en-consultor-asociado\/\" \/>\n<meta property=\"og:locale\" content=\"es_ES\" \/>\n<meta property=\"og:type\" content=\"article\" \/>\n<meta property=\"og:title\" content=\"Convi\u00e9rtase en Consultor Asociado - Center of Studies onEconomic Integration and International Trade\" \/>\n<meta property=\"og:description\" content=\"AS\u00d3CIESE A INTEGRAL INTEGRAL cuenta con una red de m\u00e1s de 50 Consultores Asociados de diversas nacionalidades (Alemania, Argentina, Brasil, Chile, Ecuador, Espa\u00f1a, Estados Unidos, Rep\u00fablica Dominicana, Trinidad &amp; Tobago, Uruguay y Venezuela, entre otros), expertos con trayectoria y probada experiencia en las disciplinas m\u00e1s relevantes del comercio y las &hellip;\" \/>\n<meta property=\"og:url\" content=\"https:\/\/f-integral.org\/es\/conviertase-en-consultor-asociado\/\" \/>\n<meta property=\"og:site_name\" content=\"Center of Studies onEconomic Integration and International Trade\" \/>\n<meta property=\"article:publisher\" content=\"https:\/\/www.facebook.com\/fInteg\" \/>\n<meta property=\"article:modified_time\" content=\"2022-02-28T16:07:20+00:00\" \/>\n<meta name=\"twitter:card\" content=\"summary_large_image\" \/>\n<meta name=\"twitter:site\" content=\"@Integral2013\" \/>\n<meta name=\"twitter:label1\" content=\"Tiempo de lectura\" \/>\n\t<meta name=\"twitter:data1\" content=\"3 minutos\" \/>\n<script type=\"application\/ld+json\" class=\"yoast-schema-graph\">{\"@context\":\"https:\/\/schema.org\",\"@graph\":[{\"@type\":\"WebPage\",\"@id\":\"https:\/\/f-integral.org\/es\/conviertase-en-consultor-asociado\/\",\"url\":\"https:\/\/f-integral.org\/es\/conviertase-en-consultor-asociado\/\",\"name\":\"Convi\u00e9rtase en Consultor Asociado - Center of Studies onEconomic Integration and International Trade\",\"isPartOf\":{\"@id\":\"https:\/\/f-integral.org\/#website\"},\"datePublished\":\"2016-11-19T07:53:33+00:00\",\"dateModified\":\"2022-02-28T16:07:20+00:00\",\"breadcrumb\":{\"@id\":\"https:\/\/f-integral.org\/es\/conviertase-en-consultor-asociado\/#breadcrumb\"},\"inLanguage\":\"es\",\"potentialAction\":[{\"@type\":\"ReadAction\",\"target\":[\"https:\/\/f-integral.org\/es\/conviertase-en-consultor-asociado\/\"]}]},{\"@type\":\"BreadcrumbList\",\"@id\":\"https:\/\/f-integral.org\/es\/conviertase-en-consultor-asociado\/#breadcrumb\",\"itemListElement\":[{\"@type\":\"ListItem\",\"position\":1,\"name\":\"Home\",\"item\":\"https:\/\/f-integral.org\/es\/\"},{\"@type\":\"ListItem\",\"position\":2,\"name\":\"Convi\u00e9rtase en Consultor Asociado\"}]},{\"@type\":\"WebSite\",\"@id\":\"https:\/\/f-integral.org\/#website\",\"url\":\"https:\/\/f-integral.org\/\",\"name\":\"Center of Studies onEconomic Integration and International Trade\",\"description\":\"INTEGRAL Site\",\"publisher\":{\"@id\":\"https:\/\/f-integral.org\/#organization\"},\"potentialAction\":[{\"@type\":\"SearchAction\",\"target\":{\"@type\":\"EntryPoint\",\"urlTemplate\":\"https:\/\/f-integral.org\/?s={search_term_string}\"},\"query-input\":{\"@type\":\"PropertyValueSpecification\",\"valueRequired\":true,\"valueName\":\"search_term_string\"}}],\"inLanguage\":\"es\"},{\"@type\":\"Organization\",\"@id\":\"https:\/\/f-integral.org\/#organization\",\"name\":\"Center of Studies on Economic Integration and International Trade\",\"url\":\"https:\/\/f-integral.org\/\",\"logo\":{\"@type\":\"ImageObject\",\"inLanguage\":\"es\",\"@id\":\"https:\/\/f-integral.org\/#\/schema\/logo\/image\/\",\"url\":\"https:\/\/f-integral.org\/wp-content\/uploads\/2017\/05\/Integral_Favicon.jpg\",\"contentUrl\":\"https:\/\/f-integral.org\/wp-content\/uploads\/2017\/05\/Integral_Favicon.jpg\",\"width\":512,\"height\":512,\"caption\":\"Center of Studies on Economic Integration and International Trade\"},\"image\":{\"@id\":\"https:\/\/f-integral.org\/#\/schema\/logo\/image\/\"},\"sameAs\":[\"https:\/\/www.facebook.com\/fInteg\",\"https:\/\/x.com\/Integral2013\",\"https:\/\/twitter.com\/Integral2013\"]}]}<\/script>\n<!-- \/ Yoast SEO plugin. -->","yoast_head_json":{"title":"Convi\u00e9rtase en Consultor Asociado - Center of Studies onEconomic Integration and International Trade","robots":{"index":"index","follow":"follow","max-snippet":"max-snippet:-1","max-image-preview":"max-image-preview:large","max-video-preview":"max-video-preview:-1"},"canonical":"https:\/\/f-integral.org\/es\/conviertase-en-consultor-asociado\/","og_locale":"es_ES","og_type":"article","og_title":"Convi\u00e9rtase en Consultor Asociado - Center of Studies onEconomic Integration and International Trade","og_description":"AS\u00d3CIESE A INTEGRAL INTEGRAL cuenta con una red de m\u00e1s de 50 Consultores Asociados de diversas nacionalidades (Alemania, Argentina, Brasil, Chile, Ecuador, Espa\u00f1a, Estados Unidos, Rep\u00fablica Dominicana, Trinidad &amp; Tobago, Uruguay y Venezuela, entre otros), expertos con trayectoria y probada experiencia en las disciplinas m\u00e1s relevantes del comercio y las &hellip;","og_url":"https:\/\/f-integral.org\/es\/conviertase-en-consultor-asociado\/","og_site_name":"Center of Studies onEconomic Integration and International Trade","article_publisher":"https:\/\/www.facebook.com\/fInteg","article_modified_time":"2022-02-28T16:07:20+00:00","twitter_card":"summary_large_image","twitter_site":"@Integral2013","twitter_misc":{"Tiempo de lectura":"3 minutos"},"schema":{"@context":"https:\/\/schema.org","@graph":[{"@type":"WebPage","@id":"https:\/\/f-integral.org\/es\/conviertase-en-consultor-asociado\/","url":"https:\/\/f-integral.org\/es\/conviertase-en-consultor-asociado\/","name":"Convi\u00e9rtase en Consultor Asociado - Center of Studies onEconomic Integration and International Trade","isPartOf":{"@id":"https:\/\/f-integral.org\/#website"},"datePublished":"2016-11-19T07:53:33+00:00","dateModified":"2022-02-28T16:07:20+00:00","breadcrumb":{"@id":"https:\/\/f-integral.org\/es\/conviertase-en-consultor-asociado\/#breadcrumb"},"inLanguage":"es","potentialAction":[{"@type":"ReadAction","target":["https:\/\/f-integral.org\/es\/conviertase-en-consultor-asociado\/"]}]},{"@type":"BreadcrumbList","@id":"https:\/\/f-integral.org\/es\/conviertase-en-consultor-asociado\/#breadcrumb","itemListElement":[{"@type":"ListItem","position":1,"name":"Home","item":"https:\/\/f-integral.org\/es\/"},{"@type":"ListItem","position":2,"name":"Convi\u00e9rtase en Consultor Asociado"}]},{"@type":"WebSite","@id":"https:\/\/f-integral.org\/#website","url":"https:\/\/f-integral.org\/","name":"Center of Studies onEconomic Integration and International Trade","description":"INTEGRAL Site","publisher":{"@id":"https:\/\/f-integral.org\/#organization"},"potentialAction":[{"@type":"SearchAction","target":{"@type":"EntryPoint","urlTemplate":"https:\/\/f-integral.org\/?s={search_term_string}"},"query-input":{"@type":"PropertyValueSpecification","valueRequired":true,"valueName":"search_term_string"}}],"inLanguage":"es"},{"@type":"Organization","@id":"https:\/\/f-integral.org\/#organization","name":"Center of Studies on Economic Integration and International Trade","url":"https:\/\/f-integral.org\/","logo":{"@type":"ImageObject","inLanguage":"es","@id":"https:\/\/f-integral.org\/#\/schema\/logo\/image\/","url":"https:\/\/f-integral.org\/wp-content\/uploads\/2017\/05\/Integral_Favicon.jpg","contentUrl":"https:\/\/f-integral.org\/wp-content\/uploads\/2017\/05\/Integral_Favicon.jpg","width":512,"height":512,"caption":"Center of Studies on Economic Integration and International Trade"},"image":{"@id":"https:\/\/f-integral.org\/#\/schema\/logo\/image\/"},"sameAs":["https:\/\/www.facebook.com\/fInteg","https:\/\/x.com\/Integral2013","https:\/\/twitter.com\/Integral2013"]}]}},"_links":{"self":[{"href":"https:\/\/f-integral.org\/es\/wp-json\/wp\/v2\/pages\/799","targetHints":{"allow":["GET"]}}],"collection":[{"href":"https:\/\/f-integral.org\/es\/wp-json\/wp\/v2\/pages"}],"about":[{"href":"https:\/\/f-integral.org\/es\/wp-json\/wp\/v2\/types\/page"}],"author":[{"embeddable":true,"href":"https:\/\/f-integral.org\/es\/wp-json\/wp\/v2\/users\/31"}],"replies":[{"embeddable":true,"href":"https:\/\/f-integral.org\/es\/wp-json\/wp\/v2\/comments?post=799"}],"version-history":[{"count":0,"href":"https:\/\/f-integral.org\/es\/wp-json\/wp\/v2\/pages\/799\/revisions"}],"wp:attachment":[{"href":"https:\/\/f-integral.org\/es\/wp-json\/wp\/v2\/media?parent=799"}],"curies":[{"name":"wp","href":"https:\/\/api.w.org\/{rel}","templated":true}]}}