{"id":871,"date":"2016-11-19T09:22:15","date_gmt":"2016-11-19T09:22:15","guid":{"rendered":"http:\/\/f-integral.org\/support-integral\/"},"modified":"2021-08-20T21:27:25","modified_gmt":"2021-08-20T21:27:25","slug":"apoyo-integral","status":"publish","type":"page","link":"https:\/\/f-integral.org\/es\/apoyo-integral\/","title":{"rendered":"Apoyo &#8211; Integral"},"content":{"rendered":"<h1 class=\"about-container areas Aponeyos\">\u00a0<span style=\"font-size: 14pt; color: #003366;\"><strong><span style=\"font-family: verdana, geneva, sans-serif;\">AP\u00d3YENOS<\/span><\/strong><\/span><\/h1>\n<p><span style=\"font-size: 10pt; font-family: verdana, geneva, sans-serif;\">INTEGRAL, como asociaci\u00f3n civil sin fines de lucro, es destinataria de fondos de cooperaci\u00f3n y otras donaciones para el desarrollo de sus actividades.<img loading=\"lazy\" decoding=\"async\" class=\"alignright wp-image-1278\" src=\"http:\/\/f-integral.org\/wp-content\/uploads\/2017\/02\/Camino-c.jpg\" alt=\"Nuestra visi\u00f3n del camino hacia el progreso\" width=\"188\" height=\"130\" \/><\/span><\/p>\n<p><span style=\"font-size: 10pt; font-family: verdana, geneva, sans-serif;\">En su ya extenso historial, ha realizado actividades con\u00a0financiamiento de la\u00a0<strong><a href=\"http:\/\/www.usaid.gov\/\" target=\"_blank\" rel=\"noopener noreferrer\">Agencia para el Desarrollo Internacional de EEUU (USAID)<\/a><\/strong>, de la <strong><a href=\"http:\/\/ec.europa.eu\/europeaid\/index_en.htm\" target=\"_blank\" rel=\"noopener noreferrer\">Comisi\u00f3n\u00a0Europea<\/a><\/strong> y de entidades privadas, tales como la <strong><a href=\"http:\/\/www.merck.com\/corporate-responsibility\/philanthropy\/the-merck-company-foundation.html\" target=\"_blank\" rel=\"noopener noreferrer\">Fundaci\u00f3n Merck<\/a><\/strong>.<\/span><\/p>\n<p><span style=\"font-size: 10pt;\"><strong>Gracias por su apoyo.<\/strong><\/span><\/p>\n<table class=\" aligncenter\" style=\"width: 905.139px; border-color: #7477ab; background-color: #d5d8e6;\">\n<tbody>\n<tr>\n<td style=\"width: 1px;\"><\/td>\n<td style=\"width: 1px;\"><\/td>\n<td style=\"width: 903.139px; text-align: center; vertical-align: middle;\" colspan=\"3\"><span style=\"font-size: 12pt; color: #003366;\"><strong>Consulte aqu\u00ed las actividades que realizamos<\/strong><\/span><\/td>\n<\/tr>\n<tr>\n<td style=\"width: 1px;\"><\/td>\n<td style=\"width: 1px;\"><\/td>\n<td style=\"width: 903.139px; text-align: center; vertical-align: middle;\"><a href=\"http:\/\/f-integral.org\/es\/events\/courses-and-seminars\/\" target=\"_blank\" rel=\"noopener noreferrer\"><img loading=\"lazy\" decoding=\"async\" class=\"size-full wp-image-717 aligncenter\" src=\"http:\/\/f-integral.org\/wp-content\/uploads\/2016\/12\/ap1.png\" alt=\"ap1\" width=\"59\" height=\"59\" \/><\/a><\/td>\n<td style=\"width: 903.139px; text-align: center; vertical-align: middle;\"><img loading=\"lazy\" decoding=\"async\" class=\"size-full wp-image-718 aligncenter\" src=\"http:\/\/f-integral.org\/wp-content\/uploads\/2016\/12\/ap2.png\" alt=\"ap2\" width=\"59\" height=\"59\" \/><\/td>\n<td style=\"width: 903.139px; text-align: center; vertical-align: middle;\"><img loading=\"lazy\" decoding=\"async\" class=\"size-full wp-image-719 aligncenter\" src=\"http:\/\/f-integral.org\/wp-content\/uploads\/2016\/12\/ap3.png\" alt=\"ap3\" width=\"59\" height=\"59\" \/><\/td>\n<\/tr>\n<tr>\n<td style=\"width: 1px;\"><\/td>\n<td style=\"width: 1px;\"><\/td>\n<td style=\"width: 903.139px; text-align: center; vertical-align: middle;\"><strong><a href=\"https:\/\/f-integral.org\/es\/capacitacion\/\" target=\"_blank\" rel=\"noopener noreferrer\">Capacitaci\u00f3n<\/a><\/strong><\/td>\n<td style=\"width: 903.139px; text-align: center; vertical-align: middle;\"><a href=\"https:\/\/f-integral.org\/es\/construccion-de-la-capacidad-comercial\/\" target=\"_blank\" rel=\"noopener noreferrer\"><strong>Construcci\u00f3n de Capacidad Comercial<\/strong><\/a><\/td>\n<td style=\"width: 903.139px; text-align: center; vertical-align: middle;\"><a href=\"http:\/\/f-integral.org\/es\/activities\/projects\/\" target=\"_blank\" rel=\"noopener noreferrer\"><strong>Proyectos<\/strong><\/a><\/td>\n<\/tr>\n<\/tbody>\n<\/table>\n<p><span style=\"font-size: 10pt;\">Toda entidad interesada en sumarse a quienes apoyan permanentemente nuestra tarea, puede enviarnos un <\/span><span style=\"font-size: 10pt;\">correo al <span style=\"color: #000080;\"><strong><a style=\"color: #000080;\" href=\"mailto:rrii@f-integral.com\" target=\"_blank\" rel=\"noopener noreferrer\">Departamento de Relaciones Institucionales<\/a><\/strong><\/span> para obtener mayor informaci\u00f3n.<\/span><\/p>\n","protected":false},"excerpt":{"rendered":"<p>\u00a0AP\u00d3YENOS INTEGRAL, como asociaci\u00f3n civil sin fines de lucro, es destinataria de fondos de cooperaci\u00f3n y otras donaciones para el desarrollo de sus actividades. En su ya extenso historial, ha realizado actividades con\u00a0financiamiento de la\u00a0Agencia para el Desarrollo Internacional de EEUU (USAID), de la Comisi\u00f3n\u00a0Europea y de entidades privadas, tales &hellip;<\/p>\n","protected":false},"author":31,"featured_media":0,"parent":0,"menu_order":0,"comment_status":"closed","ping_status":"closed","template":"","meta":{"footnotes":""},"class_list":["post-871","page","type-page","status-publish","hentry"],"yoast_head":"<!-- This site is optimized with the Yoast SEO plugin v27.2 - https:\/\/yoast.com\/product\/yoast-seo-wordpress\/ -->\n<title>Apoyo - Integral - Center of Studies onEconomic Integration and International Trade<\/title>\n<meta name=\"description\" content=\"Apoye el esfuerzo de Integral para mejorar las oportunidades de la comunidad de negocios a traves de la capacitacion y la construccion de capacidad comercial.\" \/>\n<meta name=\"robots\" content=\"index, follow, max-snippet:-1, max-image-preview:large, max-video-preview:-1\" \/>\n<link rel=\"canonical\" href=\"https:\/\/f-integral.org\/es\/apoyo-integral\/\" \/>\n<meta property=\"og:locale\" content=\"es_ES\" \/>\n<meta property=\"og:type\" content=\"article\" \/>\n<meta property=\"og:title\" content=\"Apoyo - Integral - Center of Studies onEconomic Integration and International Trade\" \/>\n<meta property=\"og:description\" content=\"Apoye el esfuerzo de Integral para mejorar las oportunidades de la comunidad de negocios a traves de la capacitacion y la construccion de capacidad comercial.\" \/>\n<meta property=\"og:url\" content=\"https:\/\/f-integral.org\/es\/apoyo-integral\/\" \/>\n<meta property=\"og:site_name\" content=\"Center of Studies onEconomic Integration and International Trade\" \/>\n<meta property=\"article:publisher\" content=\"https:\/\/www.facebook.com\/fInteg\" \/>\n<meta property=\"article:modified_time\" content=\"2021-08-20T21:27:25+00:00\" \/>\n<meta property=\"og:image\" content=\"http:\/\/f-integral.org\/wp-content\/uploads\/2017\/02\/Camino-c.jpg\" \/>\n<meta name=\"twitter:card\" content=\"summary_large_image\" \/>\n<meta name=\"twitter:site\" content=\"@Integral2013\" \/>\n<meta name=\"twitter:label1\" content=\"Tiempo de lectura\" \/>\n\t<meta name=\"twitter:data1\" content=\"2 minutos\" \/>\n<script type=\"application\/ld+json\" class=\"yoast-schema-graph\">{\"@context\":\"https:\/\/schema.org\",\"@graph\":[{\"@type\":\"WebPage\",\"@id\":\"https:\/\/f-integral.org\/es\/apoyo-integral\/\",\"url\":\"https:\/\/f-integral.org\/es\/apoyo-integral\/\",\"name\":\"Apoyo - Integral - Center of Studies onEconomic Integration and International Trade\",\"isPartOf\":{\"@id\":\"https:\/\/f-integral.org\/#website\"},\"primaryImageOfPage\":{\"@id\":\"https:\/\/f-integral.org\/es\/apoyo-integral\/#primaryimage\"},\"image\":{\"@id\":\"https:\/\/f-integral.org\/es\/apoyo-integral\/#primaryimage\"},\"thumbnailUrl\":\"http:\/\/f-integral.org\/wp-content\/uploads\/2017\/02\/Camino-c.jpg\",\"datePublished\":\"2016-11-19T09:22:15+00:00\",\"dateModified\":\"2021-08-20T21:27:25+00:00\",\"description\":\"Apoye el esfuerzo de Integral para mejorar las oportunidades de la comunidad de negocios a traves de la capacitacion y la construccion de capacidad comercial.\",\"breadcrumb\":{\"@id\":\"https:\/\/f-integral.org\/es\/apoyo-integral\/#breadcrumb\"},\"inLanguage\":\"es\",\"potentialAction\":[{\"@type\":\"ReadAction\",\"target\":[\"https:\/\/f-integral.org\/es\/apoyo-integral\/\"]}]},{\"@type\":\"ImageObject\",\"inLanguage\":\"es\",\"@id\":\"https:\/\/f-integral.org\/es\/apoyo-integral\/#primaryimage\",\"url\":\"http:\/\/f-integral.org\/wp-content\/uploads\/2017\/02\/Camino-c.jpg\",\"contentUrl\":\"http:\/\/f-integral.org\/wp-content\/uploads\/2017\/02\/Camino-c.jpg\"},{\"@type\":\"BreadcrumbList\",\"@id\":\"https:\/\/f-integral.org\/es\/apoyo-integral\/#breadcrumb\",\"itemListElement\":[{\"@type\":\"ListItem\",\"position\":1,\"name\":\"Home\",\"item\":\"https:\/\/f-integral.org\/es\/\"},{\"@type\":\"ListItem\",\"position\":2,\"name\":\"Apoyo &#8211; Integral\"}]},{\"@type\":\"WebSite\",\"@id\":\"https:\/\/f-integral.org\/#website\",\"url\":\"https:\/\/f-integral.org\/\",\"name\":\"Center of Studies onEconomic Integration and International Trade\",\"description\":\"INTEGRAL Site\",\"publisher\":{\"@id\":\"https:\/\/f-integral.org\/#organization\"},\"potentialAction\":[{\"@type\":\"SearchAction\",\"target\":{\"@type\":\"EntryPoint\",\"urlTemplate\":\"https:\/\/f-integral.org\/?s={search_term_string}\"},\"query-input\":{\"@type\":\"PropertyValueSpecification\",\"valueRequired\":true,\"valueName\":\"search_term_string\"}}],\"inLanguage\":\"es\"},{\"@type\":\"Organization\",\"@id\":\"https:\/\/f-integral.org\/#organization\",\"name\":\"Center of Studies on Economic Integration and International Trade\",\"url\":\"https:\/\/f-integral.org\/\",\"logo\":{\"@type\":\"ImageObject\",\"inLanguage\":\"es\",\"@id\":\"https:\/\/f-integral.org\/#\/schema\/logo\/image\/\",\"url\":\"https:\/\/f-integral.org\/wp-content\/uploads\/2017\/05\/Integral_Favicon.jpg\",\"contentUrl\":\"https:\/\/f-integral.org\/wp-content\/uploads\/2017\/05\/Integral_Favicon.jpg\",\"width\":512,\"height\":512,\"caption\":\"Center of Studies on Economic Integration and International Trade\"},\"image\":{\"@id\":\"https:\/\/f-integral.org\/#\/schema\/logo\/image\/\"},\"sameAs\":[\"https:\/\/www.facebook.com\/fInteg\",\"https:\/\/x.com\/Integral2013\",\"https:\/\/twitter.com\/Integral2013\"]}]}<\/script>\n<!-- \/ Yoast SEO plugin. -->","yoast_head_json":{"title":"Apoyo - Integral - Center of Studies onEconomic Integration and International Trade","description":"Apoye el esfuerzo de Integral para mejorar las oportunidades de la comunidad de negocios a traves de la capacitacion y la construccion de capacidad comercial.","robots":{"index":"index","follow":"follow","max-snippet":"max-snippet:-1","max-image-preview":"max-image-preview:large","max-video-preview":"max-video-preview:-1"},"canonical":"https:\/\/f-integral.org\/es\/apoyo-integral\/","og_locale":"es_ES","og_type":"article","og_title":"Apoyo - Integral - Center of Studies onEconomic Integration and International Trade","og_description":"Apoye el esfuerzo de Integral para mejorar las oportunidades de la comunidad de negocios a traves de la capacitacion y la construccion de capacidad comercial.","og_url":"https:\/\/f-integral.org\/es\/apoyo-integral\/","og_site_name":"Center of Studies onEconomic Integration and International Trade","article_publisher":"https:\/\/www.facebook.com\/fInteg","article_modified_time":"2021-08-20T21:27:25+00:00","og_image":[{"url":"http:\/\/f-integral.org\/wp-content\/uploads\/2017\/02\/Camino-c.jpg","type":"","width":"","height":""}],"twitter_card":"summary_large_image","twitter_site":"@Integral2013","twitter_misc":{"Tiempo de lectura":"2 minutos"},"schema":{"@context":"https:\/\/schema.org","@graph":[{"@type":"WebPage","@id":"https:\/\/f-integral.org\/es\/apoyo-integral\/","url":"https:\/\/f-integral.org\/es\/apoyo-integral\/","name":"Apoyo - Integral - Center of Studies onEconomic Integration and International Trade","isPartOf":{"@id":"https:\/\/f-integral.org\/#website"},"primaryImageOfPage":{"@id":"https:\/\/f-integral.org\/es\/apoyo-integral\/#primaryimage"},"image":{"@id":"https:\/\/f-integral.org\/es\/apoyo-integral\/#primaryimage"},"thumbnailUrl":"http:\/\/f-integral.org\/wp-content\/uploads\/2017\/02\/Camino-c.jpg","datePublished":"2016-11-19T09:22:15+00:00","dateModified":"2021-08-20T21:27:25+00:00","description":"Apoye el esfuerzo de Integral para mejorar las oportunidades de la comunidad de negocios a traves de la capacitacion y la construccion de capacidad comercial.","breadcrumb":{"@id":"https:\/\/f-integral.org\/es\/apoyo-integral\/#breadcrumb"},"inLanguage":"es","potentialAction":[{"@type":"ReadAction","target":["https:\/\/f-integral.org\/es\/apoyo-integral\/"]}]},{"@type":"ImageObject","inLanguage":"es","@id":"https:\/\/f-integral.org\/es\/apoyo-integral\/#primaryimage","url":"http:\/\/f-integral.org\/wp-content\/uploads\/2017\/02\/Camino-c.jpg","contentUrl":"http:\/\/f-integral.org\/wp-content\/uploads\/2017\/02\/Camino-c.jpg"},{"@type":"BreadcrumbList","@id":"https:\/\/f-integral.org\/es\/apoyo-integral\/#breadcrumb","itemListElement":[{"@type":"ListItem","position":1,"name":"Home","item":"https:\/\/f-integral.org\/es\/"},{"@type":"ListItem","position":2,"name":"Apoyo &#8211; Integral"}]},{"@type":"WebSite","@id":"https:\/\/f-integral.org\/#website","url":"https:\/\/f-integral.org\/","name":"Center of Studies onEconomic Integration and International Trade","description":"INTEGRAL Site","publisher":{"@id":"https:\/\/f-integral.org\/#organization"},"potentialAction":[{"@type":"SearchAction","target":{"@type":"EntryPoint","urlTemplate":"https:\/\/f-integral.org\/?s={search_term_string}"},"query-input":{"@type":"PropertyValueSpecification","valueRequired":true,"valueName":"search_term_string"}}],"inLanguage":"es"},{"@type":"Organization","@id":"https:\/\/f-integral.org\/#organization","name":"Center of Studies on Economic Integration and International Trade","url":"https:\/\/f-integral.org\/","logo":{"@type":"ImageObject","inLanguage":"es","@id":"https:\/\/f-integral.org\/#\/schema\/logo\/image\/","url":"https:\/\/f-integral.org\/wp-content\/uploads\/2017\/05\/Integral_Favicon.jpg","contentUrl":"https:\/\/f-integral.org\/wp-content\/uploads\/2017\/05\/Integral_Favicon.jpg","width":512,"height":512,"caption":"Center of Studies on Economic Integration and International Trade"},"image":{"@id":"https:\/\/f-integral.org\/#\/schema\/logo\/image\/"},"sameAs":["https:\/\/www.facebook.com\/fInteg","https:\/\/x.com\/Integral2013","https:\/\/twitter.com\/Integral2013"]}]}},"_links":{"self":[{"href":"https:\/\/f-integral.org\/es\/wp-json\/wp\/v2\/pages\/871","targetHints":{"allow":["GET"]}}],"collection":[{"href":"https:\/\/f-integral.org\/es\/wp-json\/wp\/v2\/pages"}],"about":[{"href":"https:\/\/f-integral.org\/es\/wp-json\/wp\/v2\/types\/page"}],"author":[{"embeddable":true,"href":"https:\/\/f-integral.org\/es\/wp-json\/wp\/v2\/users\/31"}],"replies":[{"embeddable":true,"href":"https:\/\/f-integral.org\/es\/wp-json\/wp\/v2\/comments?post=871"}],"version-history":[{"count":0,"href":"https:\/\/f-integral.org\/es\/wp-json\/wp\/v2\/pages\/871\/revisions"}],"wp:attachment":[{"href":"https:\/\/f-integral.org\/es\/wp-json\/wp\/v2\/media?parent=871"}],"curies":[{"name":"wp","href":"https:\/\/api.w.org\/{rel}","templated":true}]}}