{"id":910,"date":"2016-12-12T21:17:07","date_gmt":"2016-12-12T21:17:07","guid":{"rendered":"http:\/\/f-integral.org\/?page_id=910\/"},"modified":"2017-04-03T21:16:47","modified_gmt":"2017-04-03T21:16:47","slug":"nueva-pagina","status":"publish","type":"page","link":"https:\/\/f-integral.org\/es\/","title":{"rendered":"Centro de Estudios de Integraci\u00f3n Econ\u00f3mica y Comercio Internacional"},"content":{"rendered":"<div id=\"metaslider-id-675\" style=\"max-width: 700px;\" class=\"ml-slider-3-108-0 metaslider metaslider-flex metaslider-675 ml-slider has-dots-nav ms-theme-default\" role=\"region\" aria-label=\"Home Spanish\" data-height=\"300\" data-width=\"700\">\n    <div id=\"metaslider_container_675\">\n        <div id=\"metaslider_675\">\n            <ul class='slides'>\n                <li style=\"display: block; width: 100%;\" class=\"slide-1595 ms-image \" aria-roledescription=\"slide\" data-date=\"2017-04-03 21:40:02\" data-filename=\"Cargo-port-660x282.jpg\" data-slide-type=\"image\"><a href=\"http:\/\/f-integral.org\/es\/servicios-ofrecidos\/asistencia-tecnica\/\" target=\"_self\" aria-label=\"Ver detalles de la diapositiva\" class=\"metaslider_image_link\"><img loading=\"lazy\" decoding=\"async\" src=\"https:\/\/f-integral.org\/wp-content\/uploads\/2017\/04\/Cargo-port-660x282.jpg\" height=\"300\" width=\"700\" alt=\"\" class=\"slider-675 slide-1595 msDefaultImage\" \/><\/a><div class=\"caption-wrap\"><div class=\"caption\"><h2>Asistencia para la internacionalizaci\u00f3n\nde peque\u00f1as y medianas empresas<\/h2>\n\n<p><\/p><p style=\"color:#FFFFFF;\">Expertise y experiencia en asesoramiento a peque\u00f1os y \nmedianos empresarios para iniciar y desarrollar su negocio \na escala internacional ...<\/p>\n\n<a href=\"http:\/\/f-integral.org\/es\/servicios-ofrecidos\/asistencia-tecnica\/\">acn<\/a><\/div><\/div><\/li>\n                <li style=\"display: none; width: 100%;\" class=\"slide-1596 ms-image \" aria-roledescription=\"slide\" data-date=\"2017-04-03 21:51:25\" data-filename=\"Clausura-700x300.jpg\" data-slide-type=\"image\"><a href=\"http:\/\/f-integral.org\/es\/servicios-ofrecidos\/capacitacion\/\" target=\"_self\" aria-label=\"Ver detalles de la diapositiva\" class=\"metaslider_image_link\"><img loading=\"lazy\" decoding=\"async\" src=\"https:\/\/f-integral.org\/wp-content\/uploads\/2017\/04\/Clausura-700x300.jpg\" height=\"300\" width=\"700\" alt=\"\" class=\"slider-675 slide-1596 msDefaultImage\" \/><\/a><div class=\"caption-wrap\"><div class=\"caption\"><h2>El conocimiento como un camino hacia el progreso<\/h2>\n\n<p><\/p><p style=\"color:#FFFFFF;\">La transferencia del conocimiento contribuye a mejorar las capacidades individuales e institucionales en los pa\u00edses en desarrollo, as\u00ed como tambi\u00e9n en las comunidades marginadas en los pa\u00edses desarrollados ...<\/p>\n\n<a href=\"http:\/\/f-integral.org\/es\/servicios-ofrecidos\/capacitacion\/\">acn<\/a><\/div><\/div><\/li>\n                <li style=\"display: none; width: 100%;\" class=\"slide-1597 ms-image \" aria-roledescription=\"slide\" data-date=\"2017-04-03 22:11:02\" data-filename=\"Planning-390x167.jpg\" data-slide-type=\"image\"><a href=\"http:\/\/f-integral.org\/es\/servicios-ofrecidos\/promocion-comercial\/\" target=\"_self\" aria-label=\"Ver detalles de la diapositiva\" class=\"metaslider_image_link\"><img loading=\"lazy\" decoding=\"async\" src=\"https:\/\/f-integral.org\/wp-content\/uploads\/2017\/04\/Planning-390x167.jpg\" height=\"300\" width=\"700\" alt=\"\" class=\"slider-675 slide-1597 msDefaultImage\" \/><\/a><div class=\"caption-wrap\"><div class=\"caption\"><h2>Planeamiento Estrat\u00e9gico para el Comercio Internacional<\/h2>\n\n<p><\/p><p style=\"color:#FFFFFF;\">Asistencia t\u00e9cnica a las empresas para desarrollar e implementar sus planes de mercadeo internacional ...<\/p>\n\n<a href=\"http:\/\/f-integral.org\/es\/servicios-ofrecidos\/promocion-comercial\/\">acn<\/a><\/div><\/div><\/li>\n                <li style=\"display: none; width: 100%;\" class=\"slide-1598 ms-image \" aria-roledescription=\"slide\" data-date=\"2017-04-03 22:33:19\" data-filename=\"World-700x300.jpg\" data-slide-type=\"image\"><a href=\"http:\/\/f-integral.org\/es\/servicios-ofrecidos\/investigacion-de-mercado\/\" target=\"_self\" aria-label=\"Ver detalles de la diapositiva\" class=\"metaslider_image_link\"><img loading=\"lazy\" decoding=\"async\" src=\"https:\/\/f-integral.org\/wp-content\/uploads\/2017\/04\/World-700x300.jpg\" height=\"300\" width=\"700\" alt=\"\" class=\"slider-675 slide-1598 msDefaultImage\" \/><\/a><div class=\"caption-wrap\"><div class=\"caption\"><h2>Investigaci\u00f3n de Mercado <\/h2>\n\n<p><\/p><p style=\"color:#FFFFFF;\">Investigaci\u00f3n de mercado y an\u00e1lisis de la competencia ...<\/p>\n\n<a href=\"http:\/\/f-integral.org\/es\/servicios-ofrecidos\/investigacion-de-mercado\/\">acn<\/a><\/div><\/div><\/li>\n                <li style=\"display: none; width: 100%;\" class=\"slide-1599 ms-image \" aria-roledescription=\"slide\" data-date=\"2017-04-03 22:44:07\" data-filename=\"Matrix-480x205.jpg\" data-slide-type=\"image\"><a href=\"http:\/\/f-integral.org\/es\/servicios-ofrecidos\/inteligencia-comercial-y-regulatoria\/\" target=\"_self\" aria-label=\"Ver detalles de la diapositiva\" class=\"metaslider_image_link\"><img loading=\"lazy\" decoding=\"async\" src=\"https:\/\/f-integral.org\/wp-content\/uploads\/2017\/04\/Matrix-480x205.jpg\" height=\"300\" width=\"700\" alt=\"\" class=\"slider-675 slide-1599 msDefaultImage\" \/><\/a><div class=\"caption-wrap\"><div class=\"caption\"><h2>Inteligencia comercial y regulatoria <\/h2>\n\n<p><\/p><p style=\"color:#FFFFFF;\">An\u00e1lisis de mercados y dise\u00f1o de estrategias de acceso a trav\u00e9s del an\u00e1lisis de los reg\u00edmenes comerciales y la identificaci\u00f3n de las barreras comerciales ...<\/p>\n\n<a href=\"http:\/\/f-integral.org\/es\/inteligencia-comercial-y-regulatoria\/\">acn<\/a><\/div><\/div><\/li>\n            <\/ul>\n        <\/div>\n        \n    <\/div>\n<\/div>\n<div class=\"about-container areas\">\n<h1>El conocimiento como un camino hacia el progreso<\/h1>\n<div class=\"abt-right-side\">\n<div class=\"left-one\">\n<ul>\n<li>\n<h3>Construcci\u00f3n de Capacidad Comercial:<\/h3>\n<p align=\"justify\">El aumento del bienestar social es reconocido como uno de los objetivos principales de la integraci\u00f3n econ\u00f3mica. El objetivo \u00faltimo de las relaciones comerciales entre los estados miembros de una uni\u00f3n econ\u00f3mica o un acuerdo de libre comercio es el aumento de su Producto Bruto Interno y, consecuentemente, el mejoramiento del bienestar de la sociedad en su conjunto.<\/p>\n<p><a href=\"http:\/\/f-integral.org\/es\/areas\/construccion-de-la-capacidad-comercial\/\">plus-icon<\/a><\/li>\n<\/ul>\n<\/div>\n<div class=\"right-tow\">\n<p><img loading=\"lazy\" decoding=\"async\" class=\"wp-image-1591\" src=\"http:\/\/f-integral.org\/wp-content\/uploads\/2016\/12\/02_COL-300x225.jpg\" alt=\"\" width=\"200\" height=\"150\" srcset=\"https:\/\/f-integral.org\/wp-content\/uploads\/2016\/12\/02_COL-300x225.jpg 300w, https:\/\/f-integral.org\/wp-content\/uploads\/2016\/12\/02_COL-768x576.jpg 768w, https:\/\/f-integral.org\/wp-content\/uploads\/2016\/12\/02_COL-1024x768.jpg 1024w, https:\/\/f-integral.org\/wp-content\/uploads\/2016\/12\/02_COL.jpg 1280w\" sizes=\"auto, (max-width: 200px) 100vw, 200px\" \/><\/p>\n<\/div>\n<\/div>\n<div class=\"abt-right-side\">\n<div class=\"left-one\">\n<ul>\n<li>\n<h3>Desarrollo Humano e Inclusi\u00f3n Social:<\/h3>\n<p align=\"justify\">Los mecanismos de protecci\u00f3n social en los pa\u00edses en desarrollo (PED&#8217;s) no evidencian un grado de funcionamiento acorde con los correspondientes indicadores de crecimiento econ\u00f3mico. En particular, un idicador identificado como persistentemente desfavorable es la existencia de importantes segmentos poblacionales vulnerables, inclu\u00eddos ni\u00f1os y adolescentes. En presencia de elevados niveles de pobreza y marginalizaci\u00f3n, las bajas condiciones socioecon\u00f3micas est\u00e1n frecuentemente asociadas, en este contexto, con el riesgo de aparici\u00f3n de comportamientos delictivos.<\/p>\n<p><a href=\"http:\/\/f-integral.org\/es\/areas\/desarrollo-humano-e-inclusion-social\/\">plus-icon<\/a><\/li>\n<\/ul>\n<\/div>\n<div class=\"right-tow\">\n<p><img loading=\"lazy\" decoding=\"async\" class=\"wp-image-1592 aligncenter\" src=\"http:\/\/f-integral.org\/wp-content\/uploads\/2016\/12\/12ECUA-300x225.jpg\" alt=\"\" width=\"200\" height=\"150\" srcset=\"https:\/\/f-integral.org\/wp-content\/uploads\/2016\/12\/12ECUA-300x225.jpg 300w, https:\/\/f-integral.org\/wp-content\/uploads\/2016\/12\/12ECUA-768x576.jpg 768w, https:\/\/f-integral.org\/wp-content\/uploads\/2016\/12\/12ECUA-1024x768.jpg 1024w, https:\/\/f-integral.org\/wp-content\/uploads\/2016\/12\/12ECUA.jpg 1280w\" sizes=\"auto, (max-width: 200px) 100vw, 200px\" \/><\/p>\n<\/div>\n<\/div>\n<div class=\"abt-right-side\">\n<div class=\"left-one\">\n<ul>\n<li>\n<h3>Minor\u00edas y Poblaciones Marginadas en las Am\u00e9ricas:<\/h3>\n<p align=\"justify\">Estas poblaciones son consideradas para posibilitarles igualdad de acceso a las oportunidades, con el fin de alcanzar prosperidad econ\u00f3mica y disfrutar de una mejor calidad de vida.<\/p>\n<p><a href=\"http:\/\/f-integral.org\/es\/areas\/minorias-y-poblaciones-marginadas-en-las-americas\/\">plus-icon<\/a><\/li>\n<\/ul>\n<\/div>\n<div class=\"right-tow\"><img loading=\"lazy\" decoding=\"async\" class=\"alignnone wp-image-707\" src=\"http:\/\/f-integral.org\/wp-content\/uploads\/2016\/12\/mg3.png\" alt=\"mg3\" width=\"201\" height=\"133\" \/><\/div>\n<\/div>\n<\/div>\n<p>&nbsp;<\/p>\n<div class=\"mission-ms-outer\">\n<div class=\"mission-ms-inner\">\n<p><img loading=\"lazy\" decoding=\"async\" class=\"alignnone size-full wp-image-714\" src=\"http:\/\/f-integral.org\/wp-content\/uploads\/2016\/12\/m2.png\" alt=\"m2\" width=\"215\" height=\"98\" \/><\/p>\n<h3><a href=\"http:\/\/f-integral.org\/es\/about-integral\/convenios-y-alianzas-estrategicas\/\">Cooperaci\u00f3n y Alianzas Estrat\u00e9gicas<\/a><\/h3>\n<\/div>\n<div class=\"mission-ms-inner\">\n<p><img loading=\"lazy\" decoding=\"async\" class=\"alignnone size-full wp-image-713\" src=\"http:\/\/f-integral.org\/wp-content\/uploads\/2016\/12\/m1.png\" alt=\"m1\" width=\"215\" height=\"98\" \/><\/p>\n<h3><a href=\"http:\/\/f-integral.org\/es\/about-integral\/organization\/conviertase-en-consultor-asociado\/\">Convi\u00e9rtase en consultor asociado<\/a><\/h3>\n<h3><\/h3>\n<\/div>\n<div class=\"mission-ms-inner\">\n<p><img loading=\"lazy\" decoding=\"async\" class=\"alignnone size-full wp-image-715\" src=\"http:\/\/f-integral.org\/wp-content\/uploads\/2016\/12\/m3.png\" alt=\"m3\" width=\"215\" height=\"98\" \/><\/p>\n<h3><a href=\"http:\/\/f-integral.org\/es\/support-integral\/\">Ap\u00f3yenos<\/a><\/h3>\n<\/div>\n<\/div>\n","protected":false},"excerpt":{"rendered":"<p>El conocimiento como un camino hacia el progreso Construcci\u00f3n de Capacidad Comercial: El aumento del bienestar social es reconocido como uno de los objetivos principales de la integraci\u00f3n econ\u00f3mica. El objetivo \u00faltimo de las relaciones comerciales entre los estados miembros de una uni\u00f3n econ\u00f3mica o un acuerdo de libre comercio &hellip;<\/p>\n","protected":false},"author":31,"featured_media":0,"parent":0,"menu_order":0,"comment_status":"closed","ping_status":"closed","template":"templates\/template-home.php","meta":{"footnotes":""},"class_list":["post-910","page","type-page","status-publish","hentry"],"yoast_head":"<!-- This site is optimized with the Yoast SEO plugin v27.2 - https:\/\/yoast.com\/product\/yoast-seo-wordpress\/ -->\n<title>Centro de Estudios de Integraci\u00f3n Econ\u00f3mica y Comercio Internacional - Center of Studies onEconomic Integration and International Trade<\/title>\n<meta name=\"robots\" content=\"index, follow, max-snippet:-1, max-image-preview:large, max-video-preview:-1\" \/>\n<link rel=\"canonical\" href=\"https:\/\/f-integral.org\/es\/\" \/>\n<meta property=\"og:locale\" content=\"es_ES\" \/>\n<meta property=\"og:type\" content=\"article\" \/>\n<meta property=\"og:title\" content=\"Centro de Estudios de Integraci\u00f3n Econ\u00f3mica y Comercio Internacional - Center of Studies onEconomic Integration and International Trade\" \/>\n<meta property=\"og:description\" content=\"El conocimiento como un camino hacia el progreso Construcci\u00f3n de Capacidad Comercial: El aumento del bienestar social es reconocido como uno de los objetivos principales de la integraci\u00f3n econ\u00f3mica. El objetivo \u00faltimo de las relaciones comerciales entre los estados miembros de una uni\u00f3n econ\u00f3mica o un acuerdo de libre comercio &hellip;\" \/>\n<meta property=\"og:url\" content=\"https:\/\/f-integral.org\/es\/\" \/>\n<meta property=\"og:site_name\" content=\"Center of Studies onEconomic Integration and International Trade\" \/>\n<meta property=\"article:publisher\" content=\"https:\/\/www.facebook.com\/fInteg\" \/>\n<meta property=\"article:modified_time\" content=\"2017-04-03T21:16:47+00:00\" \/>\n<meta property=\"og:image\" content=\"http:\/\/f-integral.org\/wp-content\/uploads\/2016\/12\/02_COL-300x225.jpg\" \/>\n<meta name=\"twitter:card\" content=\"summary_large_image\" \/>\n<meta name=\"twitter:site\" content=\"@Integral2013\" \/>\n<meta name=\"twitter:label1\" content=\"Tiempo de lectura\" \/>\n\t<meta name=\"twitter:data1\" content=\"1 minuto\" \/>\n<script type=\"application\/ld+json\" class=\"yoast-schema-graph\">{\"@context\":\"https:\/\/schema.org\",\"@graph\":[{\"@type\":\"WebPage\",\"@id\":\"https:\/\/f-integral.org\/es\/\",\"url\":\"https:\/\/f-integral.org\/es\/\",\"name\":\"Centro de Estudios de Integraci\u00f3n Econ\u00f3mica y Comercio Internacional - Center of Studies onEconomic Integration and International Trade\",\"isPartOf\":{\"@id\":\"https:\/\/f-integral.org\/#website\"},\"primaryImageOfPage\":{\"@id\":\"https:\/\/f-integral.org\/es\/#primaryimage\"},\"image\":{\"@id\":\"https:\/\/f-integral.org\/es\/#primaryimage\"},\"thumbnailUrl\":\"http:\/\/f-integral.org\/wp-content\/uploads\/2016\/12\/02_COL-300x225.jpg\",\"datePublished\":\"2016-12-12T21:17:07+00:00\",\"dateModified\":\"2017-04-03T21:16:47+00:00\",\"breadcrumb\":{\"@id\":\"https:\/\/f-integral.org\/es\/#breadcrumb\"},\"inLanguage\":\"es\",\"potentialAction\":[{\"@type\":\"ReadAction\",\"target\":[\"https:\/\/f-integral.org\/es\/\"]}]},{\"@type\":\"ImageObject\",\"inLanguage\":\"es\",\"@id\":\"https:\/\/f-integral.org\/es\/#primaryimage\",\"url\":\"http:\/\/f-integral.org\/wp-content\/uploads\/2016\/12\/02_COL-300x225.jpg\",\"contentUrl\":\"http:\/\/f-integral.org\/wp-content\/uploads\/2016\/12\/02_COL-300x225.jpg\"},{\"@type\":\"BreadcrumbList\",\"@id\":\"https:\/\/f-integral.org\/es\/#breadcrumb\",\"itemListElement\":[{\"@type\":\"ListItem\",\"position\":1,\"name\":\"Home\",\"item\":\"https:\/\/f-integral.org\/es\/\"},{\"@type\":\"ListItem\",\"position\":2,\"name\":\"Centro de Estudios de Integraci\u00f3n Econ\u00f3mica y Comercio Internacional\"}]},{\"@type\":\"WebSite\",\"@id\":\"https:\/\/f-integral.org\/#website\",\"url\":\"https:\/\/f-integral.org\/\",\"name\":\"Center of Studies onEconomic Integration and International Trade\",\"description\":\"INTEGRAL Site\",\"publisher\":{\"@id\":\"https:\/\/f-integral.org\/#organization\"},\"potentialAction\":[{\"@type\":\"SearchAction\",\"target\":{\"@type\":\"EntryPoint\",\"urlTemplate\":\"https:\/\/f-integral.org\/?s={search_term_string}\"},\"query-input\":{\"@type\":\"PropertyValueSpecification\",\"valueRequired\":true,\"valueName\":\"search_term_string\"}}],\"inLanguage\":\"es\"},{\"@type\":\"Organization\",\"@id\":\"https:\/\/f-integral.org\/#organization\",\"name\":\"Center of Studies on Economic Integration and International Trade\",\"url\":\"https:\/\/f-integral.org\/\",\"logo\":{\"@type\":\"ImageObject\",\"inLanguage\":\"es\",\"@id\":\"https:\/\/f-integral.org\/#\/schema\/logo\/image\/\",\"url\":\"https:\/\/f-integral.org\/wp-content\/uploads\/2017\/05\/Integral_Favicon.jpg\",\"contentUrl\":\"https:\/\/f-integral.org\/wp-content\/uploads\/2017\/05\/Integral_Favicon.jpg\",\"width\":512,\"height\":512,\"caption\":\"Center of Studies on Economic Integration and International Trade\"},\"image\":{\"@id\":\"https:\/\/f-integral.org\/#\/schema\/logo\/image\/\"},\"sameAs\":[\"https:\/\/www.facebook.com\/fInteg\",\"https:\/\/x.com\/Integral2013\",\"https:\/\/twitter.com\/Integral2013\"]}]}<\/script>\n<!-- \/ Yoast SEO plugin. -->","yoast_head_json":{"title":"Centro de Estudios de Integraci\u00f3n Econ\u00f3mica y Comercio Internacional - Center of Studies onEconomic Integration and International Trade","robots":{"index":"index","follow":"follow","max-snippet":"max-snippet:-1","max-image-preview":"max-image-preview:large","max-video-preview":"max-video-preview:-1"},"canonical":"https:\/\/f-integral.org\/es\/","og_locale":"es_ES","og_type":"article","og_title":"Centro de Estudios de Integraci\u00f3n Econ\u00f3mica y Comercio Internacional - Center of Studies onEconomic Integration and International Trade","og_description":"El conocimiento como un camino hacia el progreso Construcci\u00f3n de Capacidad Comercial: El aumento del bienestar social es reconocido como uno de los objetivos principales de la integraci\u00f3n econ\u00f3mica. El objetivo \u00faltimo de las relaciones comerciales entre los estados miembros de una uni\u00f3n econ\u00f3mica o un acuerdo de libre comercio &hellip;","og_url":"https:\/\/f-integral.org\/es\/","og_site_name":"Center of Studies onEconomic Integration and International Trade","article_publisher":"https:\/\/www.facebook.com\/fInteg","article_modified_time":"2017-04-03T21:16:47+00:00","og_image":[{"url":"http:\/\/f-integral.org\/wp-content\/uploads\/2016\/12\/02_COL-300x225.jpg","type":"","width":"","height":""}],"twitter_card":"summary_large_image","twitter_site":"@Integral2013","twitter_misc":{"Tiempo de lectura":"1 minuto"},"schema":{"@context":"https:\/\/schema.org","@graph":[{"@type":"WebPage","@id":"https:\/\/f-integral.org\/es\/","url":"https:\/\/f-integral.org\/es\/","name":"Centro de Estudios de Integraci\u00f3n Econ\u00f3mica y Comercio Internacional - Center of Studies onEconomic Integration and International Trade","isPartOf":{"@id":"https:\/\/f-integral.org\/#website"},"primaryImageOfPage":{"@id":"https:\/\/f-integral.org\/es\/#primaryimage"},"image":{"@id":"https:\/\/f-integral.org\/es\/#primaryimage"},"thumbnailUrl":"http:\/\/f-integral.org\/wp-content\/uploads\/2016\/12\/02_COL-300x225.jpg","datePublished":"2016-12-12T21:17:07+00:00","dateModified":"2017-04-03T21:16:47+00:00","breadcrumb":{"@id":"https:\/\/f-integral.org\/es\/#breadcrumb"},"inLanguage":"es","potentialAction":[{"@type":"ReadAction","target":["https:\/\/f-integral.org\/es\/"]}]},{"@type":"ImageObject","inLanguage":"es","@id":"https:\/\/f-integral.org\/es\/#primaryimage","url":"http:\/\/f-integral.org\/wp-content\/uploads\/2016\/12\/02_COL-300x225.jpg","contentUrl":"http:\/\/f-integral.org\/wp-content\/uploads\/2016\/12\/02_COL-300x225.jpg"},{"@type":"BreadcrumbList","@id":"https:\/\/f-integral.org\/es\/#breadcrumb","itemListElement":[{"@type":"ListItem","position":1,"name":"Home","item":"https:\/\/f-integral.org\/es\/"},{"@type":"ListItem","position":2,"name":"Centro de Estudios de Integraci\u00f3n Econ\u00f3mica y Comercio Internacional"}]},{"@type":"WebSite","@id":"https:\/\/f-integral.org\/#website","url":"https:\/\/f-integral.org\/","name":"Center of Studies onEconomic Integration and International Trade","description":"INTEGRAL Site","publisher":{"@id":"https:\/\/f-integral.org\/#organization"},"potentialAction":[{"@type":"SearchAction","target":{"@type":"EntryPoint","urlTemplate":"https:\/\/f-integral.org\/?s={search_term_string}"},"query-input":{"@type":"PropertyValueSpecification","valueRequired":true,"valueName":"search_term_string"}}],"inLanguage":"es"},{"@type":"Organization","@id":"https:\/\/f-integral.org\/#organization","name":"Center of Studies on Economic Integration and International Trade","url":"https:\/\/f-integral.org\/","logo":{"@type":"ImageObject","inLanguage":"es","@id":"https:\/\/f-integral.org\/#\/schema\/logo\/image\/","url":"https:\/\/f-integral.org\/wp-content\/uploads\/2017\/05\/Integral_Favicon.jpg","contentUrl":"https:\/\/f-integral.org\/wp-content\/uploads\/2017\/05\/Integral_Favicon.jpg","width":512,"height":512,"caption":"Center of Studies on Economic Integration and International Trade"},"image":{"@id":"https:\/\/f-integral.org\/#\/schema\/logo\/image\/"},"sameAs":["https:\/\/www.facebook.com\/fInteg","https:\/\/x.com\/Integral2013","https:\/\/twitter.com\/Integral2013"]}]}},"_links":{"self":[{"href":"https:\/\/f-integral.org\/es\/wp-json\/wp\/v2\/pages\/910","targetHints":{"allow":["GET"]}}],"collection":[{"href":"https:\/\/f-integral.org\/es\/wp-json\/wp\/v2\/pages"}],"about":[{"href":"https:\/\/f-integral.org\/es\/wp-json\/wp\/v2\/types\/page"}],"author":[{"embeddable":true,"href":"https:\/\/f-integral.org\/es\/wp-json\/wp\/v2\/users\/31"}],"replies":[{"embeddable":true,"href":"https:\/\/f-integral.org\/es\/wp-json\/wp\/v2\/comments?post=910"}],"version-history":[{"count":0,"href":"https:\/\/f-integral.org\/es\/wp-json\/wp\/v2\/pages\/910\/revisions"}],"wp:attachment":[{"href":"https:\/\/f-integral.org\/es\/wp-json\/wp\/v2\/media?parent=910"}],"curies":[{"name":"wp","href":"https:\/\/api.w.org\/{rel}","templated":true}]}}