{"id":974,"date":"2016-12-16T17:08:27","date_gmt":"2016-12-16T17:08:27","guid":{"rendered":"http:\/\/f-integral.org\/services-offered\/technical-assistance\/"},"modified":"2017-04-07T17:19:58","modified_gmt":"2017-04-07T17:19:58","slug":"asistencia-tecnica","status":"publish","type":"page","link":"https:\/\/f-integral.org\/es\/asistencia-tecnica\/","title":{"rendered":"Asistencia T\u00e9cnica"},"content":{"rendered":"<h6><span style=\"color: #003366; font-size: 12pt;\"><strong><span style=\"font-family: verdana, geneva, sans-serif;\">PROGRAMAS DE ASISTENCIA T\u00c9CNICA<\/span><\/strong><\/span><\/h6>\n<p><span style=\"font-family: verdana, geneva, sans-serif; font-size: 10pt;\">En el \u00e1mbito de la Asistencia T\u00e9cnica, Integral cuenta con variados antecedentes de actuaci\u00f3n en el hemisferio. A solicitud de gobiernos y de diversas entidades &#8211; tales como organizaciones empresariales u otras organizaciones de la Sociedad Civil &#8211; se han preparado y realizado actividades de asistencia y asesoramiento sobre temas de las agendas comerciales y relacionados con la formulaci\u00f3n de las pol\u00edticas comerciales nacionales. Algunos de estos programas se <img loading=\"lazy\" decoding=\"async\" class=\"wp-image-1608 alignleft\" src=\"http:\/\/f-integral.org\/wp-content\/uploads\/2016\/12\/ISPRI-a1.jpg\" alt=\"\" width=\"200\" height=\"160\" \/>ejemplifican a continuaci\u00f3n.\u00a0<\/span><\/p>\n<p><span style=\"font-family: verdana, geneva, sans-serif; font-size: 10pt;\">Integral ha participado, institucionalmente o a trav\u00e9s de la actuaci\u00f3n de sus consultores asociados, en presentaciones para la realizaci\u00f3n de actividades de asistencia t\u00e9cnica y capacitaci\u00f3n lideradas por firmas consultoras internacionales con sede en EEUU y en la Uni\u00f3n Europea, para proyectos de construcci\u00f3n de capacidad comercial en el hemisferio, y particularmente en Am\u00e9rica Latina y Centroam\u00e9rica. Entre las principales firmas y organizaciones con las cuales Integral ha cooperado pueden mencionarse las siguientes:<\/span><\/p>\n<p><span style=\"font-family: verdana, geneva, sans-serif; font-size: 10pt;\">Altair Asesores &#8211; Espa\u00f1a &#8211; <a href=\"https:\/\/www.altairasesores.es\/\" target=\"_blank\"><span style=\"color: #003366;\"><strong>Acerca de Altair<\/strong><\/span><\/a><br \/>\nArca Consortium &#8211; Espa\u00f1a-B\u00e9lgica &#8211; <a href=\"http:\/\/www.arcaconsortium.net\/ESP\/Default.aspx\" target=\"_blank\"><span style=\"color: #003366;\"><strong>Acerca de Arca Consortium<\/strong><\/span><\/a><br \/>\nBooz Allen Hamilton &#8211; EEUU &#8211; <a href=\"http:\/\/www.boozallen.com\/\" target=\"_blank\"><span style=\"color: #003366;\"><strong>Acerca de Booz Allen<\/strong><\/span><\/a><br \/>\nCarana Corporation &#8211; EEUU &#8211; <a href=\"https:\/\/www.carana.com\/\" target=\"_blank\"><span style=\"color: #003366;\"><strong>Acerca de Carana Corporation<\/strong><\/span><\/a><br \/>\nChemonics International &#8211; EEUU &#8211; <a href=\"http:\/\/www.chemonics.com\/Pages\/Home.aspx\" target=\"_blank\"><span style=\"color: #003366;\"><strong>Acerca de Chemonics International<\/strong><\/span><\/a><br \/>\nDevelopment Solutions &#8211; Reino Unido &#8211; <a href=\"http:\/\/www.development-solutions.eu\/\" target=\"_blank\"><span style=\"color: #003366;\"><strong>Acerca de Development Solutions<\/strong><\/span><\/a><br \/>\nDevTech Systems, Inc &#8211; EEUU &#8211; <a href=\"http:\/\/www.devtechsys.com\/\" target=\"_blank\"><span style=\"color: #003366;\"><strong>Acerca de DevTech Systems<\/strong><\/span><\/a><br \/>\nEcorys Nederland &#8211; <a href=\"http:\/\/www.ecorys.com\/\" target=\"_blank\"><span style=\"color: #003366;\"><strong>Acerca de Ecorys<\/strong><\/span><\/a><br \/>\nEquinoccio &#8211; Espa\u00f1a &#8211; <a href=\"http:\/\/www.equinoccio.eu\/en\/\" target=\"_blank\"><span style=\"color: #003366;\"><strong>Acerca de Equinoccio<\/strong><\/span><\/a><br \/>\nHuman Dynamics &#8211; Austria &#8211; <a href=\"http:\/\/www.humandynamics.org\/\" target=\"_blank\"><span style=\"color: #003366;\"><strong>Acerca de Human Dynamics<\/strong><\/span><\/a><br \/>\nUniversidad del Azuay &#8211; Ecuador &#8211; <a href=\"http:\/\/www.uazuay.edu.ec\/\" target=\"_blank\"><span style=\"color: #003366;\"><strong>Acerca de Universidad del Azuay<\/strong><\/span><\/a><\/span><\/p>\n<p><span style=\"font-family: verdana, geneva, sans-serif; font-size: 10pt;\">Se enuncian a continuaci\u00f3n las fuentes principales de consulta en el \u00e1mbito del <span style=\"color: #003366;\"><strong>Fortalecimiento de la Capacidad Comercial<\/strong><\/span>:<\/span><\/p>\n<p><span style=\"font-family: verdana, geneva, sans-serif; font-size: 10pt;\"><a href=\"http:\/\/www.wto.org\/english\/tratop_e\/devel_e\/teccop_e\/tct_e.htm\" target=\"_blank\"><span style=\"color: #003366;\"><strong>Organizaci\u00f3n Mundial del Comercio (OMC)<\/strong><\/span><\/a> &#8211; Base de datos sobre asistencia t\u00e9cnica relacionada con el comercio y creaci\u00f3n de capacidad del Programa de Doha para el Desarrollo (TCBDB) &#8211; (Informaci\u00f3n en Espa\u00f1ol disponible)<\/span><br \/>\n<span style=\"font-family: verdana, geneva, sans-serif; font-size: 10pt;\"><a href=\"http:\/\/www.oecd.org\/trade\/aft\/\" target=\"_blank\"><span style=\"color: #003366;\"><strong>Organisation for Economic Co-operation and Development (OCDE)<\/strong><\/span><\/a> &#8211; Comercio, Desarrollo y Fortalecimiento de la Capacidad Comercial (Informaci\u00f3n s\u00f3lo en Ingl\u00e9s y Franc\u00e9s)<\/span><br \/>\n<span style=\"font-family: verdana, geneva, sans-serif; font-size: 10pt;\"><a href=\"http:\/\/www.unido.org\/trade.html\" target=\"_blank\"><span style=\"color: #003366;\"><strong>Organizaci\u00f3n de las Naciones Unidas para el Desarrollo Industrial (ONUDI)<\/strong><\/span><\/a> &#8211; Iniciativa para el Fortalecimiento de la Capacidad Comercial (Informaci\u00f3n en Espa\u00f1ol disponible)<\/span><br \/>\n<span style=\"font-family: verdana, geneva, sans-serif; font-size: 10pt;\"><span style=\"color: #003366;\"><strong><a style=\"color: #003366;\" href=\"http:\/\/www.usaid.gov\/what-we-do\/economic-growth-and-trade\/trade-and-regulatory-reform\/trade-capacity-buildingaid-trade\" target=\"_blank\">Agencia para el Desarrollo Internacional de los EEUU (USAID)<\/a><\/strong><\/span> &#8211; Base de datos de Fortalecimiento de la Capacidad Comercial (Informaci\u00f3n s\u00f3lo en Ingl\u00e9s)<\/span><br \/>\n<span style=\"font-family: verdana, geneva, sans-serif; font-size: 10pt;\"><span style=\"color: #003366;\"><strong><a style=\"color: #003366;\" href=\"http:\/\/www.ustr.gov\" target=\"_blank\">Oficina del Representante Comercial de los EEUU (USTR)<\/a><\/strong><\/span> &#8211; Informaci\u00f3n sobre Fortalecimiento de la Capacidad Comercial (Informaci\u00f3n s\u00f3lo en Ingl\u00e9s)<\/span><\/p>\n","protected":false},"excerpt":{"rendered":"<p>PROGRAMAS DE ASISTENCIA T\u00c9CNICA En el \u00e1mbito de la Asistencia T\u00e9cnica, Integral cuenta con variados antecedentes de actuaci\u00f3n en el hemisferio. A solicitud de gobiernos y de diversas entidades &#8211; tales como organizaciones empresariales u otras organizaciones de la Sociedad Civil &#8211; se han preparado y realizado actividades de asistencia &hellip;<\/p>\n","protected":false},"author":31,"featured_media":0,"parent":0,"menu_order":0,"comment_status":"closed","ping_status":"closed","template":"","meta":{"footnotes":""},"class_list":["post-974","page","type-page","status-publish","hentry"],"yoast_head":"<!-- This site is optimized with the Yoast SEO plugin v27.2 - https:\/\/yoast.com\/product\/yoast-seo-wordpress\/ -->\n<title>Asistencia T\u00e9cnica - Center of Studies onEconomic Integration and International Trade<\/title>\n<meta name=\"robots\" content=\"index, follow, max-snippet:-1, max-image-preview:large, max-video-preview:-1\" \/>\n<link rel=\"canonical\" href=\"https:\/\/f-integral.org\/es\/asistencia-tecnica\/\" \/>\n<meta property=\"og:locale\" content=\"es_ES\" \/>\n<meta property=\"og:type\" content=\"article\" \/>\n<meta property=\"og:title\" content=\"Asistencia T\u00e9cnica - Center of Studies onEconomic Integration and International Trade\" \/>\n<meta property=\"og:description\" content=\"PROGRAMAS DE ASISTENCIA T\u00c9CNICA En el \u00e1mbito de la Asistencia T\u00e9cnica, Integral cuenta con variados antecedentes de actuaci\u00f3n en el hemisferio. A solicitud de gobiernos y de diversas entidades &#8211; tales como organizaciones empresariales u otras organizaciones de la Sociedad Civil &#8211; se han preparado y realizado actividades de asistencia &hellip;\" \/>\n<meta property=\"og:url\" content=\"https:\/\/f-integral.org\/es\/asistencia-tecnica\/\" \/>\n<meta property=\"og:site_name\" content=\"Center of Studies onEconomic Integration and International Trade\" \/>\n<meta property=\"article:publisher\" content=\"https:\/\/www.facebook.com\/fInteg\" \/>\n<meta property=\"article:modified_time\" content=\"2017-04-07T17:19:58+00:00\" \/>\n<meta property=\"og:image\" content=\"http:\/\/f-integral.org\/wp-content\/uploads\/2016\/12\/ISPRI-a1.jpg\" \/>\n<meta name=\"twitter:card\" content=\"summary_large_image\" \/>\n<meta name=\"twitter:site\" content=\"@Integral2013\" \/>\n<meta name=\"twitter:label1\" content=\"Tiempo de lectura\" \/>\n\t<meta name=\"twitter:data1\" content=\"2 minutos\" \/>\n<script type=\"application\/ld+json\" class=\"yoast-schema-graph\">{\"@context\":\"https:\/\/schema.org\",\"@graph\":[{\"@type\":\"WebPage\",\"@id\":\"https:\/\/f-integral.org\/es\/asistencia-tecnica\/\",\"url\":\"https:\/\/f-integral.org\/es\/asistencia-tecnica\/\",\"name\":\"Asistencia T\u00e9cnica - Center of Studies onEconomic Integration and International Trade\",\"isPartOf\":{\"@id\":\"https:\/\/f-integral.org\/#website\"},\"primaryImageOfPage\":{\"@id\":\"https:\/\/f-integral.org\/es\/asistencia-tecnica\/#primaryimage\"},\"image\":{\"@id\":\"https:\/\/f-integral.org\/es\/asistencia-tecnica\/#primaryimage\"},\"thumbnailUrl\":\"http:\/\/f-integral.org\/wp-content\/uploads\/2016\/12\/ISPRI-a1.jpg\",\"datePublished\":\"2016-12-16T17:08:27+00:00\",\"dateModified\":\"2017-04-07T17:19:58+00:00\",\"breadcrumb\":{\"@id\":\"https:\/\/f-integral.org\/es\/asistencia-tecnica\/#breadcrumb\"},\"inLanguage\":\"es\",\"potentialAction\":[{\"@type\":\"ReadAction\",\"target\":[\"https:\/\/f-integral.org\/es\/asistencia-tecnica\/\"]}]},{\"@type\":\"ImageObject\",\"inLanguage\":\"es\",\"@id\":\"https:\/\/f-integral.org\/es\/asistencia-tecnica\/#primaryimage\",\"url\":\"http:\/\/f-integral.org\/wp-content\/uploads\/2016\/12\/ISPRI-a1.jpg\",\"contentUrl\":\"http:\/\/f-integral.org\/wp-content\/uploads\/2016\/12\/ISPRI-a1.jpg\"},{\"@type\":\"BreadcrumbList\",\"@id\":\"https:\/\/f-integral.org\/es\/asistencia-tecnica\/#breadcrumb\",\"itemListElement\":[{\"@type\":\"ListItem\",\"position\":1,\"name\":\"Home\",\"item\":\"https:\/\/f-integral.org\/es\/\"},{\"@type\":\"ListItem\",\"position\":2,\"name\":\"Asistencia T\u00e9cnica\"}]},{\"@type\":\"WebSite\",\"@id\":\"https:\/\/f-integral.org\/#website\",\"url\":\"https:\/\/f-integral.org\/\",\"name\":\"Center of Studies onEconomic Integration and International Trade\",\"description\":\"INTEGRAL Site\",\"publisher\":{\"@id\":\"https:\/\/f-integral.org\/#organization\"},\"potentialAction\":[{\"@type\":\"SearchAction\",\"target\":{\"@type\":\"EntryPoint\",\"urlTemplate\":\"https:\/\/f-integral.org\/?s={search_term_string}\"},\"query-input\":{\"@type\":\"PropertyValueSpecification\",\"valueRequired\":true,\"valueName\":\"search_term_string\"}}],\"inLanguage\":\"es\"},{\"@type\":\"Organization\",\"@id\":\"https:\/\/f-integral.org\/#organization\",\"name\":\"Center of Studies on Economic Integration and International Trade\",\"url\":\"https:\/\/f-integral.org\/\",\"logo\":{\"@type\":\"ImageObject\",\"inLanguage\":\"es\",\"@id\":\"https:\/\/f-integral.org\/#\/schema\/logo\/image\/\",\"url\":\"https:\/\/f-integral.org\/wp-content\/uploads\/2017\/05\/Integral_Favicon.jpg\",\"contentUrl\":\"https:\/\/f-integral.org\/wp-content\/uploads\/2017\/05\/Integral_Favicon.jpg\",\"width\":512,\"height\":512,\"caption\":\"Center of Studies on Economic Integration and International Trade\"},\"image\":{\"@id\":\"https:\/\/f-integral.org\/#\/schema\/logo\/image\/\"},\"sameAs\":[\"https:\/\/www.facebook.com\/fInteg\",\"https:\/\/x.com\/Integral2013\",\"https:\/\/twitter.com\/Integral2013\"]}]}<\/script>\n<!-- \/ Yoast SEO plugin. -->","yoast_head_json":{"title":"Asistencia T\u00e9cnica - Center of Studies onEconomic Integration and International Trade","robots":{"index":"index","follow":"follow","max-snippet":"max-snippet:-1","max-image-preview":"max-image-preview:large","max-video-preview":"max-video-preview:-1"},"canonical":"https:\/\/f-integral.org\/es\/asistencia-tecnica\/","og_locale":"es_ES","og_type":"article","og_title":"Asistencia T\u00e9cnica - Center of Studies onEconomic Integration and International Trade","og_description":"PROGRAMAS DE ASISTENCIA T\u00c9CNICA En el \u00e1mbito de la Asistencia T\u00e9cnica, Integral cuenta con variados antecedentes de actuaci\u00f3n en el hemisferio. A solicitud de gobiernos y de diversas entidades &#8211; tales como organizaciones empresariales u otras organizaciones de la Sociedad Civil &#8211; se han preparado y realizado actividades de asistencia &hellip;","og_url":"https:\/\/f-integral.org\/es\/asistencia-tecnica\/","og_site_name":"Center of Studies onEconomic Integration and International Trade","article_publisher":"https:\/\/www.facebook.com\/fInteg","article_modified_time":"2017-04-07T17:19:58+00:00","og_image":[{"url":"http:\/\/f-integral.org\/wp-content\/uploads\/2016\/12\/ISPRI-a1.jpg","type":"","width":"","height":""}],"twitter_card":"summary_large_image","twitter_site":"@Integral2013","twitter_misc":{"Tiempo de lectura":"2 minutos"},"schema":{"@context":"https:\/\/schema.org","@graph":[{"@type":"WebPage","@id":"https:\/\/f-integral.org\/es\/asistencia-tecnica\/","url":"https:\/\/f-integral.org\/es\/asistencia-tecnica\/","name":"Asistencia T\u00e9cnica - Center of Studies onEconomic Integration and International Trade","isPartOf":{"@id":"https:\/\/f-integral.org\/#website"},"primaryImageOfPage":{"@id":"https:\/\/f-integral.org\/es\/asistencia-tecnica\/#primaryimage"},"image":{"@id":"https:\/\/f-integral.org\/es\/asistencia-tecnica\/#primaryimage"},"thumbnailUrl":"http:\/\/f-integral.org\/wp-content\/uploads\/2016\/12\/ISPRI-a1.jpg","datePublished":"2016-12-16T17:08:27+00:00","dateModified":"2017-04-07T17:19:58+00:00","breadcrumb":{"@id":"https:\/\/f-integral.org\/es\/asistencia-tecnica\/#breadcrumb"},"inLanguage":"es","potentialAction":[{"@type":"ReadAction","target":["https:\/\/f-integral.org\/es\/asistencia-tecnica\/"]}]},{"@type":"ImageObject","inLanguage":"es","@id":"https:\/\/f-integral.org\/es\/asistencia-tecnica\/#primaryimage","url":"http:\/\/f-integral.org\/wp-content\/uploads\/2016\/12\/ISPRI-a1.jpg","contentUrl":"http:\/\/f-integral.org\/wp-content\/uploads\/2016\/12\/ISPRI-a1.jpg"},{"@type":"BreadcrumbList","@id":"https:\/\/f-integral.org\/es\/asistencia-tecnica\/#breadcrumb","itemListElement":[{"@type":"ListItem","position":1,"name":"Home","item":"https:\/\/f-integral.org\/es\/"},{"@type":"ListItem","position":2,"name":"Asistencia T\u00e9cnica"}]},{"@type":"WebSite","@id":"https:\/\/f-integral.org\/#website","url":"https:\/\/f-integral.org\/","name":"Center of Studies onEconomic Integration and International Trade","description":"INTEGRAL Site","publisher":{"@id":"https:\/\/f-integral.org\/#organization"},"potentialAction":[{"@type":"SearchAction","target":{"@type":"EntryPoint","urlTemplate":"https:\/\/f-integral.org\/?s={search_term_string}"},"query-input":{"@type":"PropertyValueSpecification","valueRequired":true,"valueName":"search_term_string"}}],"inLanguage":"es"},{"@type":"Organization","@id":"https:\/\/f-integral.org\/#organization","name":"Center of Studies on Economic Integration and International Trade","url":"https:\/\/f-integral.org\/","logo":{"@type":"ImageObject","inLanguage":"es","@id":"https:\/\/f-integral.org\/#\/schema\/logo\/image\/","url":"https:\/\/f-integral.org\/wp-content\/uploads\/2017\/05\/Integral_Favicon.jpg","contentUrl":"https:\/\/f-integral.org\/wp-content\/uploads\/2017\/05\/Integral_Favicon.jpg","width":512,"height":512,"caption":"Center of Studies on Economic Integration and International Trade"},"image":{"@id":"https:\/\/f-integral.org\/#\/schema\/logo\/image\/"},"sameAs":["https:\/\/www.facebook.com\/fInteg","https:\/\/x.com\/Integral2013","https:\/\/twitter.com\/Integral2013"]}]}},"_links":{"self":[{"href":"https:\/\/f-integral.org\/es\/wp-json\/wp\/v2\/pages\/974","targetHints":{"allow":["GET"]}}],"collection":[{"href":"https:\/\/f-integral.org\/es\/wp-json\/wp\/v2\/pages"}],"about":[{"href":"https:\/\/f-integral.org\/es\/wp-json\/wp\/v2\/types\/page"}],"author":[{"embeddable":true,"href":"https:\/\/f-integral.org\/es\/wp-json\/wp\/v2\/users\/31"}],"replies":[{"embeddable":true,"href":"https:\/\/f-integral.org\/es\/wp-json\/wp\/v2\/comments?post=974"}],"version-history":[{"count":0,"href":"https:\/\/f-integral.org\/es\/wp-json\/wp\/v2\/pages\/974\/revisions"}],"wp:attachment":[{"href":"https:\/\/f-integral.org\/es\/wp-json\/wp\/v2\/media?parent=974"}],"curies":[{"name":"wp","href":"https:\/\/api.w.org\/{rel}","templated":true}]}}