{"id":992,"date":"2016-12-16T17:14:50","date_gmt":"2016-12-16T17:14:50","guid":{"rendered":"http:\/\/f-integral.org\/services-offered\/commercial-and-regulatory-intelligence\/"},"modified":"2018-08-30T22:45:49","modified_gmt":"2018-08-30T22:45:49","slug":"inteligencia-comercial-y-regulatoria","status":"publish","type":"page","link":"https:\/\/f-integral.org\/es\/inteligencia-comercial-y-regulatoria\/","title":{"rendered":"Inteligencia comercial y regulatoria"},"content":{"rendered":"<p><span style=\"font-family: verdana, geneva, sans-serif; font-size: 10pt;\">La creciente globalizaci\u00f3n del comercio y el intercambio comercial, as\u00ed como la internacionalizaci\u00f3n de la producci\u00f3n, hacen que la inteligencia regulatoria sea una necesidad cuando se persigue el acceso a cualquier mercado, debido a que muchos sectores econ\u00f3micos, por su naturaleza, est\u00e1n regulados en todos los mercados nacionales. Es asimismo importante considerar que dentro de Am\u00e9rica Latina esos sectores presentan regulaciones muy diferentes, tanto por sus caracter\u00edsticas como por su exigencia de cumplimiento.<\/span><\/p>\n<p><span style=\"font-family: verdana, geneva, sans-serif; font-size: 10pt;\">Por lo tanto, es de suma importancia para los actores de esos sectores contar con informaci\u00f3n detallada sobre dichas regulaciones incluso antes de pensar en ingresar al mercado (o al momento de decidir comercializar sus productos) y comprender c\u00f3mo estas regulaciones afectar\u00e1n tanto el cronograma de operaci\u00f3n as\u00ed como su costo.<\/span><\/p>\n<p>&nbsp;<\/p>\n<p><span style=\"font-family: verdana, geneva, sans-serif; font-size: 10pt;\">Una visi\u00f3n experta de los requisitos exigibles y los plazos para completar su cumplimiento facilitar\u00e1 el logro de los objetivos del plan de inserci\u00f3n en el mercado<\/span>.<\/p>\n<p>&nbsp;<\/p>\n<h5><span style=\"color: #000080;\"><strong>Sectores regulados en los cuales el know-how de INTEGRAL es un factor clave para el desarrollo de su negocio<\/strong><\/span><\/h5>\n<p>&nbsp;<\/p>\n<h5><span style=\"color: #000080;\"><strong>&#8211; Sector Farmac\u00e9utico<\/strong><\/span><\/h5>\n<p>Aunque se encuentran en curso m\u00faltiples esfuerzos internacionales para armonizar la regulaci\u00f3n de productos farmac\u00e9uticos, tanto en las uniones aduaneras como entre pa\u00edses, de manera<img loading=\"lazy\" decoding=\"async\" class=\"alignright wp-image-1708 size-thumbnail\" src=\"http:\/\/f-integral.org\/wp-content\/uploads\/2018\/08\/Agriculture-150x150.jpg\" alt=\"\" width=\"150\" height=\"150\" \/>\u00a0de facilitar el acceso de los pacientes a los medicamentos, las regulaciones para productos farmac\u00e9uticos a\u00fan son muy diferentes de pa\u00eds a pa\u00eds, tanto en lo que se refiere a las normas como a los\u00a0procedimientos. Esto es particularmente cierto entre los pa\u00edses de Am\u00e9rica\u00a0Latina, principalmente para los productos biol\u00f3gicos, los biosimilares, los biotecnol\u00f3gicos y las drogas hu\u00e9rfanas y las desatendidas.<\/p>\n<p>&nbsp;<\/p>\n<h5><span style=\"color: #000080;\"><strong>&#8211; Sector Energ\u00e9tico<\/strong><\/span><\/h5>\n<p>&nbsp;<\/p>\n<p>&nbsp;<\/p>\n","protected":false},"excerpt":{"rendered":"<p>La creciente globalizaci\u00f3n del comercio y el intercambio comercial, as\u00ed como la internacionalizaci\u00f3n de la producci\u00f3n, hacen que la inteligencia regulatoria sea una necesidad cuando se persigue el acceso a cualquier mercado, debido a que muchos sectores econ\u00f3micos, por su naturaleza, est\u00e1n regulados en todos los mercados nacionales. Es asimismo &hellip;<\/p>\n","protected":false},"author":31,"featured_media":0,"parent":0,"menu_order":0,"comment_status":"closed","ping_status":"closed","template":"","meta":{"footnotes":""},"class_list":["post-992","page","type-page","status-publish","hentry"],"yoast_head":"<!-- This site is optimized with the Yoast SEO plugin v27.2 - https:\/\/yoast.com\/product\/yoast-seo-wordpress\/ -->\n<title>Inteligencia comercial y regulatoria - Center of Studies onEconomic Integration and International Trade<\/title>\n<meta name=\"robots\" content=\"index, follow, max-snippet:-1, max-image-preview:large, max-video-preview:-1\" \/>\n<link rel=\"canonical\" href=\"https:\/\/f-integral.org\/es\/inteligencia-comercial-y-regulatoria\/\" \/>\n<meta property=\"og:locale\" content=\"es_ES\" \/>\n<meta property=\"og:type\" content=\"article\" \/>\n<meta property=\"og:title\" content=\"Inteligencia comercial y regulatoria - Center of Studies onEconomic Integration and International Trade\" \/>\n<meta property=\"og:description\" content=\"La creciente globalizaci\u00f3n del comercio y el intercambio comercial, as\u00ed como la internacionalizaci\u00f3n de la producci\u00f3n, hacen que la inteligencia regulatoria sea una necesidad cuando se persigue el acceso a cualquier mercado, debido a que muchos sectores econ\u00f3micos, por su naturaleza, est\u00e1n regulados en todos los mercados nacionales. Es asimismo &hellip;\" \/>\n<meta property=\"og:url\" content=\"https:\/\/f-integral.org\/es\/inteligencia-comercial-y-regulatoria\/\" \/>\n<meta property=\"og:site_name\" content=\"Center of Studies onEconomic Integration and International Trade\" \/>\n<meta property=\"article:publisher\" content=\"https:\/\/www.facebook.com\/fInteg\" \/>\n<meta property=\"article:modified_time\" content=\"2018-08-30T22:45:49+00:00\" \/>\n<meta property=\"og:image\" content=\"http:\/\/f-integral.org\/wp-content\/uploads\/2018\/08\/Agriculture-150x150.jpg\" \/>\n<meta name=\"twitter:card\" content=\"summary_large_image\" \/>\n<meta name=\"twitter:site\" content=\"@Integral2013\" \/>\n<meta name=\"twitter:label1\" content=\"Tiempo de lectura\" \/>\n\t<meta name=\"twitter:data1\" content=\"1 minuto\" \/>\n<script type=\"application\/ld+json\" class=\"yoast-schema-graph\">{\"@context\":\"https:\/\/schema.org\",\"@graph\":[{\"@type\":\"WebPage\",\"@id\":\"https:\/\/f-integral.org\/es\/inteligencia-comercial-y-regulatoria\/\",\"url\":\"https:\/\/f-integral.org\/es\/inteligencia-comercial-y-regulatoria\/\",\"name\":\"Inteligencia comercial y regulatoria - Center of Studies onEconomic Integration and International Trade\",\"isPartOf\":{\"@id\":\"https:\/\/f-integral.org\/#website\"},\"primaryImageOfPage\":{\"@id\":\"https:\/\/f-integral.org\/es\/inteligencia-comercial-y-regulatoria\/#primaryimage\"},\"image\":{\"@id\":\"https:\/\/f-integral.org\/es\/inteligencia-comercial-y-regulatoria\/#primaryimage\"},\"thumbnailUrl\":\"http:\/\/f-integral.org\/wp-content\/uploads\/2018\/08\/Agriculture-150x150.jpg\",\"datePublished\":\"2016-12-16T17:14:50+00:00\",\"dateModified\":\"2018-08-30T22:45:49+00:00\",\"breadcrumb\":{\"@id\":\"https:\/\/f-integral.org\/es\/inteligencia-comercial-y-regulatoria\/#breadcrumb\"},\"inLanguage\":\"es\",\"potentialAction\":[{\"@type\":\"ReadAction\",\"target\":[\"https:\/\/f-integral.org\/es\/inteligencia-comercial-y-regulatoria\/\"]}]},{\"@type\":\"ImageObject\",\"inLanguage\":\"es\",\"@id\":\"https:\/\/f-integral.org\/es\/inteligencia-comercial-y-regulatoria\/#primaryimage\",\"url\":\"http:\/\/f-integral.org\/wp-content\/uploads\/2018\/08\/Agriculture-150x150.jpg\",\"contentUrl\":\"http:\/\/f-integral.org\/wp-content\/uploads\/2018\/08\/Agriculture-150x150.jpg\"},{\"@type\":\"BreadcrumbList\",\"@id\":\"https:\/\/f-integral.org\/es\/inteligencia-comercial-y-regulatoria\/#breadcrumb\",\"itemListElement\":[{\"@type\":\"ListItem\",\"position\":1,\"name\":\"Home\",\"item\":\"https:\/\/f-integral.org\/es\/\"},{\"@type\":\"ListItem\",\"position\":2,\"name\":\"Inteligencia comercial y regulatoria\"}]},{\"@type\":\"WebSite\",\"@id\":\"https:\/\/f-integral.org\/#website\",\"url\":\"https:\/\/f-integral.org\/\",\"name\":\"Center of Studies onEconomic Integration and International Trade\",\"description\":\"INTEGRAL Site\",\"publisher\":{\"@id\":\"https:\/\/f-integral.org\/#organization\"},\"potentialAction\":[{\"@type\":\"SearchAction\",\"target\":{\"@type\":\"EntryPoint\",\"urlTemplate\":\"https:\/\/f-integral.org\/?s={search_term_string}\"},\"query-input\":{\"@type\":\"PropertyValueSpecification\",\"valueRequired\":true,\"valueName\":\"search_term_string\"}}],\"inLanguage\":\"es\"},{\"@type\":\"Organization\",\"@id\":\"https:\/\/f-integral.org\/#organization\",\"name\":\"Center of Studies on Economic Integration and International Trade\",\"url\":\"https:\/\/f-integral.org\/\",\"logo\":{\"@type\":\"ImageObject\",\"inLanguage\":\"es\",\"@id\":\"https:\/\/f-integral.org\/#\/schema\/logo\/image\/\",\"url\":\"https:\/\/f-integral.org\/wp-content\/uploads\/2017\/05\/Integral_Favicon.jpg\",\"contentUrl\":\"https:\/\/f-integral.org\/wp-content\/uploads\/2017\/05\/Integral_Favicon.jpg\",\"width\":512,\"height\":512,\"caption\":\"Center of Studies on Economic Integration and International Trade\"},\"image\":{\"@id\":\"https:\/\/f-integral.org\/#\/schema\/logo\/image\/\"},\"sameAs\":[\"https:\/\/www.facebook.com\/fInteg\",\"https:\/\/x.com\/Integral2013\",\"https:\/\/twitter.com\/Integral2013\"]}]}<\/script>\n<!-- \/ Yoast SEO plugin. -->","yoast_head_json":{"title":"Inteligencia comercial y regulatoria - Center of Studies onEconomic Integration and International Trade","robots":{"index":"index","follow":"follow","max-snippet":"max-snippet:-1","max-image-preview":"max-image-preview:large","max-video-preview":"max-video-preview:-1"},"canonical":"https:\/\/f-integral.org\/es\/inteligencia-comercial-y-regulatoria\/","og_locale":"es_ES","og_type":"article","og_title":"Inteligencia comercial y regulatoria - Center of Studies onEconomic Integration and International Trade","og_description":"La creciente globalizaci\u00f3n del comercio y el intercambio comercial, as\u00ed como la internacionalizaci\u00f3n de la producci\u00f3n, hacen que la inteligencia regulatoria sea una necesidad cuando se persigue el acceso a cualquier mercado, debido a que muchos sectores econ\u00f3micos, por su naturaleza, est\u00e1n regulados en todos los mercados nacionales. Es asimismo &hellip;","og_url":"https:\/\/f-integral.org\/es\/inteligencia-comercial-y-regulatoria\/","og_site_name":"Center of Studies onEconomic Integration and International Trade","article_publisher":"https:\/\/www.facebook.com\/fInteg","article_modified_time":"2018-08-30T22:45:49+00:00","og_image":[{"url":"http:\/\/f-integral.org\/wp-content\/uploads\/2018\/08\/Agriculture-150x150.jpg","type":"","width":"","height":""}],"twitter_card":"summary_large_image","twitter_site":"@Integral2013","twitter_misc":{"Tiempo de lectura":"1 minuto"},"schema":{"@context":"https:\/\/schema.org","@graph":[{"@type":"WebPage","@id":"https:\/\/f-integral.org\/es\/inteligencia-comercial-y-regulatoria\/","url":"https:\/\/f-integral.org\/es\/inteligencia-comercial-y-regulatoria\/","name":"Inteligencia comercial y regulatoria - Center of Studies onEconomic Integration and International Trade","isPartOf":{"@id":"https:\/\/f-integral.org\/#website"},"primaryImageOfPage":{"@id":"https:\/\/f-integral.org\/es\/inteligencia-comercial-y-regulatoria\/#primaryimage"},"image":{"@id":"https:\/\/f-integral.org\/es\/inteligencia-comercial-y-regulatoria\/#primaryimage"},"thumbnailUrl":"http:\/\/f-integral.org\/wp-content\/uploads\/2018\/08\/Agriculture-150x150.jpg","datePublished":"2016-12-16T17:14:50+00:00","dateModified":"2018-08-30T22:45:49+00:00","breadcrumb":{"@id":"https:\/\/f-integral.org\/es\/inteligencia-comercial-y-regulatoria\/#breadcrumb"},"inLanguage":"es","potentialAction":[{"@type":"ReadAction","target":["https:\/\/f-integral.org\/es\/inteligencia-comercial-y-regulatoria\/"]}]},{"@type":"ImageObject","inLanguage":"es","@id":"https:\/\/f-integral.org\/es\/inteligencia-comercial-y-regulatoria\/#primaryimage","url":"http:\/\/f-integral.org\/wp-content\/uploads\/2018\/08\/Agriculture-150x150.jpg","contentUrl":"http:\/\/f-integral.org\/wp-content\/uploads\/2018\/08\/Agriculture-150x150.jpg"},{"@type":"BreadcrumbList","@id":"https:\/\/f-integral.org\/es\/inteligencia-comercial-y-regulatoria\/#breadcrumb","itemListElement":[{"@type":"ListItem","position":1,"name":"Home","item":"https:\/\/f-integral.org\/es\/"},{"@type":"ListItem","position":2,"name":"Inteligencia comercial y regulatoria"}]},{"@type":"WebSite","@id":"https:\/\/f-integral.org\/#website","url":"https:\/\/f-integral.org\/","name":"Center of Studies onEconomic Integration and International Trade","description":"INTEGRAL Site","publisher":{"@id":"https:\/\/f-integral.org\/#organization"},"potentialAction":[{"@type":"SearchAction","target":{"@type":"EntryPoint","urlTemplate":"https:\/\/f-integral.org\/?s={search_term_string}"},"query-input":{"@type":"PropertyValueSpecification","valueRequired":true,"valueName":"search_term_string"}}],"inLanguage":"es"},{"@type":"Organization","@id":"https:\/\/f-integral.org\/#organization","name":"Center of Studies on Economic Integration and International Trade","url":"https:\/\/f-integral.org\/","logo":{"@type":"ImageObject","inLanguage":"es","@id":"https:\/\/f-integral.org\/#\/schema\/logo\/image\/","url":"https:\/\/f-integral.org\/wp-content\/uploads\/2017\/05\/Integral_Favicon.jpg","contentUrl":"https:\/\/f-integral.org\/wp-content\/uploads\/2017\/05\/Integral_Favicon.jpg","width":512,"height":512,"caption":"Center of Studies on Economic Integration and International Trade"},"image":{"@id":"https:\/\/f-integral.org\/#\/schema\/logo\/image\/"},"sameAs":["https:\/\/www.facebook.com\/fInteg","https:\/\/x.com\/Integral2013","https:\/\/twitter.com\/Integral2013"]}]}},"_links":{"self":[{"href":"https:\/\/f-integral.org\/es\/wp-json\/wp\/v2\/pages\/992","targetHints":{"allow":["GET"]}}],"collection":[{"href":"https:\/\/f-integral.org\/es\/wp-json\/wp\/v2\/pages"}],"about":[{"href":"https:\/\/f-integral.org\/es\/wp-json\/wp\/v2\/types\/page"}],"author":[{"embeddable":true,"href":"https:\/\/f-integral.org\/es\/wp-json\/wp\/v2\/users\/31"}],"replies":[{"embeddable":true,"href":"https:\/\/f-integral.org\/es\/wp-json\/wp\/v2\/comments?post=992"}],"version-history":[{"count":0,"href":"https:\/\/f-integral.org\/es\/wp-json\/wp\/v2\/pages\/992\/revisions"}],"wp:attachment":[{"href":"https:\/\/f-integral.org\/es\/wp-json\/wp\/v2\/media?parent=992"}],"curies":[{"name":"wp","href":"https:\/\/api.w.org\/{rel}","templated":true}]}}